{"id":5824,"date":"2014-11-01T17:31:12","date_gmt":"2014-11-01T16:31:12","guid":{"rendered":"https:\/\/spielleute.de\/las-cuatro-estaciones-lautunno-el-otono-volumen-3\/"},"modified":"2025-04-30T16:25:22","modified_gmt":"2025-04-30T14:25:22","slug":"las-cuatro-estaciones-lautunno-el-otono-volumen-3","status":"publish","type":"product","link":"https:\/\/spielleute.de\/es\/las-cuatro-estaciones-lautunno-el-otono-volumen-3\/","title":{"rendered":"Las Cuatro Estaciones &#8211; L&#8217;Autunno \/ El Oto\u00f1o &#8211; Volumen 3"},"content":{"rendered":"<p>L&#8217;Autunno, el Oto\u00f1o, es el tercer concierto del famoso ciclo de Antonio Vivaldi \u00abLas Cuatro Estaciones\u00bb. Esta colecci\u00f3n est\u00e1 considerada una de las obras m\u00e1s importantes de la m\u00fasica barroca y no ha perdido nada de su fascinaci\u00f3n hasta nuestros d\u00edas. En nuestra publicaci\u00f3n \u00abLas Cuatro Estaciones &#8211; L&#8217;Autunno \/ El Oto\u00f1o &#8211; Volumen 3\u00bb para el Curso de Danza e Instrumental de Brensbach 2014, te presentamos un arreglo fresco y vivo de esta obra maestra de Eva-Maria Rusche y Marco Ambrosini.  <\/p>\n<h3>La conexi\u00f3n con la naturaleza<\/h3>\n<p>Vivaldi ya incorpor\u00f3 el sonido de la gaita a su m\u00fasica cuando compuso el Concierto de Primavera, la primera de las Cuatro Estaciones. La representaci\u00f3n de escenas rurales y de la naturaleza virgen, que desempe\u00f1\u00f3 un papel importante en el siglo XVIII a medida que aumentaba la civilizaci\u00f3n, se encuentra en los cuatro conciertos. Estas obras reflejan no s\u00f3lo la belleza de la naturaleza, sino tambi\u00e9n el alma humana y sus diversos estados. Vivaldi, que desempe\u00f1\u00f3 un papel pionero en la m\u00fasica program\u00e1tica en Italia, utiliz\u00f3 la m\u00fasica como medio para contar historias y transmitir emociones.   <\/p>\n<h3>Una fuente de inspiraci\u00f3n: Marco Ricci<\/h3>\n<p>Es posible que Vivaldi obtuviera la idea de las estaciones de su amistad con el pintor veneciano Marco Ricci, conocido por sus pinturas de paisajes y escenograf\u00edas. Esta conexi\u00f3n art\u00edstica entre m\u00fasica y pintura demuestra lo arraigadas que estaban la naturaleza y su representaci\u00f3n en la cultura barroca. <\/p>\n<h3>El reto de procesar<\/h3>\n<p>El arreglo de \u00abLas Cuatro Estaciones &#8211; L&#8217;Autunno \/ El Oto\u00f1o &#8211; Volumen 3\u00bb para gaita (H\u00fcmmelchen o Dudey en afinaci\u00f3n C\/F), viola y bajo continuo supuso un reto especial. Debido al alcance limitado de las gaitas, hubo que adaptar u omitir algunos pasajes por razones t\u00e9cnicas y arm\u00f3nicas. A pesar de estas adaptaciones, los arreglistas consiguieron conservar la estructura caracter\u00edstica y el contenido emocional de la obra.  <\/p>\n<h3>Versatilidad en la instrumentaci\u00f3n<\/h3>\n<p>La parte de la viola se puede componer de forma flexible con una viola da gamba, una viola o un viol\u00edn de cuatro cuerdas (nyckelharpa). Un clavicordio u otro instrumento adecuado es ideal para la parte del continuo, dando al conjunto una profundidad tonal a\u00fan mayor. <\/p>\n<h3>Variedad de contenidos y consejos pr\u00e1cticos<\/h3>\n<p>Adem\u00e1s de una explicaci\u00f3n introductoria, el folleto contiene todo lo que necesitas para una interpretaci\u00f3n: la partitura, partes individuales para cada instrumento e informaci\u00f3n valiosa sobre las gaitas utilizadas. As\u00ed, estar\u00e1s perfectamente equipado para dar vida a este arreglo \u00fanico de \u00abL&#8217;Autunno\u00bb. <\/p>\n<h3>Acerca de Dudey &amp; H\u00fcmmelchen<\/h3>\n<p>Este lanzamiento no s\u00f3lo ofrece una nueva interpretaci\u00f3n musical, sino tambi\u00e9n la oportunidad de conocer mejor el fascinante mundo de las gaitas, especialmente la H\u00fcmmelchen y la Dudey. Estos instrumentos tradicionales aportan un encanto \u00fanico a la m\u00fasica y dan al Oto\u00f1o de Vivaldi un toque muy especial. <\/p>\n<p>Con esta edici\u00f3n de \u00abLas Cuatro Estaciones &#8211; L&#8217;Autunno \/ El Oto\u00f1o &#8211; Volumen 3\u00bb te invitamos a experimentar la obra maestra de Vivaldi desde una nueva perspectiva. El creativo arreglo para gaita y la parte adicional de viola y bajo continuo abren nuevas dimensiones tonales y hacen de este arreglo una obra imprescindible para todo amante de la m\u00fasica barroca y de los instrumentos de viento tradicionales. <\/p>\n","protected":false},"excerpt":{"rendered":"<p>Arreglo para 4 Dudey o H\u00fcmmelchen, Viola y Bajo Continuo<\/p>\n","protected":false},"featured_media":5825,"comment_status":"closed","ping_status":"closed","template":"","meta":[],"product_brand":[],"product_cat":[1027],"product_tag":[1092,1087,1083],"class_list":{"0":"post-5824","1":"product","2":"type-product","3":"status-publish","4":"has-post-thumbnail","6":"product_cat-partituras","7":"product_tag-musica-antigua","8":"product_tag-musica-barroca","9":"product_tag-partituras-de-huemmelchen-y-dudey","10":"pa_b035_a01_b037-eva-maria-rusche-es","11":"pa_b035_a01_b037-marco-ambrosini-es","13":"first","14":"instock","15":"taxable","16":"shipping-taxable","17":"purchasable","18":"product-type-simple"},"_links":{"self":[{"href":"https:\/\/spielleute.de\/es\/wp-json\/wp\/v2\/product\/5824","targetHints":{"allow":["GET"]}}],"collection":[{"href":"https:\/\/spielleute.de\/es\/wp-json\/wp\/v2\/product"}],"about":[{"href":"https:\/\/spielleute.de\/es\/wp-json\/wp\/v2\/types\/product"}],"replies":[{"embeddable":true,"href":"https:\/\/spielleute.de\/es\/wp-json\/wp\/v2\/comments?post=5824"}],"wp:featuredmedia":[{"embeddable":true,"href":"https:\/\/spielleute.de\/es\/wp-json\/wp\/v2\/media\/5825"}],"wp:attachment":[{"href":"https:\/\/spielleute.de\/es\/wp-json\/wp\/v2\/media?parent=5824"}],"wp:term":[{"taxonomy":"product_brand","embeddable":true,"href":"https:\/\/spielleute.de\/es\/wp-json\/wp\/v2\/product_brand?post=5824"},{"taxonomy":"product_cat","embeddable":true,"href":"https:\/\/spielleute.de\/es\/wp-json\/wp\/v2\/product_cat?post=5824"},{"taxonomy":"product_tag","embeddable":true,"href":"https:\/\/spielleute.de\/es\/wp-json\/wp\/v2\/product_tag?post=5824"}],"curies":[{"name":"wp","href":"https:\/\/api.w.org\/{rel}","templated":true}]}}