{"id":5821,"date":"1995-10-02T17:31:51","date_gmt":"1995-10-02T16:31:51","guid":{"rendered":"https:\/\/spielleute.de\/joannes-de-gruijtters-1746\/"},"modified":"2025-04-30T16:24:19","modified_gmt":"2025-04-30T14:24:19","slug":"joannes-de-gruijtters-1746","status":"publish","type":"product","link":"https:\/\/spielleute.de\/es\/joannes-de-gruijtters-1746\/","title":{"rendered":"Joannes de Gruijtters 1746"},"content":{"rendered":"<p>El carill\u00f3n es un instrumento musical popular desde hace m\u00e1s de 400 a\u00f1os, sobre todo en Holanda, y ha sobrevivido hasta nuestros d\u00edas. Muchas ciudades siguen teniendo un \u00abstadsbeiaardier\u00bb, un carillonero contratado por la ciudad, cuyas melod\u00edas llenan las plazas los fines de semana y los d\u00edas de mercado. <\/p>\n<h3>Rareza de las colecciones hist\u00f3ricas<\/h3>\n<p>Sin embargo, s\u00f3lo se conservan tres colecciones de m\u00fasica para este instrumento. Entre ellas figuran obras de Berkhuis, Matthias van der Gheyn y Joannes de Gruijtters, adem\u00e1s de campanas tocadas mec\u00e1nicamente. <\/p>\n<p>Del manuscrito del carillonero de la ciudad de Amberes Joannes de Gruijtters (1709 &#8211; 1772), el autor ha seleccionado para esta edici\u00f3n 59 de las piezas a dos voces anotadas en \u00abJoannes de Gruijtters 1746\u00bb. Estas piezas se utilizaban a menudo como ayuda memoria y no estaban destinadas a una publicaci\u00f3n generalizada, lo que explica su rareza y especial valor en la actualidad. <\/p>\n<h3>Gu\u00eda de interpretaci\u00f3n aut\u00e9ntica<\/h3>\n<p>Los ornamentos que figuran en el manuscrito original se explican detalladamente con ejemplos de c\u00f3mo tocarlos. Esto te permitir\u00e1 tocar la m\u00fasica con autenticidad y perfeccionar tus interpretaciones. <\/p>\n<p>Las bell\u00edsimas melod\u00edas de \u00abJoannes de Gruijtters 1746\u00bb son adecuadas para tocarlas con todos los instrumentos mel\u00f3dicos, pero tambi\u00e9n con instrumentos de bord\u00f3n como la gaita y la zanfona. Ofrecen una aplicaci\u00f3n flexible para una amplia gama de instrumentos musicales y ampl\u00edan as\u00ed los posibles usos de estas piezas hist\u00f3ricas. <\/p>\n<p>El libro est\u00e1 ilustrado con numerosos dibujos del autor. Estas ilustraciones no s\u00f3lo enriquecen la experiencia visual, sino que tambi\u00e9n proporcionan una visi\u00f3n de la interpretaci\u00f3n art\u00edstica de la m\u00fasica y de su \u00e9poca. <\/p>\n<h3>Autor e ilustrador<\/h3>\n<p>Rolf Janssen, que seleccion\u00f3, edit\u00f3 e ilustr\u00f3 las piezas mediante una edici\u00f3n facs\u00edmil, naci\u00f3 en Holanda y lleva muchos a\u00f1os estudiando la m\u00fasica tradicional de su tierra natal, publicando varios libros y colecciones de partituras. Sus profundos conocimientos y su pasi\u00f3n por la m\u00fasica tradicional dan a esta obra una voz aut\u00e9ntica. Vive como profesor de arte y artista independiente desde 1985. Sus habilidades art\u00edsticas y musicales fluyen en cada detalle de esta cuidada colecci\u00f3n \u00abJoannes de Gruijtters 1746\u00bb.   <\/p>\n<h3>Detalles musicales<\/h3>\n<p>Las melod\u00edas de \u00abJoannes de Gruijtters 1746\u00bb son andantes, minuetos, marchas, gigas, danzas de contrapunto y otras melod\u00edas que no superan o superan ligeramente el rango de una octava. Esta variedad permite a m\u00fasicos de distintos niveles de habilidad explorar y disfrutar de las piezas. La mayor\u00eda se dejan en la tonalidad original y se anotan en Do o Sol mayor. Esto preserva el car\u00e1cter hist\u00f3rico de la m\u00fasica al tiempo que proporciona una forma accesible para los m\u00fasicos. El bajo continuo, o la parte de acompa\u00f1amiento, est\u00e1 en una octava m\u00e1s alta para facilitar la lectura. Este ajuste pr\u00e1ctico hace que la m\u00fasica sea m\u00e1s f\u00e1cil de leer y de tocar juntos.     <\/p>\n<h3>Invitaci\u00f3n al descubrimiento musical<\/h3>\n<p>\u00abJoannes de Gruijtters 1746\u00bb te invita a formar parte de una tradici\u00f3n musical profundamente arraigada en la cultura europea. Esta colecci\u00f3n no s\u00f3lo es un testimonio de la historia musical, sino que tambi\u00e9n ofrece una oportunidad \u00fanica de experimentar e interpretar la diversidad y belleza de la m\u00fasica del siglo XVIII. Aprovecha la oportunidad de ampliar tus habilidades musicales y experimentar la m\u00fasica hist\u00f3rica con autenticidad.  <\/p>\n","protected":false},"excerpt":{"rendered":"<p>59 piezas a dos voces para instrumentos mel\u00f3dicos<\/p>\n","protected":false},"featured_media":5822,"comment_status":"closed","ping_status":"closed","template":"","meta":[],"product_brand":[],"product_cat":[1027],"product_tag":[1086,1183,1093,1099],"class_list":{"0":"post-5821","1":"product","2":"type-product","3":"status-publish","4":"has-post-thumbnail","6":"product_cat-partituras","7":"product_tag-musica-drone","8":"product_tag-musica-tradicional-de-los-paises-bajos","9":"product_tag-partituras-para-acordeon-diatonico","10":"product_tag-partituras-para-zanfona","11":"pa_b035_a01_b037-rolf-janssen-es","13":"first","14":"instock","15":"taxable","16":"shipping-taxable","17":"purchasable","18":"product-type-simple"},"_links":{"self":[{"href":"https:\/\/spielleute.de\/es\/wp-json\/wp\/v2\/product\/5821","targetHints":{"allow":["GET"]}}],"collection":[{"href":"https:\/\/spielleute.de\/es\/wp-json\/wp\/v2\/product"}],"about":[{"href":"https:\/\/spielleute.de\/es\/wp-json\/wp\/v2\/types\/product"}],"replies":[{"embeddable":true,"href":"https:\/\/spielleute.de\/es\/wp-json\/wp\/v2\/comments?post=5821"}],"wp:featuredmedia":[{"embeddable":true,"href":"https:\/\/spielleute.de\/es\/wp-json\/wp\/v2\/media\/5822"}],"wp:attachment":[{"href":"https:\/\/spielleute.de\/es\/wp-json\/wp\/v2\/media?parent=5821"}],"wp:term":[{"taxonomy":"product_brand","embeddable":true,"href":"https:\/\/spielleute.de\/es\/wp-json\/wp\/v2\/product_brand?post=5821"},{"taxonomy":"product_cat","embeddable":true,"href":"https:\/\/spielleute.de\/es\/wp-json\/wp\/v2\/product_cat?post=5821"},{"taxonomy":"product_tag","embeddable":true,"href":"https:\/\/spielleute.de\/es\/wp-json\/wp\/v2\/product_tag?post=5821"}],"curies":[{"name":"wp","href":"https:\/\/api.w.org\/{rel}","templated":true}]}}