{"id":5812,"date":"2015-09-29T17:32:50","date_gmt":"2015-09-29T15:32:50","guid":{"rendered":"https:\/\/spielleute.de\/tabulaturas-nyckelharpa\/"},"modified":"2015-09-29T17:32:50","modified_gmt":"2015-09-29T15:32:50","slug":"tabulaturas-nyckelharpa","status":"publish","type":"product","link":"https:\/\/spielleute.de\/es\/tabulaturas-nyckelharpa\/","title":{"rendered":"Tabulaturas Nyckelharpa"},"content":{"rendered":"<p>\u00abNyckelharpa Tabulatures\u00bb contiene tablaturas, una forma de notaci\u00f3n musical que muestra las digitaciones del instrumento en lugar de las afinaciones. Tienen sus ra\u00edces en el siglo XIV. Desarrolladas originalmente para registrar la polifon\u00eda en la m\u00fasica, se utilizaron sobre todo en los periodos renacentista y barroco. No s\u00f3lo para instrumentos de cuerda como el la\u00fad y la guitarra, sino tambi\u00e9n para instrumentos de teclado y cuerda, las tablaturas constituyeron una base importante para la formaci\u00f3n y la pr\u00e1ctica musical. Hoy est\u00e1n experimentando un renacimiento en g\u00e9neros como el rock, el pop y el folk, ya que facilitan mucho el aprendizaje de los acordes b\u00e1sicos.    <\/p>\n<h3>La nyckelharpa y el barit\u00f3n: una simbiosis musical<\/h3>\n<p>El barit\u00f3n, un instrumento de cuerda con cuerdas mel\u00f3dicas y resonantes, permite acompa\u00f1ar melod\u00edas con arpegios y acordes, por lo que ofrece un complemento perfecto a la nyckelharpa. La versatilidad de la nyckelharpa, desde el contrapunto hasta el acompa\u00f1amiento mel\u00f3dico polif\u00f3nico, abre un amplio espectro de expresi\u00f3n musical. <\/p>\n<h3>La visi\u00f3n de Marco Suppo: la tradici\u00f3n se une a la innovaci\u00f3n<\/h3>\n<p>La iniciativa de Marco Suppo de crear una tablatura especial para la nyckelharpa combina de forma \u00fanica la pr\u00e1ctica musical tradicional con enfoques innovadores. Esta combinaci\u00f3n promete abrir nuevas perspectivas y t\u00e9cnicas de interpretaci\u00f3n tanto para int\u00e9rpretes experimentados como para principiantes. <\/p>\n<h3>El puente hacia la m\u00fasica: el teclado nyckelharpa<\/h3>\n<p>El teclado caracter\u00edstico de la nyckelharpa te permite tocar acordes y crear as\u00ed m\u00fasica polif\u00f3nica, una capacidad que hace que este instrumento sea tan especial. Las \u00abTabulaturas para nyckelharpa\u00bb de Marco Suppo te ofrecen una forma directa de aprovechar al m\u00e1ximo este potencial y a\u00f1adir nuevas dimensiones a tu forma de tocar. <\/p>\n<h3>Ampl\u00eda tu repertorio<\/h3>\n<p>Con tablaturas para los acordes m\u00e1s comunes -desde mayores y menores hasta aumentados y disminuidos-, el libro \u00abNyckelharpa Tabulatures\u00bb abre la puerta a nuevas formas de expresi\u00f3n musical. Ya sea como solista o en un conjunto, con estos patrones de digitaci\u00f3n y ejercicios puedes a\u00f1adir nuevos colores y estados de \u00e1nimo a cualquier estilo de m\u00fasica. <\/p>\n<h3>Imprescindible para todo jugador<\/h3>\n<p>En \u00abNyckelharpa Tabulatures\u00bb no s\u00f3lo encontrar\u00e1s una completa colecci\u00f3n de tablaturas en 200 p\u00e1ginas llenas de color, sino tambi\u00e9n ejercicios y digitaciones que perfeccionar\u00e1n tu t\u00e9cnica y profundizar\u00e1n tu comprensi\u00f3n del instrumento. Una introducci\u00f3n escrita por Marco Ambrosini sienta las bases de este revolucionario libro de texto. <\/p>\n<h3>Tu camino hacia la maestr\u00eda<\/h3>\n<p>Con \u00abNyckelharpa Tabulatures\u00bb en tus manos, tienes la clave para dominar los sonidos multicapa de la nyckelharpa. El enfoque espec\u00edfico en la nyckelharpa crom\u00e1tica de 4 filas con afinaci\u00f3n continental\/europea la convierte en una herramienta inigualable en la educaci\u00f3n musical. Aprovecha la oportunidad no s\u00f3lo para a\u00f1adir nuevas t\u00e9cnicas a tu forma de tocar, sino tambi\u00e9n para ampliar tu imaginaci\u00f3n musical. Todos los g\u00e9neros musicales ganar\u00e1n en profundidad y expresividad gracias a las habilidades que desarrollar\u00e1s con \u00abNyckelharpa Tabulatures\u00bb. <\/p>\n<h3>Un vistazo al contenido<\/h3>\n<ul>\n<li>Introducci\u00f3n: \u00bfPor qu\u00e9 tablaturas?<\/li>\n<li>Rese\u00f1a hist\u00f3rica: El desarrollo del viol\u00edn de tecla<\/li>\n<li>Tablaturas: Antecedentes hist\u00f3ricos<\/li>\n<li>Descripci\u00f3n del material: Leyenda<\/li>\n<li>Fichas de ejercicios y digitaciones: acordes mayores, menores, aumentados y disminuidos, as\u00ed como dominantes y suspendidos<\/li>\n<\/ul>\n<p>Explora las posibilidades musicales que yacen latentes en tu nyckelharpa con las \u00abTabulaturas para nyckelharpa\u00bb de Marco Suppo y dale a tu m\u00fasica colores y estados de \u00e1nimo nuevos e inesperados.<\/p>\n<h3>Piezas para tablatura<\/h3>\n<ul>\n<li>\u00ab&#8230;un enfoque revolucionario de nuestro instrumento, \u00a1un compendio indispensable para todo arpista nyckel!\u00bb &#8211; Marco Ambrosini<\/li>\n<li>\u00ab&#8230;\u00a1Un an\u00e1lisis muy completo de los acordes de la nyckelharpa! Absolutamente interesante cuando se toca en polifon\u00eda!\u00bb &#8211; Didider Fran\u00e7ois<\/li>\n<\/ul>\n","protected":false},"excerpt":{"rendered":"<p>Tablaturas para nyckelharpa crom\u00e1tica de 4 filas por Marco Suppo<\/p>\n","protected":false},"featured_media":5813,"comment_status":"closed","ping_status":"closed","template":"","meta":[],"product_brand":[],"product_cat":[1027],"product_tag":[1107,1087,1038],"class_list":{"0":"post-5812","1":"product","2":"type-product","3":"status-publish","4":"has-post-thumbnail","6":"product_cat-partituras","7":"product_tag-aprende-a-tocar-la-nyckelharpa","8":"product_tag-musica-barroca","9":"product_tag-musica-tradicional","10":"pa_b035_a01_b037-marco-suppo-es","12":"first","13":"outofstock","14":"taxable","15":"shipping-taxable","16":"purchasable","17":"product-type-simple"},"_links":{"self":[{"href":"https:\/\/spielleute.de\/es\/wp-json\/wp\/v2\/product\/5812","targetHints":{"allow":["GET"]}}],"collection":[{"href":"https:\/\/spielleute.de\/es\/wp-json\/wp\/v2\/product"}],"about":[{"href":"https:\/\/spielleute.de\/es\/wp-json\/wp\/v2\/types\/product"}],"replies":[{"embeddable":true,"href":"https:\/\/spielleute.de\/es\/wp-json\/wp\/v2\/comments?post=5812"}],"wp:featuredmedia":[{"embeddable":true,"href":"https:\/\/spielleute.de\/es\/wp-json\/wp\/v2\/media\/5813"}],"wp:attachment":[{"href":"https:\/\/spielleute.de\/es\/wp-json\/wp\/v2\/media?parent=5812"}],"wp:term":[{"taxonomy":"product_brand","embeddable":true,"href":"https:\/\/spielleute.de\/es\/wp-json\/wp\/v2\/product_brand?post=5812"},{"taxonomy":"product_cat","embeddable":true,"href":"https:\/\/spielleute.de\/es\/wp-json\/wp\/v2\/product_cat?post=5812"},{"taxonomy":"product_tag","embeddable":true,"href":"https:\/\/spielleute.de\/es\/wp-json\/wp\/v2\/product_tag?post=5812"}],"curies":[{"name":"wp","href":"https:\/\/api.w.org\/{rel}","templated":true}]}}