{"id":5807,"date":"2017-03-09T17:31:51","date_gmt":"2017-03-09T16:31:51","guid":{"rendered":"https:\/\/spielleute.de\/libro-de-texto-de-macege-para-gaita-escocesa\/"},"modified":"2017-03-09T17:31:51","modified_gmt":"2017-03-09T16:31:51","slug":"libro-de-texto-de-macege-para-gaita-escocesa","status":"publish","type":"product","link":"https:\/\/spielleute.de\/es\/libro-de-texto-de-macege-para-gaita-escocesa\/","title":{"rendered":"Libro de texto de MacEge para gaita escocesa"},"content":{"rendered":"<p>Sum\u00e9rgete en el fascinante mundo de la gaita con \u00abMacEge&#8217;s Scottish Bagpipe Textbook\u00bb, la escuela de gaita l\u00edder en Alemania, dirigida a principiantes entusiastas que desean dominar el arte de la gaita escocesa desde cero. Olv\u00eddate de los obst\u00e1culos y desaf\u00edos que hasta ahora han allanado el camino hacia el aprendizaje de la Gran Gaita de las Highlands. La mayor\u00eda de las escuelas existentes, principalmente en ingl\u00e9s, rara vez eran adecuadas para la autoinstrucci\u00f3n y se centraban unilateralmente en la m\u00fasica escocesa. El libro de texto de MacEge, escrito por el experimentado profesor Reinhold Ege, que lleva ense\u00f1ando con \u00e9xito a alumnos de todas las edades desde 1978, ofrece una soluci\u00f3n completa y accesible. Desde su primera publicaci\u00f3n en 1990, \u00abMacEge&#8217;s Scottish Bagpipe Textbook\u00bb se ha actualizado y ampliado continuamente para adaptarse a las \u00faltimas normas pedag\u00f3gicas y a las necesidades de los alumnos. Un CD adjunto, lleno de ejemplos pr\u00e1cticos, facilita el proceso de aprendizaje con ilustraciones audibles del contenido did\u00e1ctico. Empezando por lo b\u00e1sico -las digitaciones y la pipa mel\u00f3dica (\u00abchanter\u00bb)- hasta t\u00e9cnicas avanzadas como las gracenotas y el movimiento taorluath, este libro ofrece una visi\u00f3n completa de la gaita.   <\/p>\n<h3>Por qu\u00e9 \u00abMacEge&#8217;s Scottish Bagpipe Textbook\u00bb deber\u00eda ser tu elecci\u00f3n:<\/h3>\n<ul>\n<li>Explicaciones comprensibles en alem\u00e1n: salva la barrera ling\u00fc\u00edstica y hace que el aprendizaje sea m\u00e1s accesible.<\/li>\n<li>Instrucciones paso a paso: desde el aprendizaje de las digitaciones b\u00e1sicas hasta una introducci\u00f3n a melod\u00edas sencillas y t\u00e9cnicas de interpretaci\u00f3n avanzadas.<\/li>\n<li>Rica selecci\u00f3n de melod\u00edas: Incluye conocidas melod\u00edas escocesas y arreglos de canciones populares alemanas para proporcionar una amplia base musical.<\/li>\n<li>Perspectivas hist\u00f3ricas y culturales: Comprender el trasfondo cultural de la m\u00fasica escocesa y sus influencias.<\/li>\n<\/ul>\n<h3>Tu camino para convertirte en maestro de gaita<\/h3>\n<p>Desde las primeras notas hasta tocar con maestr\u00eda: \u00abEl libro de instrucciones de la gaita escocesa de MacEge\u00bb te guiar\u00e1 en tu camino hacia el dominio de la Gran Gaita de las Highlands. Descubre la alegr\u00eda de tocar a trav\u00e9s de los primeros toques mel\u00f3dicos y evita a\u00f1os de pr\u00e1ctica mon\u00f3tona. Este libro es tu gu\u00eda para desarrollar una base s\u00f3lida en la gaita, desde conocidas canciones infantiles hasta melod\u00edas escocesas y bretonas m\u00e1s complejas. Los gaiteros alemanes encontrar\u00e1n en este libro un valioso compa\u00f1ero que fomenta el aprendizaje individual y les ayuda a explorar sus propios caminos musicales. El enfoque de MacEge reconoce la importancia de la autointerpretaci\u00f3n y la variaci\u00f3n creativa sin perder de vista la excelencia t\u00e9cnica.  <\/p>\n<h3>Un libro de texto que ofrece algo m\u00e1s que instrucciones<\/h3>\n<p>Adem\u00e1s del aprendizaje pr\u00e1ctico, \u00abMacEge&#8217;s Scottish Bagpipe Textbook\u00bb hace gran hincapi\u00e9 en proporcionar el contexto hist\u00f3rico y cultural de la m\u00fasica de gaita. Esta dimensi\u00f3n suele faltar en otros libros de texto y es esencial para comprender plenamente la m\u00fasica y sus tradiciones. Un valioso consejo para los aspirantes a gaiteros: profundiza en el mundo de la m\u00fasica de gaita estudiando grabaciones de los mejores gaiteros solistas y bandas de gaitas. Esta pr\u00e1ctica, complementada con el libro de texto de MacEge, har\u00e1 avanzar significativamente tus habilidades. <\/p>\n<h3>El libro que crece contigo<\/h3>\n<p>El libro de texto tiene en cuenta la evoluci\u00f3n del alumno. Comienza con las notas b\u00e1sicas en el puntero de pr\u00e1ctica, introduce gradualmente las gracenotas y avanza hasta la interpretaci\u00f3n compleja en la Great Highland Bagpipe. \u00abMacEge&#8217;s Scottish Bagpipe Textbook\u00bb es m\u00e1s que un simple tutor: es un compa\u00f1ero en tu viaje musical, que te ayuda a dominar lo dif\u00edcil y a perfeccionar tus habilidades.  <\/p>\n<h3>El libro de texto de MacEge: Tu puerta de entrada al mundo de la gaita escocesa<\/h3>\n<p>Para cualquiera que, en Alemania o en cualquier otro lugar, desee seguir el camino de la gaita escocesa, el libro de texto de MacEge ofrece una oportunidad de oro para profundizar en esta rica tradici\u00f3n musical. Tanto si eres principiante como si quieres ampliar tus conocimientos, este libro te proporciona las herramientas, t\u00e9cnicas y comprensi\u00f3n cultural necesarias para convertirte en un gaitero consumado. <\/p>\n","protected":false},"excerpt":{"rendered":"<p>Libro de texto y CD de acompa\u00f1amiento con todos los ejercicios + melod\u00edas utilizados en el libro<\/p>\n","protected":false},"featured_media":5808,"comment_status":"closed","ping_status":"closed","template":"","meta":[],"product_brand":[],"product_cat":[1131],"product_tag":[1177,1176,1038],"class_list":{"0":"post-5807","1":"product","2":"type-product","3":"status-publish","4":"has-post-thumbnail","6":"product_cat-libro-de-texto","7":"product_tag-aprende-a-tocar-la-gaita","8":"product_tag-aprende-a-tocar-la-gran-gaita-de-las-highlands","9":"product_tag-musica-tradicional","10":"pa_b035_a01_b037-reinhold-ege-es","12":"first","13":"instock","14":"taxable","15":"shipping-taxable","16":"purchasable","17":"product-type-simple"},"_links":{"self":[{"href":"https:\/\/spielleute.de\/es\/wp-json\/wp\/v2\/product\/5807","targetHints":{"allow":["GET"]}}],"collection":[{"href":"https:\/\/spielleute.de\/es\/wp-json\/wp\/v2\/product"}],"about":[{"href":"https:\/\/spielleute.de\/es\/wp-json\/wp\/v2\/types\/product"}],"replies":[{"embeddable":true,"href":"https:\/\/spielleute.de\/es\/wp-json\/wp\/v2\/comments?post=5807"}],"wp:featuredmedia":[{"embeddable":true,"href":"https:\/\/spielleute.de\/es\/wp-json\/wp\/v2\/media\/5808"}],"wp:attachment":[{"href":"https:\/\/spielleute.de\/es\/wp-json\/wp\/v2\/media?parent=5807"}],"wp:term":[{"taxonomy":"product_brand","embeddable":true,"href":"https:\/\/spielleute.de\/es\/wp-json\/wp\/v2\/product_brand?post=5807"},{"taxonomy":"product_cat","embeddable":true,"href":"https:\/\/spielleute.de\/es\/wp-json\/wp\/v2\/product_cat?post=5807"},{"taxonomy":"product_tag","embeddable":true,"href":"https:\/\/spielleute.de\/es\/wp-json\/wp\/v2\/product_tag?post=5807"}],"curies":[{"name":"wp","href":"https:\/\/api.w.org\/{rel}","templated":true}]}}