{"id":5804,"date":"2016-07-11T17:31:12","date_gmt":"2016-07-11T15:31:12","guid":{"rendered":"https:\/\/spielleute.de\/el-oso-bailarin-volumen-2\/"},"modified":"2025-04-30T16:25:11","modified_gmt":"2025-04-30T14:25:11","slug":"el-oso-bailarin-volumen-2","status":"publish","type":"product","link":"https:\/\/spielleute.de\/es\/el-oso-bailarin-volumen-2\/","title":{"rendered":"El Oso Bailar\u00edn &#8211; Volumen 2"},"content":{"rendered":"<p>Bienvenido a \u00abEl Oso Bailar\u00edn &#8211; Volumen 2\u00bb de la popular serie \u00abEl Oso Bailar\u00edn\u00bb, una colecci\u00f3n que presenta 21 cautivadoras danzas folcl\u00f3ricas de Europa Central, Occidental y del Norte, listas para que las descubras y aprendas. Tras el gran \u00e9xito del primer volumen y gracias a los comentarios constantemente positivos, hemos decidido crear esta secuela, que inspirar\u00e1 tanto a los principiantes en la danza como a los entusiastas experimentados. <\/p>\n<h3>Edici\u00f3n revisada<\/h3>\n<p>En la 3\u00aa y revisada edici\u00f3n de \u00abEl Oso Bailar\u00edn &#8211; Volumen 2\u00bb encontrar\u00e1s una variada selecci\u00f3n de bailes, desde el An Dro bret\u00f3n hasta el Vals Rosa alem\u00e1n, bailes f\u00e1ciles de aprender que son un placer instant\u00e1neo para bailar. Para los que buscan un reto, bailes como el Hambo sueco o una versi\u00f3n \u00fanica de la Bourr\u00e9e francesa ofrecen la oportunidad perfecta para perfeccionar tus habilidades de baile. <\/p>\n<h3>Diverso programa de danza<\/h3>\n<p>La equilibrada mezcla de bailes en grupo y en pareja se ha reunido cuidadosamente para ofrecer una amplia gama de estilos de baile. Los niveles de dificultad indicados sirven de gu\u00eda para ayudarte a encontrar la danza adecuada a tu nivel. <\/p>\n<h3>Acompa\u00f1amiento musical en CD<\/h3>\n<p>El CD de acompa\u00f1amiento de \u00abDer Tanzb\u00e4r &#8211; Band 2\u00bb, en el que colaboran grupos musicales de renombre como \u00abH\u00f6lderlin Express\u00bb, \u00abLa Marmotte\u00bb, \u00abLa Chanterelle\u00bb y \u00abSpielleut\u00bb, ofrece melod\u00edas de danzas tradicionales y otras compuestas especialmente que se adaptan con precisi\u00f3n a las secuencias de pasos de las danzas. Esto facilita el aprendizaje y la inmersi\u00f3n en el mundo de las danzas folcl\u00f3ricas. <\/p>\n<h3>Ilustraciones creativas<\/h3>\n<p>Con ilustraciones de Uta Weidemann, que capta la esencia de la danza con su estilo \u00fanico, y gracias al apoyo de muchos ayudantes en la descripci\u00f3n y edici\u00f3n de la danza, \u00abDer Tanzb\u00e4r &#8211; Band 2\u00bb es un verdadero trabajo de colaboraci\u00f3n.<\/p>\n<h3>Te invito a bailar<\/h3>\n<p>Queremos ofrecer a todos los entusiastas de la danza, tanto principiantes como avanzados, una experiencia enriquecedora. Con \u00abDer Tanzb\u00e4r &#8211; Band 2\u00bb y el CD que lo acompa\u00f1a, no s\u00f3lo podr\u00e1s aprender nuevos bailes, sino tambi\u00e9n ampliar tu repertorio para fiestas de baile y explorar la diversa cultura de baile de Europa. <\/p>\n<p>Os agradecemos vuestro entusiasmo y apoyo y os deseamos mucha alegr\u00eda en la danza. Que cada festival de danza sea una celebraci\u00f3n de alegr\u00eda, comunidad y respeto mutuo. <\/p>\n<h3>Contenido detallado de \u00abEl Oso Bailar\u00edn &#8211; Volumen 2\u00bb<\/h3>\n<ul>\n<li>Bailes de grupo: Descubre la variedad de bailes de c\u00edrculo, callej\u00f3n y fila, incluidos cl\u00e1sicos como el Vals de la Rosa de Alemania, An Dro de Breta\u00f1a y muchos m\u00e1s.<\/li>\n<li>Bailes en pareja: Perfecciona tus habilidades en bailes como el Hambo sueco, varias mazurcas y valses de Francia y Alsacia.<\/li>\n<li>Clave de la danza y ap\u00e9ndice musical: Una gu\u00eda detallada de los t\u00e9rminos utilizados, tipos de pasos y movimientos, complementada con partituras para todas las danzas.<\/li>\n<\/ul>\n<div class=\"flex-1 overflow-hidden\">\n<div class=\"react-scroll-to-bottom--css-knved-79elbk h-full\">\n<div class=\"react-scroll-to-bottom--css-knved-1n7m0yu\">\n<div class=\"flex flex-col text-sm pb-9\">\n<div class=\"w-full text-token-text-primary\" dir=\"auto\" data-testid=\"conversation-turn-11\">\n<div class=\"px-4 py-2 justify-center text-base md:gap-6 m-auto\">\n<div class=\"flex flex-1 text-base mx-auto gap-3 juice:gap-4 juice:md:gap-6 md:px-5 lg:px-1 xl:px-5 md:max-w-3xl lg:max-w-[40rem] xl:max-w-[48rem] group final-completion\">\n<div class=\"relative flex w-full flex-col agent-turn\">\n<div class=\"flex-col gap-1 md:gap-3\">\n<div class=\"flex flex-grow flex-col max-w-full\">\n<div class=\"min-h-[20px] text-message flex flex-col items-start gap-3 whitespace-pre-wrap break-words [.text-message+&amp;]:mt-5 overflow-x-auto\" dir=\"auto\" data-message-author-role=\"assistant\" data-message-id=\"a0f2d6ba-ce09-461b-a6a0-e65f73aa947f\">\n<div class=\"markdown prose w-full break-words dark:prose-invert dark\">\n<h3>Descubre la alegr\u00eda de bailar<\/h3>\n<\/div>\n<\/div>\n<\/div>\n<\/div>\n<\/div>\n<\/div>\n<\/div>\n<\/div>\n<\/div>\n<\/div>\n<\/div>\n<\/div>\n<p>Te espera un libro que no s\u00f3lo ofrece instrucciones para bailes maravillosos, sino que tambi\u00e9n celebra la alegr\u00eda de bailar juntos. Consigue \u00abEl Oso Bailar\u00edn &#8211; Volumen 2\u00bb y deja que la m\u00fasica y los pasos te lleven a un mundo de danza y tradici\u00f3n. <\/p>\n","protected":false},"excerpt":{"rendered":"<p>21 danzas folcl\u00f3ricas para participar (libro y CD) de Dieter Rurl\u00e4nder y Gert Dannemann<\/p>\n","protected":false},"featured_media":5805,"comment_status":"closed","ping_status":"closed","template":"","meta":[],"product_brand":[],"product_cat":[1106],"product_tag":[1122,1127,1094,1173,1085,1038],"class_list":{"0":"post-5804","1":"product","2":"type-product","3":"status-publish","4":"has-post-thumbnail","6":"product_cat-no-ficcion","7":"product_tag-a-dro-es","8":"product_tag-aprende-danzas-bretonas","9":"product_tag-bourree-es","10":"product_tag-danza-folclorica","11":"product_tag-musica-bretona","12":"product_tag-musica-tradicional","13":"pa_b035_a01_b037-dieter-rurlaender-es","14":"pa_b035_a01_b037-gert-dannemann-es","16":"first","17":"outofstock","18":"taxable","19":"shipping-taxable","20":"purchasable","21":"product-type-simple"},"_links":{"self":[{"href":"https:\/\/spielleute.de\/es\/wp-json\/wp\/v2\/product\/5804","targetHints":{"allow":["GET"]}}],"collection":[{"href":"https:\/\/spielleute.de\/es\/wp-json\/wp\/v2\/product"}],"about":[{"href":"https:\/\/spielleute.de\/es\/wp-json\/wp\/v2\/types\/product"}],"replies":[{"embeddable":true,"href":"https:\/\/spielleute.de\/es\/wp-json\/wp\/v2\/comments?post=5804"}],"wp:featuredmedia":[{"embeddable":true,"href":"https:\/\/spielleute.de\/es\/wp-json\/wp\/v2\/media\/5805"}],"wp:attachment":[{"href":"https:\/\/spielleute.de\/es\/wp-json\/wp\/v2\/media?parent=5804"}],"wp:term":[{"taxonomy":"product_brand","embeddable":true,"href":"https:\/\/spielleute.de\/es\/wp-json\/wp\/v2\/product_brand?post=5804"},{"taxonomy":"product_cat","embeddable":true,"href":"https:\/\/spielleute.de\/es\/wp-json\/wp\/v2\/product_cat?post=5804"},{"taxonomy":"product_tag","embeddable":true,"href":"https:\/\/spielleute.de\/es\/wp-json\/wp\/v2\/product_tag?post=5804"}],"curies":[{"name":"wp","href":"https:\/\/api.w.org\/{rel}","templated":true}]}}