{"id":5800,"date":"2018-10-01T17:33:26","date_gmt":"2018-10-01T15:33:26","guid":{"rendered":"https:\/\/spielleute.de\/johann-sebastian-bach-invenciones-a-dos-voces\/"},"modified":"2025-04-17T10:56:11","modified_gmt":"2025-04-17T08:56:11","slug":"johann-sebastian-bach-invenciones-a-dos-voces","status":"publish","type":"product","link":"https:\/\/spielleute.de\/es\/johann-sebastian-bach-invenciones-a-dos-voces\/","title":{"rendered":"Johann Sebastian Bach: Invenciones a dos voces"},"content":{"rendered":"<p>Nuestras \u00abInvenciones a dos voces de Johann Sebastian Bach\u00bb, especialmente arregladas para la nyckelharpa, te invitan a contemplar las obras de Bach bajo una nueva luz. Compuestas originalmente como material did\u00e1ctico para su hijo Wilhelm Friedemann, las invenciones de Bach representan la m\u00fasica que no s\u00f3lo debe interpretarse, sino entenderse y crearse como artesan\u00eda. Siguiendo esta tradici\u00f3n, nuestra parte de bajo adicional no s\u00f3lo a\u00f1ade otra capa a las invenciones, sino que tambi\u00e9n fomenta un enfoque experimental de la m\u00fasica.  <\/p>\n<h3>La dualidad musical de Bach: la nyckelharpa como puente entre los instrumentos de teclado y de cuerda<\/h3>\n<p>Johann Sebastian Bach, maestro del teclado, era igualmente h\u00e1bil con los instrumentos de cuerda. Su m\u00fasica, compuesta originalmente para piano, despliega una magia \u00fanica en los instrumentos de cuerda. La nyckelharpa, un instrumento probablemente olvidado en Alemania en la \u00e9poca de Bach, encarna maravillosamente la dualidad de su alma musical. La variedad de articulaci\u00f3n que proporciona el arco y la precisi\u00f3n del teclado con sus tangentes permiten redescubrir la complejidad de las estructuras arm\u00f3nicas de Bach. Sin olvidar las cuerdas de resonancia, que permiten experimentar a\u00fan m\u00e1s intensamente las conexiones arm\u00f3nicas.    <\/p>\n<h3>\u00bfPor qu\u00e9 tocar \u00abJohann Sebastian Bach: Invenciones en dos partes\u00bb con la nyckelharpa?<\/h3>\n<p>La nyckelharpa, anta\u00f1o olvidada en el mundo germanohablante, vuelve a fascinar hoy con su sonido \u00fanico. La variedad de su expresi\u00f3n musical, desde la melod\u00eda hasta el apoyo arm\u00f3nico, la convierte en el instrumento ideal para la interpretaci\u00f3n de la m\u00fasica de Bach. Nuestros arreglos de las invenciones para la nyckelharpa abren nuevas perspectivas sobre estas obras maestras intemporales, retomando y ampliando la diversidad musical y la profunda resonancia emocional de estas composiciones.  <\/p>\n<h3>Invitaci\u00f3n a un experimento creativo<\/h3>\n<p>Los arreglos de \u00abJohann Sebastian Bach: Invenciones a dos voces\u00bb ofrecen una oportunidad \u00fanica para explorar y profundizar en el arte de tocar la nyckelharpa. Al a\u00f1adir una parte de bajo adicional, te invitamos a reinterpretar las invenciones de Bach y a explorar tus propios caminos musicales. Esta edici\u00f3n pretende proporcionar a los m\u00fasicos un marco para la experimentaci\u00f3n creativa y para experimentar la complejidad de las composiciones de Bach bajo una nueva luz.  <\/p>\n<h3>\u00bfA qui\u00e9n va dirigido \u00abJohann Sebastian Bach: Invenciones a dos voces\u00bb?<\/h3>\n<p>Esta publicaci\u00f3n est\u00e1 dirigida a cualquiera que desee ampliar su expresi\u00f3n musical y sumergirse en el fascinante mundo de la m\u00fasica barroca. Tanto para principiantes como para avanzados, los arreglos est\u00e1n dise\u00f1ados para ser accesibles a distintos niveles de interpretaci\u00f3n. Son ideales para los m\u00fasicos que buscan nuevos retos y quieren explorar los l\u00edmites de su instrumento.  <\/p>\n<h3>Experimenta las invenciones de Bach de una forma nueva: La nyckelharpa abre horizontes musicales<\/h3>\n<p>Descubre \u00abJohann Sebastian Bach: Invenciones a dos voces\u00bb de una forma completamente nueva a trav\u00e9s de nuestras composiciones especialmente arregladas para la nyckelharpa. D\u00e9jate inspirar por la combinaci\u00f3n \u00fanica de belleza mel\u00f3dica y profundidad arm\u00f3nica y ampl\u00eda tus horizontes musicales. Sum\u00e9rgete en el mundo de la m\u00fasica barroca y experimenta de nuevo el genio intemporal de las obras de Johann Sebastian Bach, interpretadas en uno de los instrumentos m\u00e1s fascinantes de la historia de la m\u00fasica.  <\/p>\n<p>Textos en alem\u00e1n e ingl\u00e9s<\/p>\n<p><iframe loading=\"lazy\" title=\"The teachers: Inventionen\" width=\"980\" height=\"551\" src=\"https:\/\/www.youtube.com\/embed\/gkeFSuKEwQM?feature=oembed\" frameborder=\"0\" allow=\"accelerometer; autoplay; clipboard-write; encrypted-media; gyroscope; picture-in-picture; web-share\" referrerpolicy=\"strict-origin-when-cross-origin\" allowfullscreen><\/iframe><\/p>\n<p>V\u00cdDEO: Concierto final Nyckelharpatage en el castillo de F\u00fcrsteneck en octubre de 2018 (int\u00e9rpretes: Marco Ambrosini, Jule Bauer, Anette Osann y Eva-Maria Rusche)<\/p>\n","protected":false},"excerpt":{"rendered":"<p>Arreglado para nyckelharpa (viola d&#8217;amore a chiavi &#8211; viol\u00edn con llave) y acompa\u00f1amiento<\/p>\n","protected":false},"featured_media":5801,"comment_status":"closed","ping_status":"closed","template":"","meta":[],"product_brand":[],"product_cat":[1027],"product_tag":[1087,1086],"class_list":{"0":"post-5800","1":"product","2":"type-product","3":"status-publish","4":"has-post-thumbnail","6":"product_cat-partituras","7":"product_tag-musica-barroca","8":"product_tag-musica-drone","9":"pa_b035_a01_b037-marco-ambrosini-es","11":"first","12":"instock","13":"taxable","14":"shipping-taxable","15":"purchasable","16":"product-type-simple"},"_links":{"self":[{"href":"https:\/\/spielleute.de\/es\/wp-json\/wp\/v2\/product\/5800","targetHints":{"allow":["GET"]}}],"collection":[{"href":"https:\/\/spielleute.de\/es\/wp-json\/wp\/v2\/product"}],"about":[{"href":"https:\/\/spielleute.de\/es\/wp-json\/wp\/v2\/types\/product"}],"replies":[{"embeddable":true,"href":"https:\/\/spielleute.de\/es\/wp-json\/wp\/v2\/comments?post=5800"}],"wp:featuredmedia":[{"embeddable":true,"href":"https:\/\/spielleute.de\/es\/wp-json\/wp\/v2\/media\/5801"}],"wp:attachment":[{"href":"https:\/\/spielleute.de\/es\/wp-json\/wp\/v2\/media?parent=5800"}],"wp:term":[{"taxonomy":"product_brand","embeddable":true,"href":"https:\/\/spielleute.de\/es\/wp-json\/wp\/v2\/product_brand?post=5800"},{"taxonomy":"product_cat","embeddable":true,"href":"https:\/\/spielleute.de\/es\/wp-json\/wp\/v2\/product_cat?post=5800"},{"taxonomy":"product_tag","embeddable":true,"href":"https:\/\/spielleute.de\/es\/wp-json\/wp\/v2\/product_tag?post=5800"}],"curies":[{"name":"wp","href":"https:\/\/api.w.org\/{rel}","templated":true}]}}