{"id":5797,"date":"2018-07-06T17:31:51","date_gmt":"2018-07-06T15:31:51","guid":{"rendered":"https:\/\/spielleute.de\/el-gremio-de-musicos\/"},"modified":"2025-04-30T16:29:22","modified_gmt":"2025-04-30T14:29:22","slug":"el-gremio-de-musicos","status":"publish","type":"product","link":"https:\/\/spielleute.de\/es\/el-gremio-de-musicos\/","title":{"rendered":"El Gremio de M\u00fasicos"},"content":{"rendered":"<p>Una de las principales obras de la famosa escritora francesa George Sand, \u00abEl gremio de los m\u00fasicos\u00bb, \u00a1por fin est\u00e1 disponible en alem\u00e1n! Una novela que ofrece una visi\u00f3n fascinante del mundo de los gaiteros y zanfonistas franceses de mediados del siglo XIX. <\/p>\n<p>La mundialmente famosa escritora George Sand pas\u00f3 gran parte de su vida en Nohant, una peque\u00f1a ciudad de Berry (Francia). Aunque la mayor\u00eda de sus novelas se han traducido al alem\u00e1n, una de sus principales obras, la novela \u00abLes Ma\u00eetres Sonneurs\u00bb, publicada en 1853, a\u00fan no est\u00e1 disponible en alem\u00e1n. <\/p>\n<p>Durante la investigaci\u00f3n, el editor Christoph Pelgen ha encontrado una traducci\u00f3n al alem\u00e1n de \u00abDie Musikanten-Zunft\u00bb de Claire von Gl\u00fcmer de 1856, muy lograda, culta y coherente, que hemos adoptado sin cambios en esta edici\u00f3n. El lenguaje encantador y f\u00e1cil de leer de la traducci\u00f3n de Gl\u00fcmer subraya perfectamente la atm\u00f3sfera y la fascinaci\u00f3n de la novela. <\/p>\n<p>El escenario de la novela \u00abEl gremio de los m\u00fasicos\u00bb, sobre los amigos de la infancia Joseph, Steffen y Br\u00fclette, es la Berry rural de finales del siglo XVIII. George Sand habla de la vida rural cotidiana en el centro de Francia, del c\u00f3digo de honor de los arrieros y le\u00f1adores, de m\u00fasicos rivales y de la dif\u00edcil b\u00fasqueda de la felicidad de los protagonistas y de su lugar en este mundo. Los personajes de la historia, el paisaje, la descripci\u00f3n de la vida cotidiana y las minuciosas descripciones de la m\u00fasica, los festivales de danza, los viajes, etc. lanzan una mirada retrospectiva a una \u00e9poca que se ha perdido para siempre.  <\/p>\n<p align=\"center\"><em>\u00abLa gente de all\u00ed sigue creyendo con toda seriedad lo que a veces se sigue creyendo aqu\u00ed,<br \/>\n<\/em><em>a saber, que tienes que entregar tu alma al diablo si quieres convertirte en m\u00fasico,<br \/>\n<\/em><em>y que Satan\u00e1s vendr\u00e1 un d\u00eda, arrebatar\u00e1 la gaita de las manos del m\u00fasico,<br \/>\n<\/em><em>se la rompe en la espalda y luego le obliga a hacerse da\u00f1o\u00bb.<\/em><\/p>\n<p>El t\u00edtulo original de este libro, \u00abEl gremio de los m\u00fasicos\u00bb, fue la inspiraci\u00f3n de uno de los festivales m\u00e1s importantes de m\u00fasica tradicional de gaita y zanfona del centro de Francia en el siglo XX: Los \u00abRencontres internationales des luthiers et ma\u00eetres sonneurs\u00bb, que se celebran desde 1976 a pocos kil\u00f3metros de Nohant, en St Chartier, se convirtieron en la meca de m\u00fasicos, constructores de instrumentos y bailarines. All\u00ed se redescubrieron y perfeccionaron la m\u00fasica y los instrumentos antiguos, sobre los que George Sand escribe tan maravillosamente en esta novela. <\/p>\n<p>Un ap\u00e9ndice detallado con explicaciones y notas completa esta edici\u00f3n.<\/p>\n","protected":false},"excerpt":{"rendered":"<p>Novela de George Sand de 1853, en alem\u00e1n por Claire von Gl\u00fcmer, 1856, editada por Christoph Pelgen<\/p>\n","protected":false},"featured_media":5798,"comment_status":"closed","ping_status":"closed","template":"","meta":[],"product_brand":[],"product_cat":[1166],"product_tag":[1094,1112,1098],"class_list":{"0":"post-5797","1":"product","2":"type-product","3":"status-publish","4":"has-post-thumbnail","6":"product_cat-novelas","7":"product_tag-bourree-es","8":"product_tag-juglares","9":"product_tag-partituras-para-bal-folk","10":"pa_b035_a01_b037-george-sand-es","12":"first","13":"instock","14":"taxable","15":"shipping-taxable","16":"purchasable","17":"product-type-simple"},"_links":{"self":[{"href":"https:\/\/spielleute.de\/es\/wp-json\/wp\/v2\/product\/5797","targetHints":{"allow":["GET"]}}],"collection":[{"href":"https:\/\/spielleute.de\/es\/wp-json\/wp\/v2\/product"}],"about":[{"href":"https:\/\/spielleute.de\/es\/wp-json\/wp\/v2\/types\/product"}],"replies":[{"embeddable":true,"href":"https:\/\/spielleute.de\/es\/wp-json\/wp\/v2\/comments?post=5797"}],"wp:featuredmedia":[{"embeddable":true,"href":"https:\/\/spielleute.de\/es\/wp-json\/wp\/v2\/media\/5798"}],"wp:attachment":[{"href":"https:\/\/spielleute.de\/es\/wp-json\/wp\/v2\/media?parent=5797"}],"wp:term":[{"taxonomy":"product_brand","embeddable":true,"href":"https:\/\/spielleute.de\/es\/wp-json\/wp\/v2\/product_brand?post=5797"},{"taxonomy":"product_cat","embeddable":true,"href":"https:\/\/spielleute.de\/es\/wp-json\/wp\/v2\/product_cat?post=5797"},{"taxonomy":"product_tag","embeddable":true,"href":"https:\/\/spielleute.de\/es\/wp-json\/wp\/v2\/product_tag?post=5797"}],"curies":[{"name":"wp","href":"https:\/\/api.w.org\/{rel}","templated":true}]}}