{"id":5792,"date":"2019-02-28T17:33:26","date_gmt":"2019-02-28T16:33:26","guid":{"rendered":"https:\/\/spielleute.de\/cantus-et-tibia-volumen-1\/"},"modified":"2019-02-28T17:33:26","modified_gmt":"2019-02-28T16:33:26","slug":"cantus-et-tibia-volumen-1","status":"publish","type":"product","link":"https:\/\/spielleute.de\/es\/cantus-et-tibia-volumen-1\/","title":{"rendered":"Cantus et Tibia &#8211; Volumen 1"},"content":{"rendered":"<p>Esta colecci\u00f3n \u00abCantus et Tibia &#8211; Volumen 1\u00bb se cre\u00f3 haciendo m\u00fasica. Empezando por la alta Edad Media, las canciones llegan hasta el apogeo de nuestras gaitas. Parte de la polifon\u00eda se remonta a la \u00e9poca en que se escribieron las canciones. A menudo, sin embargo, se desarroll\u00f3 un acompa\u00f1amiento independiente para una melod\u00eda durante el canto y la interpretaci\u00f3n. La parte instrumental siempre est\u00e1 en un rango, tonalidad y cromatismo que permite tocarla con hammel y dudey, es decir, tambi\u00e9n con gemshorn o cornamusa. El bord\u00f3n correspondiente se indica en la parte superior izquierda de cada canci\u00f3n. CANTUS ET TIBIA, cantar y tocar la flauta: \u00e9ste es el lema de la reci\u00e9n publicada recopilaci\u00f3n de canciones en dos partes de Hermann Rieth. Y tibia no significa s\u00f3lo flauta, sino m\u00e1s bien instrumento de viento. La primera parte va desde la Alta Edad Media hasta el Renacimiento, la segunda contin\u00faa hasta nuestros d\u00edas.     <\/p>\n<h3>Fuentes hist\u00f3ricas e inspiraci\u00f3n en \u00abCantus et Tibia &#8211; Volumen 1\u00bb<\/h3>\n<p>Al principio de \u00abCantus et Tibia &#8211; Volumen 1\u00bb hay tres cantos de los Carmina Burana (CB). El libro del mismo t\u00edtulo de Ren\u00e9 Clementchik es una fuente bien fundamentada y de f\u00e1cil acceso para este manuscrito. El texto y la melod\u00eda de \u00abMeie, din\u00bb de Neidhart pueden encontrarse en: E. Wei\u00dfner y H. Fischer; Die Lieder Neidharts; Tubinga, 1984. Para las canciones de Oswald von Wolkenstein, hay que remitirse a las publicaciones de Anton Schwob, Dieter K\u00fchn, Klaus J. Sch\u00f6nmetzler y Marc Lewon.   <\/p>\n<h3>Flexibilidad en la realizaci\u00f3n<\/h3>\n<p>Por supuesto, estas partes de acompa\u00f1amiento de \u00abCantus et Tibia &#8211; Volumen 1\u00bb tambi\u00e9n pueden interpretarse con flauta dulce, viol\u00edn u otro instrumento mel\u00f3dico. Y -siguiendo la antigua tradici\u00f3n- los m\u00fasicos pueden sentirse libres de utilizar el material como deseen. En \u00abCantus et Tibia &#8211; Banda 1\u00bb se pueden tocar melod\u00edas y cantar partes de acompa\u00f1amiento. Las versiones puramente instrumentales son tan concebibles como las interpretaciones a capella. Los preludios e interludios previamente anotados o improvisados pueden resultar enriquecedores.    <\/p>\n<h3>La versatilidad de H\u00fcmmelchen y Dudey<\/h3>\n<p>H\u00fcmmelchen y Dudey son instrumentos vers\u00e1tiles: solos, a d\u00fao o en un conjunto tranquilo con flautas, violines, arpa, cornamusa, gemshorn. El sonido zumb\u00f3n de las peque\u00f1as gaitas tiene un encanto especial cuando acompa\u00f1a al canto. El instrumento se adapta bien a la voz humana tanto en timbre como en volumen. La falta de posibilidades din\u00e1micas de la gaita exige una direcci\u00f3n de voz diferente por parte del cantante y confiere a las canciones un car\u00e1cter especial. H\u00fcmmelchen y Dudey, como los describi\u00f3 Michael Praetorius en 1619, son instrumentos de finales del Renacimiento y principios del Barroco. Sin duda, tambi\u00e9n se tocaron antes y durante un tiempo despu\u00e9s. Desde la perspectiva actual, es interesante experimentar c\u00f3mo el suave sonido de la gaita, apoyado por un potente bord\u00f3n, encaja con la m\u00fasica de \u00e9pocas en las que estos instrumentos a\u00fan no se conoc\u00edan o ya no se tocaban. \u00abCantus et Tibia &#8211; Volumen 1\u00bb de Hermann Rieth es un fascinante viaje musical a trav\u00e9s del tiempo, que abarca desde la Alta Edad Media hasta el Renacimiento. Esta colecci\u00f3n enriquece el repertorio de H\u00fcmmelchen, Dudey y otros instrumentos de viento con canciones que pueden interpretarse tanto instrumental como vocalmente. La obra de Rieth fomenta un enfoque creativo de las melod\u00edas hist\u00f3ricas y ofrece un puente entre la cultura musical del pasado y los m\u00fasicos actuales. Con \u00abCantus et Tibia\u00bb, la rica tradici\u00f3n de la polifon\u00eda cobra vida y se hace accesible, lo que la convierte en una obra indispensable para los amantes de la m\u00fasica hist\u00f3rica.   <\/p>\n","protected":false},"excerpt":{"rendered":"<p>Canciones con acompa\u00f1amiento recopiladas por Hermann Rieth<\/p>\n","protected":false},"featured_media":5795,"comment_status":"closed","ping_status":"closed","template":"","meta":[],"product_brand":[],"product_cat":[1027],"product_tag":[1092,1087,1086,1083,1084],"class_list":{"0":"post-5792","1":"product","2":"type-product","3":"status-publish","4":"has-post-thumbnail","6":"product_cat-partituras","7":"product_tag-musica-antigua","8":"product_tag-musica-barroca","9":"product_tag-musica-drone","10":"product_tag-partituras-de-huemmelchen-y-dudey","11":"product_tag-partituras-para-gaita","12":"pa_b035_a01_b037-hermann-rieth-es","14":"first","15":"instock","16":"taxable","17":"shipping-taxable","18":"purchasable","19":"product-type-simple"},"_links":{"self":[{"href":"https:\/\/spielleute.de\/es\/wp-json\/wp\/v2\/product\/5792","targetHints":{"allow":["GET"]}}],"collection":[{"href":"https:\/\/spielleute.de\/es\/wp-json\/wp\/v2\/product"}],"about":[{"href":"https:\/\/spielleute.de\/es\/wp-json\/wp\/v2\/types\/product"}],"replies":[{"embeddable":true,"href":"https:\/\/spielleute.de\/es\/wp-json\/wp\/v2\/comments?post=5792"}],"wp:featuredmedia":[{"embeddable":true,"href":"https:\/\/spielleute.de\/es\/wp-json\/wp\/v2\/media\/5795"}],"wp:attachment":[{"href":"https:\/\/spielleute.de\/es\/wp-json\/wp\/v2\/media?parent=5792"}],"wp:term":[{"taxonomy":"product_brand","embeddable":true,"href":"https:\/\/spielleute.de\/es\/wp-json\/wp\/v2\/product_brand?post=5792"},{"taxonomy":"product_cat","embeddable":true,"href":"https:\/\/spielleute.de\/es\/wp-json\/wp\/v2\/product_cat?post=5792"},{"taxonomy":"product_tag","embeddable":true,"href":"https:\/\/spielleute.de\/es\/wp-json\/wp\/v2\/product_tag?post=5792"}],"curies":[{"name":"wp","href":"https:\/\/api.w.org\/{rel}","templated":true}]}}