{"id":5791,"date":"2019-06-07T17:33:26","date_gmt":"2019-06-07T15:33:26","guid":{"rendered":"https:\/\/spielleute.de\/acordeon-diatonico-volumen-1\/"},"modified":"2025-04-17T10:56:04","modified_gmt":"2025-04-17T08:56:04","slug":"acordeon-diatonico-volumen-1","status":"publish","type":"product","link":"https:\/\/spielleute.de\/es\/acordeon-diatonico-volumen-1\/","title":{"rendered":"Acorde\u00f3n diat\u00f3nico &#8211; Volumen 1"},"content":{"rendered":"<p class=\"\" data-start=\"371\" data-end=\"790\">Este libro es para ti si quieres coger un acorde\u00f3n diat\u00f3nico y ponerte manos a la obra, sin tener que pelearte con lastres te\u00f3ricos. Con \u00abAcorde\u00f3n diat\u00f3nico &#8211; Volumen 1\u00bb, el m\u00fasico y profesor franc\u00e9s Yann Dour ha escrito un libro de texto pr\u00e1ctico que ha demostrado su val\u00eda durante d\u00e9cadas. Te ense\u00f1a los fundamentos de forma l\u00fadica y siempre tiene una cosa en mente: la alegr\u00eda de la m\u00fasica.  <\/p>\n<h3 class=\"\" data-start=\"792\" data-end=\"819\">Aprender con el o\u00eddo y el coraz\u00f3n<\/h3>\n<p class=\"\" data-start=\"821\" data-end=\"1157\">El enfoque de Yann Dou es claro: la m\u00fasica debe sonar bien. En lugar de meros ejercicios t\u00e9cnicos, en este libro encontrar\u00e1s m\u00e1s de 40 piezas tradicionales que te ayudar\u00e1n a desarrollar tu t\u00e9cnica de interpretaci\u00f3n a lo largo del camino. Incluyen danzas como la polca, el Hanter Dro, el vals, el En Dro y la mazurca, muchas de ellas de Breta\u00f1a, pero tambi\u00e9n de otras regiones europeas.  <\/p>\n<p class=\"\" data-start=\"1159\" data-end=\"1420\">Lo que hace que el aprendizaje sea especialmente ameno es que los ejercicios y las piezas est\u00e1n etiquetados con c\u00f3digos QR. Escan\u00e9alos con tu smartphone o tableta y podr\u00e1s escuchar inmediatamente c\u00f3mo deber\u00eda sonar. Esto te ayuda a practicar, te motiva y te lleva m\u00e1s r\u00e1pido a tu objetivo.  <\/p>\n<h3 class=\"\" data-start=\"1422\" data-end=\"1464\">Contenido que realmente te hace avanzar<\/h3>\n<p class=\"\" data-start=\"1466\" data-end=\"1538\">La primera parte del libro te ense\u00f1a de forma f\u00e1cil de entender:<\/p>\n<ul data-start=\"1539\" data-end=\"1763\">\n<li class=\"\" data-start=\"1539\" data-end=\"1573\">\n<p class=\"\" data-start=\"1541\" data-end=\"1573\">c\u00f3mo funciona el acorde\u00f3n<\/p>\n<\/li>\n<li class=\"\" data-start=\"1574\" data-end=\"1619\">\n<p class=\"\" data-start=\"1576\" data-end=\"1619\">A qu\u00e9 debes prestar atenci\u00f3n cuando guardes<\/p>\n<\/li>\n<li class=\"\" data-start=\"1620\" data-end=\"1672\">\n<p class=\"\" data-start=\"1622\" data-end=\"1672\">c\u00f3mo trabajas con la mano izquierda y derecha<\/p>\n<\/li>\n<li class=\"\" data-start=\"1673\" data-end=\"1720\">\n<p class=\"\" data-start=\"1675\" data-end=\"1720\">c\u00f3mo se relacionan el ritmo y la duraci\u00f3n de las notas<\/p>\n<\/li>\n<li class=\"\" data-start=\"1721\" data-end=\"1763\">\n<p class=\"\" data-start=\"1723\" data-end=\"1763\">y qu\u00e9 hace que un estilo personal<\/p>\n<\/li>\n<\/ul>\n<p class=\"\" data-start=\"1765\" data-end=\"1919\">Tambi\u00e9n recibir\u00e1s muchos consejos para elegir tu instrumento: desde la cuesti\u00f3n de cu\u00e1ntas filas debe tener, hasta la clave y la afinaci\u00f3n adecuada.<\/p>\n<h3 class=\"\" data-start=\"1921\" data-end=\"1976\">Tablaturas claras &#8211; ideal incluso sin conocimientos de partituras<\/h3>\n<p class=\"\" data-start=\"1978\" data-end=\"2267\">Especialmente pr\u00e1ctico: Yann Dour utiliza la notaci\u00f3n en tablatura para que puedas empezar enseguida sin tener que leer m\u00fasica. Lo que hay que hacer se indica claramente para cada clave y cada movimiento del fuelle. Esto es especialmente \u00fatil si eres autodidacta o no tienes experiencia previa con partituras.  <\/p>\n<h3 class=\"\" data-start=\"2269\" data-end=\"2314\">M\u00fasica divertida desde la primera nota<\/h3>\n<p class=\"\" data-start=\"2316\" data-end=\"2584\">El libro est\u00e1 estructurado de tal forma que puedas empezar a tocar directamente, con peque\u00f1as historias de \u00e9xito en cada p\u00e1gina. Empiezas con ejercicios y piezas sencillas, y luego vas mejorando poco a poco. Poco a poco desarrollar\u00e1s el sentido del ritmo, el acompa\u00f1amiento y la melod\u00eda.  <\/p>\n<p class=\"\" data-start=\"2586\" data-end=\"2850\">Las piezas est\u00e1n cuidadosamente seleccionadas y van desde sencillas canciones infantiles hasta m\u00fasica folcl\u00f3rica bailable. Notar\u00e1s c\u00f3mo tus manos adquieren m\u00e1s confianza, c\u00f3mo funciona la interacci\u00f3n entre bajo y melod\u00eda&#8230; y lo divertido que es hacer m\u00fasica por ti mismo. <\/p>\n<h3 class=\"\" data-start=\"2852\" data-end=\"2907\">Para acordeones G\/C &#8211; pero de uso flexible<\/h3>\n<p class=\"\" data-start=\"2909\" data-end=\"3183\">El repertorio del libro est\u00e1 anotado para instrumentos en Sol\/C. Pero las tablaturas tambi\u00e9n sirven para otras tonalidades, siempre que transpongas los acordes de la mano izquierda en consecuencia. As\u00ed que tambi\u00e9n puedes utilizar el libro si tocas un instrumento en Re\/G o La\/D, por ejemplo.<\/p>\n","protected":false},"excerpt":{"rendered":"<p>Libro de texto para principiantes con ejemplos de audio<\/p>\n","protected":false},"featured_media":5328,"comment_status":"closed","ping_status":"closed","template":"","meta":[],"product_brand":[],"product_cat":[1131],"product_tag":[1122,1160,1085,1038,1093,1098],"class_list":{"0":"post-5791","1":"product","2":"type-product","3":"status-publish","4":"has-post-thumbnail","6":"product_cat-libro-de-texto","7":"product_tag-a-dro-es","8":"product_tag-aprende-a-tocar-el-acordeon-diatonico","9":"product_tag-musica-bretona","10":"product_tag-musica-tradicional","11":"product_tag-partituras-para-acordeon-diatonico","12":"product_tag-partituras-para-bal-folk","13":"pa_b035_a01_b037-yann-dour-es","15":"first","16":"instock","17":"featured","18":"taxable","19":"shipping-taxable","20":"purchasable","21":"product-type-simple"},"_links":{"self":[{"href":"https:\/\/spielleute.de\/es\/wp-json\/wp\/v2\/product\/5791","targetHints":{"allow":["GET"]}}],"collection":[{"href":"https:\/\/spielleute.de\/es\/wp-json\/wp\/v2\/product"}],"about":[{"href":"https:\/\/spielleute.de\/es\/wp-json\/wp\/v2\/types\/product"}],"replies":[{"embeddable":true,"href":"https:\/\/spielleute.de\/es\/wp-json\/wp\/v2\/comments?post=5791"}],"wp:featuredmedia":[{"embeddable":true,"href":"https:\/\/spielleute.de\/es\/wp-json\/wp\/v2\/media\/5328"}],"wp:attachment":[{"href":"https:\/\/spielleute.de\/es\/wp-json\/wp\/v2\/media?parent=5791"}],"wp:term":[{"taxonomy":"product_brand","embeddable":true,"href":"https:\/\/spielleute.de\/es\/wp-json\/wp\/v2\/product_brand?post=5791"},{"taxonomy":"product_cat","embeddable":true,"href":"https:\/\/spielleute.de\/es\/wp-json\/wp\/v2\/product_cat?post=5791"},{"taxonomy":"product_tag","embeddable":true,"href":"https:\/\/spielleute.de\/es\/wp-json\/wp\/v2\/product_tag?post=5791"}],"curies":[{"name":"wp","href":"https:\/\/api.w.org\/{rel}","templated":true}]}}