{"id":5786,"date":"2019-07-23T17:31:51","date_gmt":"2019-07-23T15:31:51","guid":{"rendered":"https:\/\/spielleute.de\/fantasias-de-orlando-gibbons\/"},"modified":"2019-07-23T17:31:51","modified_gmt":"2019-07-23T15:31:51","slug":"fantasias-de-orlando-gibbons","status":"publish","type":"product","link":"https:\/\/spielleute.de\/es\/fantasias-de-orlando-gibbons\/","title":{"rendered":"Fantas\u00edas de Orlando Gibbons"},"content":{"rendered":"<p>Sum\u00e9rgete en el mundo del Renacimiento con las \u00abFantas\u00edas de Orlando Gibbons\u00bb magistralmente arregladas. Esta exclusiva colecci\u00f3n, amorosamente adaptada para la nyckelharpa por Caterina Other y Marco Ambrosini, ofrece un viaje musical \u00fanico a trav\u00e9s de las fantas\u00edas en dos, tres y seis partes del famoso compositor del periodo Tudor y principios del Jacobeo. <\/p>\n<h3>Orlando Gibbons: Un genio musical del Renacimiento<\/h3>\n<p>Orlando Gibbons, nacido en 1583 y bautizado el d\u00eda de Navidad, fue un destacado virginalista y organista de su \u00e9poca. Como miembro de la Capilla Real y organista de la Abad\u00eda de Westminster, Gibbons dej\u00f3 un impresionante legado musical que a\u00fan resuena hoy en d\u00eda. Sus obras, entre las que se incluyen famosas fantas\u00edas para viola, madrigales e himnos, son testimonio de su extraordinario talento y versatilidad como compositor.  <\/p>\n<h3>La nyckelharpa: un instrumento lleno de historia<\/h3>\n<p>La nyckelharpa, tambi\u00e9n conocida como viol\u00edn con llaves o viola d&#8217;amore a chiavi, es un instrumento de cuerda tradicional sueco con una rica historia. Con su timbre \u00fanico y su capacidad para producir complejas texturas polif\u00f3nicas, es ideal para la interpretaci\u00f3n de las \u00abFantas\u00edas de Orlando Gibbons\u00bb. <\/p>\n<h3>\u00bfPor qu\u00e9 la m\u00fasica de Gibbons en la nyckelharpa?<\/h3>\n<p>En su obra \u00abSyntagma Musicum, Tomus Secundus\u00bb, Michael Praetorius describi\u00f3 un instrumento ingl\u00e9s de cuerdas simp\u00e1ticas que realza la dulzura de la armon\u00eda a trav\u00e9s de sus cuerdas resonantes. Este principio contin\u00faa en la nyckelharpa moderna y da vida a las fantas\u00edas polif\u00f3nicas y formas de danza de Gibbons de una forma emocionante. <\/p>\n<h3>\u00abFantas\u00edas de Orlando Gibbons\u00bb est\u00e1 especialmente arreglada para la nyckelharpa<\/h3>\n<p>Caterina Other y Marco Ambrosini han arreglado cuidadosamente las fantas\u00edas de Gibbons para la nyckelharpa de 4 filas. Esta edici\u00f3n tiene en cuenta tanto las afinaciones tradicionales como las modernas, as\u00ed como las variaciones del instrumento, y est\u00e1 dise\u00f1ada para aprovechar al m\u00e1ximo las posibilidades de este instrumento \u00fanico. Con diferentes claves adaptadas a las necesidades espec\u00edficas de la nyckelharpa, la colecci\u00f3n \u00abFantas\u00edas de Orlando Gibbons\u00bb permite una interpretaci\u00f3n aut\u00e9ntica y expresiva.  <\/p>\n<h3>Compartir un patrimonio musical<\/h3>\n<p>Tras a\u00f1os de pr\u00e1ctica interpretativa, Other y Ambrosini han decidido compartir sus conocimientos y su amor por esta m\u00fasica. Esta publicaci\u00f3n sirve no s\u00f3lo como homenaje a Orlando Gibbons, sino tambi\u00e9n como puente entre la pr\u00e1ctica musical hist\u00f3rica y los m\u00fasicos contempor\u00e1neos que se han dedicado a la nyckelharpa. <\/p>\n<h3>\u00bfA qui\u00e9n va dirigida esta colecci\u00f3n?<\/h3>\n<p>Tanto si eres un experimentado int\u00e9rprete de nyckelharpa que busca ampliar su repertorio como si eres un entusiasta de la m\u00fasica antigua en busca de nuevos paisajes sonoros, Fantas\u00edas de Orlando Gibbons te ofrece una experiencia musical inigualable. Sum\u00e9rgete en la complejidad y belleza de la obra de Gibbons, presentada en un instrumento capaz de captar como ning\u00fan otro la profundidad y variedad de esta m\u00fasica. <\/p>\n","protected":false},"excerpt":{"rendered":"<p>FANTAS\u00cdAS DE DOS, TRES Y SEIS PARTES<\/p>\n<p>Arreglado para nyckelharpa \/ viol\u00edn con llave \/ viola d&#8217;amore a chiavi por Caterina Other &amp; Marco Ambrosini<\/p>\n","protected":false},"featured_media":5789,"comment_status":"closed","ping_status":"closed","template":"","meta":[],"product_brand":[],"product_cat":[1027],"product_tag":[1092,1087,1086,1158],"class_list":{"0":"post-5786","1":"product","2":"type-product","3":"status-publish","4":"has-post-thumbnail","6":"product_cat-partituras","7":"product_tag-musica-antigua","8":"product_tag-musica-barroca","9":"product_tag-musica-drone","10":"product_tag-renacimiento","11":"pa_b035_a01_b037-marco-ambrosini-es","13":"first","14":"instock","15":"taxable","16":"shipping-taxable","17":"purchasable","18":"product-type-simple"},"_links":{"self":[{"href":"https:\/\/spielleute.de\/es\/wp-json\/wp\/v2\/product\/5786","targetHints":{"allow":["GET"]}}],"collection":[{"href":"https:\/\/spielleute.de\/es\/wp-json\/wp\/v2\/product"}],"about":[{"href":"https:\/\/spielleute.de\/es\/wp-json\/wp\/v2\/types\/product"}],"replies":[{"embeddable":true,"href":"https:\/\/spielleute.de\/es\/wp-json\/wp\/v2\/comments?post=5786"}],"wp:featuredmedia":[{"embeddable":true,"href":"https:\/\/spielleute.de\/es\/wp-json\/wp\/v2\/media\/5789"}],"wp:attachment":[{"href":"https:\/\/spielleute.de\/es\/wp-json\/wp\/v2\/media?parent=5786"}],"wp:term":[{"taxonomy":"product_brand","embeddable":true,"href":"https:\/\/spielleute.de\/es\/wp-json\/wp\/v2\/product_brand?post=5786"},{"taxonomy":"product_cat","embeddable":true,"href":"https:\/\/spielleute.de\/es\/wp-json\/wp\/v2\/product_cat?post=5786"},{"taxonomy":"product_tag","embeddable":true,"href":"https:\/\/spielleute.de\/es\/wp-json\/wp\/v2\/product_tag?post=5786"}],"curies":[{"name":"wp","href":"https:\/\/api.w.org\/{rel}","templated":true}]}}