{"id":5785,"date":"2018-10-04T17:33:26","date_gmt":"2018-10-04T15:33:26","guid":{"rendered":"https:\/\/spielleute.de\/nyckelharpa-arriba-y-abajo\/"},"modified":"2018-10-04T17:33:26","modified_gmt":"2018-10-04T15:33:26","slug":"nyckelharpa-arriba-y-abajo","status":"publish","type":"product","link":"https:\/\/spielleute.de\/es\/nyckelharpa-arriba-y-abajo\/","title":{"rendered":"Nyckelharpa Arriba y Abajo"},"content":{"rendered":"<p>Nuestro innovador libro de texto \u00abNyckelharpa arriba y abajo\u00bb se ha publicado a tiempo para las Jornadas Internacionales de la Nyckelharpa en el castillo de F\u00fcrsteneck en octubre de 2018. Esta obra abre la puerta al fascinante mundo de la nyckelharpa, un instrumento que encanta por su timbre \u00fanico. Cualquiera que desee dar vida a la diversidad sonora de la nyckelharpa encontrar\u00e1 en este libro un tesoro de sabidur\u00eda e instrucciones pr\u00e1cticas.  <\/p>\n<h3>De lo b\u00e1sico al campeonato<\/h3>\n<p>En la primera parte del libro \u00abNyckelharpa Arriba y Abajo\u00bb, te sumergir\u00e1s en los principios b\u00e1sicos del arco sensible y musical. Aqu\u00ed aprender\u00e1s c\u00f3mo una h\u00e1bil secuencia de golpes hacia arriba y hacia abajo no s\u00f3lo enriquece la m\u00fasica, sino que tambi\u00e9n incorpora el cuerpo y la gravedad y utiliza las propiedades especiales del arco. Adem\u00e1s de la presentaci\u00f3n de patrones de arco comunes, conocer\u00e1s en profundidad las ense\u00f1anzas del famoso profesor de viol\u00edn Leopold Mozart. Sus reglas de la \u00abEscuela del viol\u00edn minucioso\u00bb, de 260 a\u00f1os de antig\u00fcedad, siguen siendo hoy una fuente inagotable de inspiraci\u00f3n.   <\/p>\n<h3>Una obra para principiantes y reci\u00e9n llegados<\/h3>\n<p>El libro \u00abNyckelharpa Up &amp; Down\u00bb est\u00e1 dirigido a los instrumentistas de cuerda que pasan del viol\u00edn o la viola a la nyckelharpa, as\u00ed como a los principiantes absolutos de nyckelharpa. Para los \u00abno encordadores\u00bb, ofrece una gu\u00eda completa para dominar las t\u00e9cnicas esenciales del arco y responder con destreza a las preguntas cruciales sobre los golpes ascendentes y descendentes. Es una gu\u00eda para utilizar el arco y, al mismo tiempo, un libro de jugadas que ha dotado a casi todas las piezas musicales de acordes para tocarlas junto con la guitarra, el piano o el acorde\u00f3n.  <\/p>\n<h3>Repertorio diverso<\/h3>\n<p>El abanico estil\u00edstico del libro \u00abNyckelharpa Up &amp; Down\u00bb abarca desde la m\u00fasica cl\u00e1sica, pasando por diversas \u00e9pocas, hasta el folclore internacional. Esto lo hace perfecto para los int\u00e9rpretes que buscan material f\u00e1cil de tocar hasta moderadamente dif\u00edcil y quieren ampliar sus horizontes musicales al mismo tiempo. Todas las piezas est\u00e1n especialmente adaptadas a la nyckelharpa para aprovechar al m\u00e1ximo el sonido \u00fanico del instrumento.  <\/p>\n<h4>Instrucciones y consejos pr\u00e1cticos<\/h4>\n<p>Un elemento central del libro \u00abNyckelharpa Up &amp; Down\u00bb es la explicaci\u00f3n detallada de la t\u00e9cnica del golpe ascendente y descendente, apoyada por una amplia informaci\u00f3n sobre el arco. Esto permite visualizar claramente los principios b\u00e1sicos en cada pieza. Adem\u00e1s, una lista de patrones proporciona patrones de arco utilizados con frecuencia, mientras que los consejos de Leopold Mozart ofrecen profundos conocimientos sobre la historia y la t\u00e9cnica del arco. Prep\u00e1rate para llevar tu forma de tocar la nyckelharpa al siguiente nivel con este libro de instrucciones. Tanto si eres un instrumentista de cuerda experimentado en transici\u00f3n a la nyckelharpa como si eres un principiante ambicioso, este libro ser\u00e1 tu fiel compa\u00f1ero en el camino hacia la maestr\u00eda.  <\/p>\n","protected":false},"excerpt":{"rendered":"<p>Conceptos b\u00e1sicos de la pulsaci\u00f3n ascendente y descendente, as\u00ed como 64 melod\u00edas para nyckelharpa y acompa\u00f1amiento<\/p>\n","protected":false},"featured_media":5787,"comment_status":"closed","ping_status":"closed","template":"","meta":[],"product_brand":[],"product_cat":[1106],"product_tag":[1107,1038],"class_list":{"0":"post-5785","1":"product","2":"type-product","3":"status-publish","4":"has-post-thumbnail","6":"product_cat-no-ficcion","7":"product_tag-aprende-a-tocar-la-nyckelharpa","8":"product_tag-musica-tradicional","9":"pa_b035_a01_b037-fabian-payr-es","11":"first","12":"outofstock","13":"taxable","14":"shipping-taxable","15":"purchasable","16":"product-type-simple"},"_links":{"self":[{"href":"https:\/\/spielleute.de\/es\/wp-json\/wp\/v2\/product\/5785","targetHints":{"allow":["GET"]}}],"collection":[{"href":"https:\/\/spielleute.de\/es\/wp-json\/wp\/v2\/product"}],"about":[{"href":"https:\/\/spielleute.de\/es\/wp-json\/wp\/v2\/types\/product"}],"replies":[{"embeddable":true,"href":"https:\/\/spielleute.de\/es\/wp-json\/wp\/v2\/comments?post=5785"}],"wp:featuredmedia":[{"embeddable":true,"href":"https:\/\/spielleute.de\/es\/wp-json\/wp\/v2\/media\/5787"}],"wp:attachment":[{"href":"https:\/\/spielleute.de\/es\/wp-json\/wp\/v2\/media?parent=5785"}],"wp:term":[{"taxonomy":"product_brand","embeddable":true,"href":"https:\/\/spielleute.de\/es\/wp-json\/wp\/v2\/product_brand?post=5785"},{"taxonomy":"product_cat","embeddable":true,"href":"https:\/\/spielleute.de\/es\/wp-json\/wp\/v2\/product_cat?post=5785"},{"taxonomy":"product_tag","embeddable":true,"href":"https:\/\/spielleute.de\/es\/wp-json\/wp\/v2\/product_tag?post=5785"}],"curies":[{"name":"wp","href":"https:\/\/api.w.org\/{rel}","templated":true}]}}