{"id":5595,"date":"2025-02-19T18:05:25","date_gmt":"2025-02-19T17:05:25","guid":{"rendered":"https:\/\/spielleute.de\/?post_type=product&#038;p=5595"},"modified":"2025-04-17T10:55:48","modified_gmt":"2025-04-17T08:55:48","slug":"ejemplos-de-ejercicios-para-acordeon-diatonico-volumen-1-kopie","status":"publish","type":"product","link":"https:\/\/spielleute.de\/es\/ejemplos-de-ejercicios-para-acordeon-diatonico-volumen-1-kopie\/","title":{"rendered":"Ejemplos de ejercicios para \u00abtocar la nyckelharpa\u00bb"},"content":{"rendered":"<p>La compra de este art\u00edculo digital te da derecho a descargar los archivos midi para aprender de o\u00eddo.<\/p>\n<p><strong>Atenci\u00f3n:<\/strong> Estos archivos midi son proporcionados gratuitamente por el autor Jule Bauer exclusivamente para los compradores del libro de texto<a href=\"https:\/\/spielleute.de\/nyckelharpa-spielen\/\">\u00abNYCKELHARPA spielen<\/a>\u00ab. El uso o distribuci\u00f3n comercial de los archivos est\u00e1 prohibido o s\u00f3lo es posible con el permiso por escrito del autor. <\/p>\n<p>Los archivos MIDI suelen poder reproducirse directamente en los ordenadores. Puedes encontrar m\u00e1s informaci\u00f3n sobre la naturaleza y el uso de los archivos MIDI en Internet (por ejemplo, en www.musica.at\/midi\/). <\/p>\n<p>Si no has comprado tu libro de texto a trav\u00e9s de esta tienda web, env\u00edanos el justificante de compra de tu libro<a href=\"https:\/\/spielleute.de\/kontakt-zum-verlag\/\">(ponte en contacto con la editorial<\/a>) y te enviaremos un vale para una descarga gratuita.<\/p>\n<p><strong>ATENCI\u00d3N:<\/strong> Despu\u00e9s de hacer el pedido, la descarga s\u00f3lo es posible una vez. Por favor, guarda despu\u00e9s el archivo en tus datos privados. <\/p>\n","protected":false},"excerpt":{"rendered":"<p>Material extra para el libro de texto<a href=\"https:\/\/spielleute.de\/nyckelharpa-spielen\/\">&#8216;NYCKELHARPA spielen<\/a>&#8216;<\/p>\n","protected":false},"featured_media":5606,"comment_status":"open","ping_status":"closed","template":"","meta":[],"product_brand":[],"product_cat":[1118],"product_tag":[],"class_list":{"0":"post-5595","1":"product","2":"type-product","3":"status-publish","4":"has-post-thumbnail","6":"product_cat-material-extra","8":"first","9":"instock","10":"downloadable","11":"virtual","12":"sold-individually","13":"taxable","14":"purchasable","15":"product-type-simple"},"_links":{"self":[{"href":"https:\/\/spielleute.de\/es\/wp-json\/wp\/v2\/product\/5595","targetHints":{"allow":["GET"]}}],"collection":[{"href":"https:\/\/spielleute.de\/es\/wp-json\/wp\/v2\/product"}],"about":[{"href":"https:\/\/spielleute.de\/es\/wp-json\/wp\/v2\/types\/product"}],"replies":[{"embeddable":true,"href":"https:\/\/spielleute.de\/es\/wp-json\/wp\/v2\/comments?post=5595"}],"wp:featuredmedia":[{"embeddable":true,"href":"https:\/\/spielleute.de\/es\/wp-json\/wp\/v2\/media\/5606"}],"wp:attachment":[{"href":"https:\/\/spielleute.de\/es\/wp-json\/wp\/v2\/media?parent=5595"}],"wp:term":[{"taxonomy":"product_brand","embeddable":true,"href":"https:\/\/spielleute.de\/es\/wp-json\/wp\/v2\/product_brand?post=5595"},{"taxonomy":"product_cat","embeddable":true,"href":"https:\/\/spielleute.de\/es\/wp-json\/wp\/v2\/product_cat?post=5595"},{"taxonomy":"product_tag","embeddable":true,"href":"https:\/\/spielleute.de\/es\/wp-json\/wp\/v2\/product_tag?post=5595"}],"curies":[{"name":"wp","href":"https:\/\/api.w.org\/{rel}","templated":true}]}}