{"id":5493,"date":"2022-01-02T17:33:26","date_gmt":"2022-01-02T16:33:26","guid":{"rendered":"https:\/\/spielleute.de\/libro-de-musica-de-spielmann-2\/"},"modified":"2022-01-02T17:33:26","modified_gmt":"2022-01-02T16:33:26","slug":"libro-de-musica-de-spielmann-2","status":"publish","type":"product","link":"https:\/\/spielleute.de\/es\/libro-de-musica-de-spielmann-2\/","title":{"rendered":"Libro de m\u00fasica de Spielmann 2"},"content":{"rendered":"<p>Siguiendo los deseos de muchos m\u00fasicos, ampliamos el viaje musical con \u00abSpielmanns Notenbuch &#8211; Band 2\u00bb, la continuaci\u00f3n de la popular colecci\u00f3n de partituras del Volumen 1. Kamini Barbara Govil-Willers y Friedhelm Capelle han vuelto a recopilar un gran n\u00famero de melod\u00edas de diversas \u00e9pocas musicales, especialmente adecuadas para la gama de instrumentos hist\u00f3ricos como los gemshorns, los H\u00fcmmelchen y los Dudey.<\/p>\n<h3>Una ventana al pasado musical<\/h3>\n<p>Este volumen abre una ventana al pasado musical y conduce a los m\u00fasicos y amantes de la m\u00fasica antigua directamente al mundo de los movimientos polif\u00f3nicos para flautas, drones hist\u00f3ricos e instrumentos de viento. Con 92 piezas adicionales de diversas \u00e9pocas musicales, esta obra ampl\u00eda el repertorio con composiciones que se adaptan perfectamente a la interpretaci\u00f3n con instrumentos hist\u00f3ricos y modernos de zumbido y viento. <\/p>\n<h3>Un viaje a trav\u00e9s de los tiempos<\/h3>\n<p>El libro de m\u00fasica est\u00e1 dividido en cinco cap\u00edtulos que ofrecen una visi\u00f3n completa de la diversidad musical de los siglos pasados. Desde las canciones y melod\u00edas medievales hasta la m\u00fasica barroca francesa, cada cap\u00edtulo comienza con una introducci\u00f3n a la historia de la m\u00fasica y la pr\u00e1ctica interpretativa, as\u00ed como sugerencias de instrumentaci\u00f3n para ayudar a los m\u00fasicos a profundizar en la comprensi\u00f3n de las piezas. <\/p>\n<h3>Dise\u00f1o pr\u00e1ctico y f\u00e1cil de usar<\/h3>\n<p>La nueva edici\u00f3n de \u00abSpielmanns Notenbuch &#8211; Band 2\u00bb tiene una encuadernaci\u00f3n Wire-O, que facilita su manejo, por ejemplo en el atril. Este pr\u00e1ctico dise\u00f1o facilita que los m\u00fasicos se concentren plenamente en la interpretaci\u00f3n. <\/p>\n<h3>Una invitaci\u00f3n a hacer m\u00fasica<\/h3>\n<p>En su pr\u00f3logo, Kamini Barbara Govil-Willers y Friedhelm Capelle subrayan el deseo de muchos m\u00fasicos de que contin\u00fae la colecci\u00f3n e invitan a todos a compartir la alegr\u00eda de hacer m\u00fasica. \u00abSpielmanns Notenbuch &#8211; Band 2\u00bb es un homenaje a la m\u00fasica antigua y una invitaci\u00f3n a embarcarse en un viaje por los paisajes musicales de tiempos pasados. <\/p>\n<h3>Una experiencia visual y musical<\/h3>\n<p>Con las cari\u00f1osas y humor\u00edsticas ilustraciones de Hans Georg Lenzen, el libro de m\u00fasica se convierte en una experiencia visual y musical que deleita tanto a los ojos como a los o\u00eddos. Estas ilustraciones convierten el libro en una aut\u00e9ntica obra de arte y enriquecen la experiencia musical. \u00abLibro de m\u00fasica de Spielmann &#8211; Volumen 2\u00bb es, por tanto, algo m\u00e1s que una colecci\u00f3n de partituras; es un completo compendio de m\u00fasica antigua que hace accesible la belleza y la profundidad de la historia de la m\u00fasica. Descubre y experimenta el fascinante mundo de la m\u00fasica antigua con este libro de m\u00fasica \u00fanico. <\/p>\n","protected":false},"excerpt":{"rendered":"<p>M\u00fasica antigua en movimientos polif\u00f3nicos para flautas, drones hist\u00f3ricos e instrumentos de viento<\/p>\n","protected":false},"featured_media":5494,"comment_status":"closed","ping_status":"closed","template":"","meta":[],"product_brand":[],"product_cat":[1027],"product_tag":[1094,1092,1086,1083,1095,1093],"class_list":{"0":"post-5493","1":"product","2":"type-product","3":"status-publish","4":"has-post-thumbnail","6":"product_cat-partituras","7":"product_tag-bourree-es","8":"product_tag-musica-antigua","9":"product_tag-musica-drone","10":"product_tag-partituras-de-huemmelchen-y-dudey","11":"product_tag-partituras-de-musica-de-la-edad-media","12":"product_tag-partituras-para-acordeon-diatonico","13":"pa_b035_a01_b037-friedhelm-capelle-es","14":"pa_b035_a01_b037-kamini-barbara-govil-willers-es","16":"first","17":"outofstock","18":"taxable","19":"shipping-taxable","20":"purchasable","21":"product-type-simple"},"_links":{"self":[{"href":"https:\/\/spielleute.de\/es\/wp-json\/wp\/v2\/product\/5493","targetHints":{"allow":["GET"]}}],"collection":[{"href":"https:\/\/spielleute.de\/es\/wp-json\/wp\/v2\/product"}],"about":[{"href":"https:\/\/spielleute.de\/es\/wp-json\/wp\/v2\/types\/product"}],"replies":[{"embeddable":true,"href":"https:\/\/spielleute.de\/es\/wp-json\/wp\/v2\/comments?post=5493"}],"wp:featuredmedia":[{"embeddable":true,"href":"https:\/\/spielleute.de\/es\/wp-json\/wp\/v2\/media\/5494"}],"wp:attachment":[{"href":"https:\/\/spielleute.de\/es\/wp-json\/wp\/v2\/media?parent=5493"}],"wp:term":[{"taxonomy":"product_brand","embeddable":true,"href":"https:\/\/spielleute.de\/es\/wp-json\/wp\/v2\/product_brand?post=5493"},{"taxonomy":"product_cat","embeddable":true,"href":"https:\/\/spielleute.de\/es\/wp-json\/wp\/v2\/product_cat?post=5493"},{"taxonomy":"product_tag","embeddable":true,"href":"https:\/\/spielleute.de\/es\/wp-json\/wp\/v2\/product_tag?post=5493"}],"curies":[{"name":"wp","href":"https:\/\/api.w.org\/{rel}","templated":true}]}}