{"id":5490,"date":"2022-01-02T17:31:12","date_gmt":"2022-01-02T16:31:12","guid":{"rendered":"https:\/\/spielleute.de\/tocar-el-organillo\/"},"modified":"2025-04-30T16:25:20","modified_gmt":"2025-04-30T14:25:20","slug":"tocar-el-organillo","status":"publish","type":"product","link":"https:\/\/spielleute.de\/es\/tocar-el-organillo\/","title":{"rendered":"Tocar el organillo"},"content":{"rendered":"<p>La zanfona, un instrumento con siglos de historia, est\u00e1 experimentando un renacimiento en la escena musical moderna. Para hacer justicia a este desarrollo, \u00abTocar la zanfona\u00bb ofrece un libro de texto que ilumina exhaustivamente los fundamentos y antecedentes de la m\u00fasica con zanfona. Esta obra est\u00e1 dirigida a m\u00fasicos de todos los niveles y ofrece una visi\u00f3n profunda de las diversas posibilidades expresivas musicales y t\u00e9cnicas de este fascinante instrumento.  <\/p>\n<h3>Un puente entre tradici\u00f3n y modernidad<\/h3>\n<p>Con \u00abDrehleier spielen\u00bb, Riccardo Delfino y Matthias Loibner presentan un libro de texto que es el primero de su clase que tiende un puente entre la m\u00fasica tradicional y las exigencias de los m\u00fasicos modernos. Ofrece la oportunidad de explorar el espectro musical de la zanfona en todas sus variantes y de profundizar en la relaci\u00f3n entre el m\u00fasico y su instrumento. <\/p>\n<h3>Ejercicios completos y ejemplos musicales<\/h3>\n<p>El enfoque de este libro ricamente ilustrado \u00abTocar la zanfona\u00bb reside en la recopilaci\u00f3n de amplios ejercicios que permiten desarrollar una gran variedad de estilos y t\u00e9cnicas musicales. Ejemplos musicales de distintas \u00e9pocas ampl\u00edan el abanico estil\u00edstico de la zanfona y trasladan lo aprendido a la pr\u00e1ctica musical. <\/p>\n<h3>De la historia a la pr\u00e1ctica<\/h3>\n<p>Con un pr\u00f3logo introductorio de la Prof. Dra. Marianne Br\u00f6cker, el lector se sumerge en la fascinante historia de la zanfona y la m\u00fasica de zumbidos. La autora arroja luz sobre el perdurable atractivo de esta forma musical y explica c\u00f3mo la constante resonancia de los tonos del zanfona ejerce una fascinaci\u00f3n propia. Este repaso hist\u00f3rico proporciona un valioso contexto para analizar el instrumento y su m\u00fasica.  <\/p>\n<h3>La zanfona &#8211; un instrumento \u00abcorporal<\/h3>\n<p>\u00abTocar la zanfona\u00bb va m\u00e1s all\u00e1 de la mera ense\u00f1anza de la t\u00e9cnica y hace hincapi\u00e9 en la conexi\u00f3n f\u00edsica entre el m\u00fasico y el instrumento. Los autores hacen hincapi\u00e9 en lo importante que es acercarse al instrumento no s\u00f3lo a trav\u00e9s del cuidado y la t\u00e9cnica de tocar, sino tambi\u00e9n a un nivel m\u00e1s personal. Este aspecto hace del libro de texto un compa\u00f1ero indispensable para cualquiera que no s\u00f3lo quiera tocar la zanfona, sino tambi\u00e9n comunicarse con ella.  <\/p>\n<h3>Uso creativo del organillo<\/h3>\n<p>El libro de texto fomenta un enfoque imaginativo y creativo de la zanfona. El objetivo es que los alumnos aprendan no s\u00f3lo a tocar el instrumento, sino tambi\u00e9n a tocar con \u00e9l. Este enfoque debe permitir que m\u00fasico e instrumento se fundan en una unidad musical y creen as\u00ed la base para una interpretaci\u00f3n musical individual y art\u00edsticamente satisfactoria.  <\/p>\n<p>\u00abTocar la zanfona\u00bb es, por tanto, mucho m\u00e1s que un libro de texto: es una invitaci\u00f3n a redescubrir el mundo de la zanfona y a encontrar tu propio lenguaje musical. Sum\u00e9rgete en el mundo multicapa de la m\u00fasica de zanfona y experimenta c\u00f3mo este extraordinario instrumento puede enriquecer tu viaje musical. <\/p>\n","protected":false},"excerpt":{"rendered":"<p>Bases y antecedentes. Libro de texto <\/p>\n","protected":false},"featured_media":5491,"comment_status":"closed","ping_status":"closed","template":"","meta":[],"product_brand":[],"product_cat":[1131],"product_tag":[1132,1086,1038],"class_list":{"0":"post-5490","1":"product","2":"type-product","3":"status-publish","4":"has-post-thumbnail","6":"product_cat-libro-de-texto","7":"product_tag-aprende-a-tocar-la-zanfona","8":"product_tag-musica-drone","9":"product_tag-musica-tradicional","10":"pa_b035_a01_b037-matthias-loibner-es","11":"pa_b035_a01_b037-riccardo-delfino-es","13":"first","14":"outofstock","15":"taxable","16":"shipping-taxable","17":"purchasable","18":"product-type-simple"},"_links":{"self":[{"href":"https:\/\/spielleute.de\/es\/wp-json\/wp\/v2\/product\/5490","targetHints":{"allow":["GET"]}}],"collection":[{"href":"https:\/\/spielleute.de\/es\/wp-json\/wp\/v2\/product"}],"about":[{"href":"https:\/\/spielleute.de\/es\/wp-json\/wp\/v2\/types\/product"}],"replies":[{"embeddable":true,"href":"https:\/\/spielleute.de\/es\/wp-json\/wp\/v2\/comments?post=5490"}],"wp:featuredmedia":[{"embeddable":true,"href":"https:\/\/spielleute.de\/es\/wp-json\/wp\/v2\/media\/5491"}],"wp:attachment":[{"href":"https:\/\/spielleute.de\/es\/wp-json\/wp\/v2\/media?parent=5490"}],"wp:term":[{"taxonomy":"product_brand","embeddable":true,"href":"https:\/\/spielleute.de\/es\/wp-json\/wp\/v2\/product_brand?post=5490"},{"taxonomy":"product_cat","embeddable":true,"href":"https:\/\/spielleute.de\/es\/wp-json\/wp\/v2\/product_cat?post=5490"},{"taxonomy":"product_tag","embeddable":true,"href":"https:\/\/spielleute.de\/es\/wp-json\/wp\/v2\/product_tag?post=5490"}],"curies":[{"name":"wp","href":"https:\/\/api.w.org\/{rel}","templated":true}]}}