{"id":5487,"date":"2021-10-01T17:33:26","date_gmt":"2021-10-01T15:33:26","guid":{"rendered":"https:\/\/spielleute.de\/el-oso-bailarin-volumen-3\/"},"modified":"2025-04-17T10:56:19","modified_gmt":"2025-04-17T08:56:19","slug":"el-oso-bailarin-volumen-3","status":"publish","type":"product","link":"https:\/\/spielleute.de\/es\/el-oso-bailarin-volumen-3\/","title":{"rendered":"El Oso Bailar\u00edn &#8211; Volumen 3"},"content":{"rendered":"<p>La selecci\u00f3n del tercer volumen \u00abEl Oso Bailar\u00edn &#8211; Volumen 3\u00bb te invita a experimentar todo el colorido que conlleva bailar: pulso y ritmo, girar, crear juntos, disfrutar de la m\u00fasica, estar all\u00ed con todos los sentidos. Ofrece secuencias de pasos y secuencias, habla del car\u00e1cter de las danzas y quiere insinuar hacia d\u00f3nde puede ir m\u00e1s all\u00e1. <\/p>\n<h3>M\u00e1s que aprender pasos<\/h3>\n<p>Los fundamentos de las danzas se transmiten de forma clara, visual y did\u00e1cticamente actual. Siempre que es posible, se utilizan gr\u00e1ficos para describir las dimensiones espaciales de las danzas de forma claramente comprensible. Se explican el estilo y el car\u00e1cter de los movimientos. Y, lo que es muy importante, se incluye la m\u00fasica como componente esencial para comprender las danzas.   <\/p>\n<h3>Una variada colecci\u00f3n de danzas<\/h3>\n<p>Para \u00abDer Tanzb\u00e4r &#8211; Band 3\u00bb se recopilaron danzas de Francia, Alemania, Inglaterra y Suecia, entre otras. Uno de los enfoques son las branles (danzas en cadena). Pero tambi\u00e9n hay mezclas sencillas, danzas de pareja centroeuropeas y algunas especialidades para bailarines experimentados.  <\/p>\n<h3>Acompa\u00f1ado de un CD exclusivo<\/h3>\n<p>El CD que acompa\u00f1a al libro es una producci\u00f3n conjunta de los grupos Hay-Non, Die Hayner, Wechselbalg y Au Gre des Vents. Las melod\u00edas utilizadas son tradicionales o compuestas para las danzas respectivas. <\/p>\n<h3>Una selecci\u00f3n de las danzas de \u00abEl Oso Bailar\u00edn &#8211; Volumen 3\u00bb<\/h3>\n<ul>\n<li>Mezclador: Valse coup\u00e9e, Mara\u00eechine, Match polka<\/li>\n<li>Bailes de pareja: Baillez-Li, Dans Mol\u00e8ne, Polka italiana, Vals mexicano, Les Quatre Pas de Luxey, Rondeau des Petites Landes, Schlittschuhl\u00e4ufer, Bachm\u00fchlerl y Der rote Kragen (Zwiefache), variante sueca del Schottisch, Stigvals<\/li>\n<li>Danzas en c\u00edrculo y en cadena: Veila Rosa Bliamala, Bransle au gr\u00e9 des Musiciens, Branle d&#8217;Ecosse, L&#8217;homme qui marche, Gavotte, Sellingers Round<\/li>\n<li>Para varios bailarines: Courante de Lomagne, Bourr\u00e9e de La Ch\u00e2tre<\/li>\n<\/ul>\n<h3>Un libro de texto que te invita a bailar<\/h3>\n<p>\u00a1A la diversi\u00f3n de bailar! La selecci\u00f3n de esta colecci\u00f3n es una invitaci\u00f3n a todo lo colorido que conlleva bailar: pulso y ritmo, girar, crear juntos, disfrutar de la m\u00fasica, estar ah\u00ed con todos los sentidos. <\/p>\n<p>\u00abEl Oso Bailar\u00edn &#8211; Volumen 3\u00bb ofrece una fascinante introducci\u00f3n al mundo de las danzas folcl\u00f3ricas, enriquecida con instrucciones pr\u00e1cticas, profundos conocimientos sobre la cultura de la danza y un CD que da vida a las melod\u00edas. Este libro es imprescindible para cualquiera que desee descubrir el mundo de la danza, ya sea en casa o en la pista de baile. <\/p>\n","protected":false},"excerpt":{"rendered":"<p>21 danzas folcl\u00f3ricas para participar &#8211; libro de instrucciones de danza con CD de acompa\u00f1amiento<\/p>\n","protected":false},"featured_media":5488,"comment_status":"closed","ping_status":"closed","template":"","meta":[],"product_brand":[],"product_cat":[1106],"product_tag":[1127,1094,1126,1038],"class_list":{"0":"post-5487","1":"product","2":"type-product","3":"status-publish","4":"has-post-thumbnail","6":"product_cat-no-ficcion","7":"product_tag-aprende-danzas-bretonas","8":"product_tag-bourree-es","9":"product_tag-danzas-tradicionales","10":"product_tag-musica-tradicional","11":"pa_b035_a01_b037-tilman-teuscher-es","12":"pa_b035_a01_b037-wolfram-dietz-es","14":"first","15":"instock","16":"taxable","17":"shipping-taxable","18":"purchasable","19":"product-type-simple"},"_links":{"self":[{"href":"https:\/\/spielleute.de\/es\/wp-json\/wp\/v2\/product\/5487","targetHints":{"allow":["GET"]}}],"collection":[{"href":"https:\/\/spielleute.de\/es\/wp-json\/wp\/v2\/product"}],"about":[{"href":"https:\/\/spielleute.de\/es\/wp-json\/wp\/v2\/types\/product"}],"replies":[{"embeddable":true,"href":"https:\/\/spielleute.de\/es\/wp-json\/wp\/v2\/comments?post=5487"}],"wp:featuredmedia":[{"embeddable":true,"href":"https:\/\/spielleute.de\/es\/wp-json\/wp\/v2\/media\/5488"}],"wp:attachment":[{"href":"https:\/\/spielleute.de\/es\/wp-json\/wp\/v2\/media?parent=5487"}],"wp:term":[{"taxonomy":"product_brand","embeddable":true,"href":"https:\/\/spielleute.de\/es\/wp-json\/wp\/v2\/product_brand?post=5487"},{"taxonomy":"product_cat","embeddable":true,"href":"https:\/\/spielleute.de\/es\/wp-json\/wp\/v2\/product_cat?post=5487"},{"taxonomy":"product_tag","embeddable":true,"href":"https:\/\/spielleute.de\/es\/wp-json\/wp\/v2\/product_tag?post=5487"}],"curies":[{"name":"wp","href":"https:\/\/api.w.org\/{rel}","templated":true}]}}