{"id":5484,"date":"2021-10-01T17:33:26","date_gmt":"2021-10-01T15:33:26","guid":{"rendered":"https:\/\/spielleute.de\/ouvre-moi\/"},"modified":"2021-10-01T17:33:26","modified_gmt":"2021-10-01T15:33:26","slug":"ouvre-moi","status":"publish","type":"product","link":"https:\/\/spielleute.de\/es\/ouvre-moi\/","title":{"rendered":"Ouvre moi"},"content":{"rendered":"<p>En esta colecci\u00f3n de partituras reci\u00e9n publicadas, Ange Hauck ha puesto por fin por escrito sus propias composiciones y piezas favoritas para arpa y otros instrumentos. Como suele tocar de memoria, algunas de sus piezas favoritas por fin est\u00e1n disponibles en forma de partituras. <\/p>\n<h3>Un encuentro que se convirti\u00f3 en inspiraci\u00f3n<\/h3>\n<p>A lo largo de los a\u00f1os, no s\u00f3lo ha arreglado para el arpa melod\u00edas que se le han ido ocurriendo aqu\u00ed y all\u00e1. Como una olla en la que se vierte demasiado, siempre ha \u00abrebosado\u00bb algo al \u00abcocerse a fuego lento\u00bb, y as\u00ed han surgido nuevas piezas a partir de ideas musicales. El impulso m\u00e1s fuerte vino de su encuentro con el arpista triple gal\u00e9s Robin Huw Bowen y su m\u00fasica. Qued\u00f3 \u00abelectrizada\u00bb y supo que no quer\u00eda estar nunca sin esta m\u00fasica en su vida. Robin se convirti\u00f3 en su maestro y querido amigo. Su influencia en la m\u00fasica de Anges puede nombrarse espec\u00edficamente en varios puntos, pero su m\u00fasica y su estilo en conjunto fueron muy influyentes. <\/p>\n<h3>Una colecci\u00f3n vers\u00e1til<\/h3>\n<p>En este libro encontrar\u00e1s conocidas composiciones originales de Ange, as\u00ed como numerosas piezas tradicionales de Gales, que ella ha arreglado maravillosamente. Todas las melod\u00edas se han anotado con indicaciones de acordes y notas. <\/p>\n<h3>De lo tradicional a lo moderno<\/h3>\n<p>Ouvre Moi\u00bb de Ange Hauck es una invitaci\u00f3n a explorar el mundo de la m\u00fasica para arpa, desde las melod\u00edas tradicionales galesas hasta las composiciones originales modernas. Este libro ofrece una amplia gama de estilos y t\u00e9cnicas musicales que inspirar\u00e1n y desafiar\u00e1n al int\u00e9rprete. <\/p>\n<h3>Una obra de amistad musical<\/h3>\n<p>Este libro es tambi\u00e9n un testimonio de amistad y colaboraci\u00f3n musicales, caracterizado por el encuentro con Robin Huw Bowen y el apoyo de colegas y amigos m\u00fasicos. \u00abOuvre Moi\u00bb es un iniciador de conversaciones entre todos aquellos que quieran experimentar o vivan la fascinaci\u00f3n del arpa. <\/p>\n<h3>Un libro de texto pr\u00e1ctico e inspirador<\/h3>\n<p>Con indicaciones de acordes y notas para cada pieza, Ange Hauck te invita a interpretar las melod\u00edas seg\u00fan tu propio gusto y habilidad. La colecci\u00f3n no s\u00f3lo sirve como libro de texto, sino tambi\u00e9n como fuente de inspiraci\u00f3n para los m\u00fasicos que quieran descubrir la diversidad de la m\u00fasica para arpa. \u00abOuvre Moi\u00bb es un viaje musical que te abre las puertas a nuevos y viejos mundos de la m\u00fasica de arpa. Sum\u00e9rgete en el mundo musical de \u00abOuvre Moi\u00bb y d\u00e9jate inspirar por la variedad y belleza de las melod\u00edas para arpa y otros instrumentos. <\/p>\n","protected":false},"excerpt":{"rendered":"<p>Melod\u00edas para arpa y otros instrumentos &#8211; compuestas, recopiladas y arregladas<\/p>\n","protected":false},"featured_media":5485,"comment_status":"closed","ping_status":"closed","template":"","meta":[],"product_brand":[],"product_cat":[1027],"product_tag":[1122,1121,1098],"class_list":{"0":"post-5484","1":"product","2":"type-product","3":"status-publish","4":"has-post-thumbnail","6":"product_cat-partituras","7":"product_tag-a-dro-es","8":"product_tag-partituras-para-arpa","9":"product_tag-partituras-para-bal-folk","10":"pa_b035_a01_b037-ange-hauck-es","12":"first","13":"instock","14":"taxable","15":"shipping-taxable","16":"purchasable","17":"product-type-simple"},"_links":{"self":[{"href":"https:\/\/spielleute.de\/es\/wp-json\/wp\/v2\/product\/5484","targetHints":{"allow":["GET"]}}],"collection":[{"href":"https:\/\/spielleute.de\/es\/wp-json\/wp\/v2\/product"}],"about":[{"href":"https:\/\/spielleute.de\/es\/wp-json\/wp\/v2\/types\/product"}],"replies":[{"embeddable":true,"href":"https:\/\/spielleute.de\/es\/wp-json\/wp\/v2\/comments?post=5484"}],"wp:featuredmedia":[{"embeddable":true,"href":"https:\/\/spielleute.de\/es\/wp-json\/wp\/v2\/media\/5485"}],"wp:attachment":[{"href":"https:\/\/spielleute.de\/es\/wp-json\/wp\/v2\/media?parent=5484"}],"wp:term":[{"taxonomy":"product_brand","embeddable":true,"href":"https:\/\/spielleute.de\/es\/wp-json\/wp\/v2\/product_brand?post=5484"},{"taxonomy":"product_cat","embeddable":true,"href":"https:\/\/spielleute.de\/es\/wp-json\/wp\/v2\/product_cat?post=5484"},{"taxonomy":"product_tag","embeddable":true,"href":"https:\/\/spielleute.de\/es\/wp-json\/wp\/v2\/product_tag?post=5484"}],"curies":[{"name":"wp","href":"https:\/\/api.w.org\/{rel}","templated":true}]}}