{"id":5481,"date":"2021-07-05T17:31:51","date_gmt":"2021-07-05T15:31:51","guid":{"rendered":"https:\/\/spielleute.de\/schnurrpfeiffereyen-volumen-2\/"},"modified":"2025-04-30T16:29:16","modified_gmt":"2025-04-30T14:29:16","slug":"schnurrpfeiffereyen-volumen-2","status":"publish","type":"product","link":"https:\/\/spielleute.de\/es\/schnurrpfeiffereyen-volumen-2\/","title":{"rendered":"Schnurrpfeiffereyen &#8211; Volumen 2"},"content":{"rendered":"<p>La historia de los Schnurrpfeiffereyen comenz\u00f3 en Eveshausen, un peque\u00f1o pueblo de la regi\u00f3n de Hunsr\u00fcck, donde a principios de los a\u00f1os 80 se reunieron principalmente gaiteros y zanfonistas de Alemania y pa\u00edses vecinos. En estas reuniones peri\u00f3dicas, se intercambiaban experiencias sobre la fabricaci\u00f3n de instrumentos, se aprend\u00edan canciones y bailes y se tocaba y bailaba m\u00fasica en una reuni\u00f3n cordial. <\/p>\n<h3>Un patrimonio musical para entendidos<\/h3>\n<p>Como en aquella \u00e9poca no era f\u00e1cil para los amantes de la m\u00fasica popular tradicional y de la m\u00fasica antigua conseguir partituras, Martina Sirtl se encarg\u00f3 de grabar el repertorio internacional que se escuchaba y tocaba, y dise\u00f1\u00f3 estas colecciones maravillosamente ilustradas y musicalmente \u00fanicas.<\/p>\n<h3>M\u00fasica tradicional de primera mano<\/h3>\n<p>El primer volumen apareci\u00f3 en 1981 y el volumen 2 le sigui\u00f3 en 1983, ambos publicados por los propios m\u00fasicos de Eveshausen. Las canciones y danzas, en su mayor\u00eda anotadas para una sola voz y f\u00e1ciles de tocar, reflejan la diversidad y riqueza de la m\u00fasica tradicional. El volumen 2 contiene 85 danzas y 39 canciones de Alemania y los pa\u00edses vecinos, especialmente adecuadas para instrumentos de bord\u00f3n como la gaita y la zanfona, en las tonalidades principales de \u00abdo\u00bb, \u00absol\u00bb y \u00abfa\u00bb.  <\/p>\n<h3>Danzas y canciones silbadas<\/h3>\n<p>\u00abSchnurrpfeiffereyen &#8211; Band 2\u00bb ofrece una amplia gama de estilos y \u00e9pocas musicales. Desde melod\u00edas sencillas hasta arreglos m\u00e1s complejos, esta colecci\u00f3n es imprescindible para todo amante de la m\u00fasica folcl\u00f3rica tradicional y la m\u00fasica antigua. <\/p>\n<h3>Revisado y accesible para todos<\/h3>\n<p>La nueva edici\u00f3n publicada por \u00abVerlag der Spielleute\u00bb trae una versi\u00f3n revisada y corregida de las canciones y danzas. Con un formato ampliado para una mejor legibilidad, \u00abSchnurrpfeiffereyen &#8211; Band 2\u00bb se ha preparado para una nueva generaci\u00f3n de amantes de la m\u00fasica. <\/p>\n<p>\u00abSchnurrpfeiffereyen &#8211; Band 2\u00bb no es s\u00f3lo un libro de partituras, sino una invitaci\u00f3n a sumergirte en el diverso mundo de la m\u00fasica tradicional. Con una rica selecci\u00f3n de canciones y danzas, y profundamente arraigada en la comunidad de m\u00fasicos, esta colecci\u00f3n ofrece una experiencia musical inigualable. Descubre y experimenta la tradici\u00f3n musical que se mantiene viva en Eveshausen.  <\/p>\n","protected":false},"excerpt":{"rendered":"<p>124 Canciones y danzas antiguas y nuevas<\/p>\n","protected":false},"featured_media":5482,"comment_status":"closed","ping_status":"closed","template":"","meta":[],"product_brand":[],"product_cat":[1027],"product_tag":[1094,1092,1086,1038,1083,1093,1099],"class_list":{"0":"post-5481","1":"product","2":"type-product","3":"status-publish","4":"has-post-thumbnail","6":"product_cat-partituras","7":"product_tag-bourree-es","8":"product_tag-musica-antigua","9":"product_tag-musica-drone","10":"product_tag-musica-tradicional","11":"product_tag-partituras-de-huemmelchen-y-dudey","12":"product_tag-partituras-para-acordeon-diatonico","13":"product_tag-partituras-para-zanfona","14":"pa_b035_a01_b037-martina-sirtl-es","16":"first","17":"instock","18":"taxable","19":"shipping-taxable","20":"purchasable","21":"product-type-simple"},"_links":{"self":[{"href":"https:\/\/spielleute.de\/es\/wp-json\/wp\/v2\/product\/5481","targetHints":{"allow":["GET"]}}],"collection":[{"href":"https:\/\/spielleute.de\/es\/wp-json\/wp\/v2\/product"}],"about":[{"href":"https:\/\/spielleute.de\/es\/wp-json\/wp\/v2\/types\/product"}],"replies":[{"embeddable":true,"href":"https:\/\/spielleute.de\/es\/wp-json\/wp\/v2\/comments?post=5481"}],"wp:featuredmedia":[{"embeddable":true,"href":"https:\/\/spielleute.de\/es\/wp-json\/wp\/v2\/media\/5482"}],"wp:attachment":[{"href":"https:\/\/spielleute.de\/es\/wp-json\/wp\/v2\/media?parent=5481"}],"wp:term":[{"taxonomy":"product_brand","embeddable":true,"href":"https:\/\/spielleute.de\/es\/wp-json\/wp\/v2\/product_brand?post=5481"},{"taxonomy":"product_cat","embeddable":true,"href":"https:\/\/spielleute.de\/es\/wp-json\/wp\/v2\/product_cat?post=5481"},{"taxonomy":"product_tag","embeddable":true,"href":"https:\/\/spielleute.de\/es\/wp-json\/wp\/v2\/product_tag?post=5481"}],"curies":[{"name":"wp","href":"https:\/\/api.w.org\/{rel}","templated":true}]}}