{"id":5475,"date":"2023-04-14T17:33:26","date_gmt":"2023-04-14T15:33:26","guid":{"rendered":"https:\/\/spielleute.de\/helada-de-palma\/"},"modified":"2025-04-17T10:56:10","modified_gmt":"2025-04-17T08:56:10","slug":"helada-de-palma","status":"publish","type":"product","link":"https:\/\/spielleute.de\/es\/helada-de-palma\/","title":{"rendered":"HELADA DE PALMA"},"content":{"rendered":"<p>Nos gustar\u00eda presentarte el libro de partituras \u00abPALM BAY FROST\u00bb del tr\u00edo de Colonia-Bonn Palm Bay Frost. En este tunebook encontrar\u00e1s todas las piezas de su \u00e1lbum de debut resumidas en una edici\u00f3n de partituras. El libro contiene un total de 15 melod\u00edas y 3 canciones en el estilo de la m\u00fasica folk tradicional irlandesa\/escocesa, que puedes tocar y acompa\u00f1ar con viol\u00edn, acorde\u00f3n, guitarra, tin whistle u otros instrumentos.  <\/p>\n<h3>Sintonizador PALM BAY FROST<\/h3>\n<p>Si buscas nuevas melod\u00edas para tocar y acompa\u00f1ar con tu instrumento, \u00a1el libro de melod\u00edas \u00abPALM BAY FROST\u00bb de Palm Bay Frost es justo lo que necesitas! Te ofrece una gran selecci\u00f3n de refrescantes composiciones originales en estilo folk irland\u00e9s\/escoc\u00e9s. Con el afinador tienes todas las piezas del \u00e1lbum de debut resumidas en una pr\u00e1ctica edici\u00f3n de partituras.  <\/p>\n<ul>\n<li><strong>15 melod\u00edas y 3 canciones<\/strong>: perfecto para instrumentos folcl\u00f3ricos como el viol\u00edn, el acorde\u00f3n o el silbato de hojalata.<\/li>\n<li><strong>Consejos e informaci\u00f3n de fondo<\/strong>: Incluye t\u00e9cnicas de interpretaci\u00f3n e informaci\u00f3n sobre cada pieza.<\/li>\n<li><strong>Principales m\u00fasicos invitados<\/strong>: Con Michael McGoldrick y Eamon Murray en el \u00e1lbum de debut.<\/li>\n<\/ul>\n<h3>15 melod\u00edas y 3 canciones<\/h3>\n<p>El libro de melod\u00edas contiene un total de 15 melod\u00edas (instrumentales) y 3 canciones (cantadas) que puedes tocar y acompa\u00f1ar con diversos instrumentos. Si te gusta tocar melod\u00edas, puedes tocar las melod\u00edas como partes principales. Encontrar\u00e1s todos los s\u00edmbolos de acordes anotados para el acompa\u00f1amiento. Los cantantes encontrar\u00e1n letras y melod\u00edas vocales anotadas para que puedan cantar las canciones. Tambi\u00e9n hay notas sobre t\u00e9cnicas de interpretaci\u00f3n, adornos y patrones de acompa\u00f1amiento, as\u00ed como informaci\u00f3n de fondo sobre todas las piezas.    <\/p>\n<h3>Consejos sobre t\u00e9cnicas de interpretaci\u00f3n, adornos y patrones de acompa\u00f1amiento<\/h3>\n<p>Tienes la oportunidad de tocar y acompa\u00f1ar las piezas de Palm Bay Frost. El afinador te proporciona todo lo que necesitas: desde partituras hasta informaci\u00f3n de fondo. No s\u00f3lo te divertir\u00e1s tocando las piezas, sino que tambi\u00e9n aprender\u00e1s muchas cosas nuevas sobre t\u00e9cnicas de interpretaci\u00f3n, adornos y patrones de acompa\u00f1amiento.  <\/p>\n<h3>Al estilo de la m\u00fasica folk tradicional irlandesa\/escocesa<\/h3>\n<p>Pide ahora el libro de melod\u00edas \u00abPALM BAY FROST\u00bb y d\u00e9jate inspirar por las refrescantes composiciones originales en estilo folk irland\u00e9s\/escoc\u00e9s. El libro es el complemento perfecto para todos aquellos a los que les gusta tocar m\u00fasica hecha a mano y buscan nuevas piezas. Con las partituras, letras y consejos sobre t\u00e9cnicas de interpretaci\u00f3n, adornos y patrones de acompa\u00f1amiento, tienes todo lo que necesitas para tocar y acompa\u00f1ar. \u00bfA qu\u00e9 esperas? Encarga ahora el afinador \u00abPALM BAY FROST\u00bb y descubre una mezcla \u00fanica de m\u00fasica bailable, sugerente y conmovedora.    <\/p>\n","protected":false},"excerpt":{"rendered":"<p>15 melod\u00edas y 3 canciones para viol\u00edn, acorde\u00f3n, guitarra, silbato de hojalata, etc. y voz<\/p>\n","protected":false},"featured_media":5476,"comment_status":"closed","ping_status":"closed","template":"","meta":[],"product_brand":[],"product_cat":[1027],"product_tag":[1038,1028],"class_list":{"0":"post-5475","1":"product","2":"type-product","3":"status-publish","4":"has-post-thumbnail","6":"product_cat-partituras","7":"product_tag-musica-tradicional","8":"product_tag-partituras-de-folk-irlandes","9":"pa_b035_a01_b037-hartmut-frost-es","10":"pa_b035_a01_b037-sabrina-palm-es","11":"pa_b035_a01_b037-simon-bay-es","13":"first","14":"instock","15":"taxable","16":"shipping-taxable","17":"purchasable","18":"product-type-simple"},"_links":{"self":[{"href":"https:\/\/spielleute.de\/es\/wp-json\/wp\/v2\/product\/5475","targetHints":{"allow":["GET"]}}],"collection":[{"href":"https:\/\/spielleute.de\/es\/wp-json\/wp\/v2\/product"}],"about":[{"href":"https:\/\/spielleute.de\/es\/wp-json\/wp\/v2\/types\/product"}],"replies":[{"embeddable":true,"href":"https:\/\/spielleute.de\/es\/wp-json\/wp\/v2\/comments?post=5475"}],"wp:featuredmedia":[{"embeddable":true,"href":"https:\/\/spielleute.de\/es\/wp-json\/wp\/v2\/media\/5476"}],"wp:attachment":[{"href":"https:\/\/spielleute.de\/es\/wp-json\/wp\/v2\/media?parent=5475"}],"wp:term":[{"taxonomy":"product_brand","embeddable":true,"href":"https:\/\/spielleute.de\/es\/wp-json\/wp\/v2\/product_brand?post=5475"},{"taxonomy":"product_cat","embeddable":true,"href":"https:\/\/spielleute.de\/es\/wp-json\/wp\/v2\/product_cat?post=5475"},{"taxonomy":"product_tag","embeddable":true,"href":"https:\/\/spielleute.de\/es\/wp-json\/wp\/v2\/product_tag?post=5475"}],"curies":[{"name":"wp","href":"https:\/\/api.w.org\/{rel}","templated":true}]}}