{"id":5472,"date":"2021-07-05T17:31:12","date_gmt":"2021-07-05T15:31:12","guid":{"rendered":"https:\/\/spielleute.de\/schnurrpfeiffereyen-volumen-3\/"},"modified":"2025-04-30T16:24:18","modified_gmt":"2025-04-30T14:24:18","slug":"schnurrpfeiffereyen-volumen-3","status":"publish","type":"product","link":"https:\/\/spielleute.de\/es\/schnurrpfeiffereyen-volumen-3\/","title":{"rendered":"Schnurrpfeiffereyen &#8211; Volumen 3"},"content":{"rendered":"<p>La historia de los Schnurrpfeiffereyen comenz\u00f3 en Eveshausen, un peque\u00f1o pueblo de la regi\u00f3n de Hunsr\u00fcck, donde a principios de los a\u00f1os 80 se reunieron principalmente gaiteros y zanfonistas de Alemania y pa\u00edses vecinos. En estas reuniones peri\u00f3dicas, se intercambiaban experiencias sobre la fabricaci\u00f3n de instrumentos, se aprend\u00edan canciones y bailes y se tocaba y bailaba m\u00fasica en una reuni\u00f3n cordial. <\/p>\n<h3>Un cofre del tesoro musical<\/h3>\n<p>Como en aquella \u00e9poca no era f\u00e1cil para los amantes de la m\u00fasica popular tradicional y de la m\u00fasica antigua conseguir partituras, Martina Sirtl se encarg\u00f3 de grabar el repertorio internacional que se escuchaba y tocaba, y dise\u00f1\u00f3 estas colecciones maravillosamente ilustradas y musicalmente \u00fanicas.<\/p>\n<h3>\u00abSchnurrpfeiffereyen &#8211; Volumen 3\u00bb: Un nuevo hito<\/h3>\n<p>El volumen 3 contiene 56 melod\u00edas y 17 canciones: En este \u00faltimo volumen de la colecci\u00f3n, las canciones y danzas hist\u00f3ricas y m\u00e1s recientes se presentan con el mismo dise\u00f1o y disposici\u00f3n amorosos, ampliando el repertorio.<\/p>\n<h3>Del contenido<\/h3>\n<ul>\n<li>Cap\u00edtulo 1: 14 melod\u00edas de cancioneros holandeses del siglo XVI, incluidas obras de Clemens non papa, impresas por Tylman Susato.<\/li>\n<li>Cap\u00edtulo 2: 22 piezas del arpista irland\u00e9s Turlough O&#8217;Carolan, centradas en melod\u00edas menos conocidas.<\/li>\n<li>Cap\u00edtulo 3: 20 danzas morris de la Inglaterra Media.<\/li>\n<li>Cap\u00edtulo 4: 11 canciones parcialmente polif\u00f3nicas de compositores de canciones del Renacimiento.<\/li>\n<li>Cap\u00edtulo 5: La \u00abConvenci\u00f3n de la Mesa de Augsburgo\u00bb con 6 canciones del monje benedictino Valentin Rathgeber.<\/li>\n<\/ul>\n<h3>Silbar para instrumentos dron y m\u00e1s all\u00e1<\/h3>\n<p>Las canciones y danzas, en su mayor\u00eda anotadas para una sola voz y f\u00e1ciles de tocar, son especialmente adecuadas para instrumentos de bord\u00f3n como la gaita y la zanfona en las tonalidades principales de \u00abdo\u00bb, \u00absol\u00bb y \u00abfa\u00bb.<\/p>\n<h3>El significado de \u00abSchnurrpfeiffereyen &#8211; Volumen 3\u00bb<\/h3>\n<p>Esta colecci\u00f3n, publicada por las Musikanten de Eveshausen, ofrece una fascinante mezcla de composiciones hist\u00f3ricas y m\u00e1s recientes. Las piezas cuidadosamente seleccionadas y las art\u00edsticas ilustraciones hacen de cada volumen una obra de arte \u00fanica y una importante contribuci\u00f3n a la conservaci\u00f3n de la tradici\u00f3n musical. <\/p>\n<p>\u00abSchnurrpfeiffereyen &#8211; Band 3\u00bb no es s\u00f3lo un libro de partituras, sino una invitaci\u00f3n a sumergirte en el diverso mundo de la m\u00fasica tradicional. Con una rica selecci\u00f3n de canciones y danzas, y profundamente arraigada en la comunidad de m\u00fasicos, esta colecci\u00f3n ofrece una experiencia musical inigualable. Descubre y experimenta la tradici\u00f3n musical que comenz\u00f3 en Eveshausen y que ahora alcanza una nueva dimensi\u00f3n en este tercer volumen.  <\/p>\n","protected":false},"excerpt":{"rendered":"<p>73 canciones y danzas de los siglos XVI al XX<\/p>\n","protected":false},"featured_media":5473,"comment_status":"closed","ping_status":"closed","template":"","meta":[],"product_brand":[],"product_cat":[1027],"product_tag":[1092,1086,1083,1093,1084,1099],"class_list":{"0":"post-5472","1":"product","2":"type-product","3":"status-publish","4":"has-post-thumbnail","6":"product_cat-partituras","7":"product_tag-musica-antigua","8":"product_tag-musica-drone","9":"product_tag-partituras-de-huemmelchen-y-dudey","10":"product_tag-partituras-para-acordeon-diatonico","11":"product_tag-partituras-para-gaita","12":"product_tag-partituras-para-zanfona","13":"pa_b035_a01_b037-martina-sirtl-es","15":"first","16":"instock","17":"taxable","18":"shipping-taxable","19":"purchasable","20":"product-type-simple"},"_links":{"self":[{"href":"https:\/\/spielleute.de\/es\/wp-json\/wp\/v2\/product\/5472","targetHints":{"allow":["GET"]}}],"collection":[{"href":"https:\/\/spielleute.de\/es\/wp-json\/wp\/v2\/product"}],"about":[{"href":"https:\/\/spielleute.de\/es\/wp-json\/wp\/v2\/types\/product"}],"replies":[{"embeddable":true,"href":"https:\/\/spielleute.de\/es\/wp-json\/wp\/v2\/comments?post=5472"}],"wp:featuredmedia":[{"embeddable":true,"href":"https:\/\/spielleute.de\/es\/wp-json\/wp\/v2\/media\/5473"}],"wp:attachment":[{"href":"https:\/\/spielleute.de\/es\/wp-json\/wp\/v2\/media?parent=5472"}],"wp:term":[{"taxonomy":"product_brand","embeddable":true,"href":"https:\/\/spielleute.de\/es\/wp-json\/wp\/v2\/product_brand?post=5472"},{"taxonomy":"product_cat","embeddable":true,"href":"https:\/\/spielleute.de\/es\/wp-json\/wp\/v2\/product_cat?post=5472"},{"taxonomy":"product_tag","embeddable":true,"href":"https:\/\/spielleute.de\/es\/wp-json\/wp\/v2\/product_tag?post=5472"}],"curies":[{"name":"wp","href":"https:\/\/api.w.org\/{rel}","templated":true}]}}