{"id":5469,"date":"2021-07-05T17:31:12","date_gmt":"2021-07-05T15:31:12","guid":{"rendered":"https:\/\/spielleute.de\/schnurrpfeiffereyen-volumen-1\/"},"modified":"2025-04-30T16:25:20","modified_gmt":"2025-04-30T14:25:20","slug":"schnurrpfeiffereyen-volumen-1","status":"publish","type":"product","link":"https:\/\/spielleute.de\/es\/schnurrpfeiffereyen-volumen-1\/","title":{"rendered":"Schnurrpfeiffereyen &#8211; Volumen 1"},"content":{"rendered":"<p>Bienvenido al mundo de \u00abSchnurrpfeiffereyen &#8211; Band 1\u00bb, una colecci\u00f3n \u00fanica de 123 canciones y danzas tradicionales que har\u00e1n latir m\u00e1s r\u00e1pido el coraz\u00f3n de los juglares. Esta obra abre un tesoro del patrimonio musical de Alemania y los pa\u00edses vecinos, cuidadosamente recopilado para todos aquellos que quieran revivir el pasado a trav\u00e9s de la m\u00fasica. <\/p>\n<h3>Una secci\u00f3n musical a trav\u00e9s de los siglos<\/h3>\n<p>Con 85 canciones y 162 danzas que abarcan desde el siglo XIII hasta el XX, \u00abSchnurrpfeiffereyen &#8211; Band 1\u00bb ofrece un fascinante viaje a trav\u00e9s de diversas \u00e9pocas musicales. Esta colecci\u00f3n en tres vol\u00famenes se recopil\u00f3 entre 1981 y 1983 en las reuniones de gaiteros y zanfonistas de Eveshausen, en la regi\u00f3n de Hunsr\u00fcck, con el objetivo de preservar y compartir el repertorio musical internacional de estas reuniones. <\/p>\n<h3>Silbar para instrumentos dron y m\u00e1s<\/h3>\n<p>La mayor\u00eda de las melod\u00edas de esta colecci\u00f3n est\u00e1n escritas para una sola voz, por lo que son especialmente adecuadas para instrumentos de bord\u00f3n, como la gaita y la zanfona. Sin embargo, la facilidad de ejecuci\u00f3n de las melod\u00edas las hace accesibles a una amplia gama de otros instrumentos. Tanto si eres un m\u00fasico experimentado como un principiante entusiasta, \u00abSchnurrpfeiffereyen\u00bb te invita a formar parte de una tradici\u00f3n musical viva.  <\/p>\n<h3>Preciosas ilustraciones y cuidado dise\u00f1o<\/h3>\n<p>Cada volumen de \u00abSchnurrpfeiffereyen\u00bb est\u00e1 profusamente ilustrado con dibujos de Martina Sirtl, basados en fotograf\u00edas de m\u00fasicos y constructores de instrumentos, as\u00ed como en grabados hist\u00f3ricos y xilograf\u00edas. Estas ilustraciones no s\u00f3lo a\u00f1aden valor est\u00e9tico a la colecci\u00f3n, sino que tambi\u00e9n profundizan en la comprensi\u00f3n de la historia musical y cultural que hay detr\u00e1s de las melod\u00edas. <\/p>\n<h3>Comunidad y compartir: el coraz\u00f3n de \u00abSchnurrpfeiffereyen\u00bb<\/h3>\n<p>Las \u00abSchnurrpfeiffereyen\u00bb son algo m\u00e1s que una colecci\u00f3n de partituras: son un testimonio de la comunidad y del intercambio de ideas entre m\u00fasicos. Las reuniones peri\u00f3dicas en Eveshausen se convirtieron en un animado foro en el que se transmit\u00edan canciones y danzas, se discut\u00eda sobre la fabricaci\u00f3n de instrumentos y se tocaba m\u00fasica juntos. Esta colecci\u00f3n es un intento de preservar este esp\u00edritu de compartir y la alegr\u00eda de la m\u00fasica y de transmitirlo a los dem\u00e1s.  <\/p>\n<h3>2\u00aa edici\u00f3n ampliada y revisada<\/h3>\n<p>La segunda edici\u00f3n de \u00abSchnurrpfeiffereyen &#8211; Band 1\u00bb ha sido publicada por la reci\u00e9n fundada \u00abVerlag der Spielleute\u00bb y ofrece canciones y danzas completamente revisadas y corregidas. El formato ampliado mejora la legibilidad y hace que tocar m\u00fasica de esta colecci\u00f3n sea a\u00fan m\u00e1s agradable. <\/p>\n<h3>Un festival para m\u00fasicos y amantes de la tradici\u00f3n<\/h3>\n<p>\u00abSchnurrpfeiffereyen &#8211; Band 1\u00bb es una invitaci\u00f3n a sumergirte en el diverso mundo de la m\u00fasica tradicional. Es una obra para todos los que disfrutan haciendo m\u00fasica, aprecian el pasado y quieren formar parte de una tradici\u00f3n musical viva. \u00a1Divi\u00e9rtete tocando y descubriendo estas maravillosas melod\u00edas y danzas!  <\/p>\n","protected":false},"excerpt":{"rendered":"<p>123 Canciones y danzas tradicionales de Alemania y pa\u00edses vecinos<\/p>\n","protected":false},"featured_media":5470,"comment_status":"closed","ping_status":"closed","template":"","meta":[],"product_brand":[],"product_cat":[1027],"product_tag":[1094,1112,1092,1038,1083,1093,1084,1099],"class_list":{"0":"post-5469","1":"product","2":"type-product","3":"status-publish","4":"has-post-thumbnail","6":"product_cat-partituras","7":"product_tag-bourree-es","8":"product_tag-juglares","9":"product_tag-musica-antigua","10":"product_tag-musica-tradicional","11":"product_tag-partituras-de-huemmelchen-y-dudey","12":"product_tag-partituras-para-acordeon-diatonico","13":"product_tag-partituras-para-gaita","14":"product_tag-partituras-para-zanfona","15":"pa_b035_a01_b037-martina-sirtl-es","17":"first","18":"instock","19":"taxable","20":"shipping-taxable","21":"purchasable","22":"product-type-simple"},"_links":{"self":[{"href":"https:\/\/spielleute.de\/es\/wp-json\/wp\/v2\/product\/5469","targetHints":{"allow":["GET"]}}],"collection":[{"href":"https:\/\/spielleute.de\/es\/wp-json\/wp\/v2\/product"}],"about":[{"href":"https:\/\/spielleute.de\/es\/wp-json\/wp\/v2\/types\/product"}],"replies":[{"embeddable":true,"href":"https:\/\/spielleute.de\/es\/wp-json\/wp\/v2\/comments?post=5469"}],"wp:featuredmedia":[{"embeddable":true,"href":"https:\/\/spielleute.de\/es\/wp-json\/wp\/v2\/media\/5470"}],"wp:attachment":[{"href":"https:\/\/spielleute.de\/es\/wp-json\/wp\/v2\/media?parent=5469"}],"wp:term":[{"taxonomy":"product_brand","embeddable":true,"href":"https:\/\/spielleute.de\/es\/wp-json\/wp\/v2\/product_brand?post=5469"},{"taxonomy":"product_cat","embeddable":true,"href":"https:\/\/spielleute.de\/es\/wp-json\/wp\/v2\/product_cat?post=5469"},{"taxonomy":"product_tag","embeddable":true,"href":"https:\/\/spielleute.de\/es\/wp-json\/wp\/v2\/product_tag?post=5469"}],"curies":[{"name":"wp","href":"https:\/\/api.w.org\/{rel}","templated":true}]}}