{"id":5464,"date":"2021-03-29T17:31:51","date_gmt":"2021-03-29T15:31:51","guid":{"rendered":"https:\/\/spielleute.de\/cantus-et-tibia-ampliado\/"},"modified":"2021-03-29T17:31:51","modified_gmt":"2021-03-29T15:31:51","slug":"cantus-et-tibia-ampliado","status":"publish","type":"product","link":"https:\/\/spielleute.de\/es\/cantus-et-tibia-ampliado\/","title":{"rendered":"Cantus et Tibia &#8211; ampliado"},"content":{"rendered":"<p>Bajo el lema \u00abCANTUS ET TIBIA\u00bb, cantar y tocar la flauta, la colecci\u00f3n creada por Hermann Rieth se extiende a lo largo de tres vol\u00famenes y abarca un amplio espectro musical. \u00c9ste abarca desde la Alta Edad Media hasta el Renacimiento en el primer volumen, contin\u00faa hasta nuestros d\u00edas en el segundo y se completa en el tercer volumen con otras diez melod\u00edas arregladas para varias voces. <\/p>\n<h3>Las particularidades de los instrumentos<\/h3>\n<p>H\u00fcmmelchen y Dudey, peque\u00f1as gaitas que se caracterizan por su suave sonido transportado por un bord\u00f3n, son el centro de la colecci\u00f3n \u00abCantus et Tibia &#8211; Expanded\u00bb. Tal y como las describi\u00f3 Michael Praetorius en 1619, ofrecen una experiencia musical especial, adecuada tanto para actuaciones en solitario como para tocar en conjunto con flautas, violines, arpas, cornamusas y gemshorns. Su capacidad para apoyar y acompa\u00f1ar el canto confiere a las canciones un car\u00e1cter distintivo.  <\/p>\n<h3>Pr\u00f3logo y filosof\u00eda musical<\/h3>\n<p>En su pr\u00f3logo, Hermann Rieth destaca la versatilidad de H\u00fcmmelchen y Dudey y su capacidad para enriquecer piezas musicales de distintas \u00e9pocas y g\u00e9neros. La colecci\u00f3n \u00abCantus et Tibia &#8211; Expanded\u00bb es el resultado de experiencias musicales conjuntas y pretende ofrecer a los m\u00fasicos un repertorio adecuado tanto para instrumentos hist\u00f3ricos del Renacimiento y el Barroco como para composiciones contempor\u00e1neas. <\/p>\n<h3>Amplia colecci\u00f3n y personalizaciones<\/h3>\n<p>El tercer volumen, \u00abCantus et Tibia &#8211; Ampliado\u00bb, contiene una selecci\u00f3n ampliada de canciones que se han arreglado especialmente para la afinaci\u00f3n de H\u00fcmmelchen y Dudey en C\/F. Para facilitar la interpretaci\u00f3n conjunta, las partes de acompa\u00f1amiento de los seis primeros t\u00edtulos se han impreso por separado. Tres piezas extra enriquecen a\u00fan m\u00e1s la colecci\u00f3n y ofrecen nuevos descubrimientos musicales.  <\/p>\n<h3>Invitaci\u00f3n a hacer m\u00fasica creativa<\/h3>\n<p>\u00abCantus et Tibia &#8211; Ampliado\u00bb es una invitaci\u00f3n a todos los amantes de la m\u00fasica a explorar los diversos mundos sonoros de la m\u00fasica hist\u00f3rica y moderna. Con las detalladas notaciones y arreglos de Hermann Rieth, hacer m\u00fasica juntos se convierte en una experiencia enriquecedora e inspiradora. <\/p>\n","protected":false},"excerpt":{"rendered":"<p>Canciones con acompa\u00f1amiento<\/p>\n","protected":false},"featured_media":5465,"comment_status":"closed","ping_status":"closed","template":"","meta":[],"product_brand":[],"product_cat":[1027],"product_tag":[1092,1087,1086,1083],"class_list":{"0":"post-5464","1":"product","2":"type-product","3":"status-publish","4":"has-post-thumbnail","6":"product_cat-partituras","7":"product_tag-musica-antigua","8":"product_tag-musica-barroca","9":"product_tag-musica-drone","10":"product_tag-partituras-de-huemmelchen-y-dudey","11":"pa_b035_a01_b037-hermann-rieth-es","13":"first","14":"instock","15":"taxable","16":"shipping-taxable","17":"purchasable","18":"product-type-simple"},"_links":{"self":[{"href":"https:\/\/spielleute.de\/es\/wp-json\/wp\/v2\/product\/5464","targetHints":{"allow":["GET"]}}],"collection":[{"href":"https:\/\/spielleute.de\/es\/wp-json\/wp\/v2\/product"}],"about":[{"href":"https:\/\/spielleute.de\/es\/wp-json\/wp\/v2\/types\/product"}],"replies":[{"embeddable":true,"href":"https:\/\/spielleute.de\/es\/wp-json\/wp\/v2\/comments?post=5464"}],"wp:featuredmedia":[{"embeddable":true,"href":"https:\/\/spielleute.de\/es\/wp-json\/wp\/v2\/media\/5465"}],"wp:attachment":[{"href":"https:\/\/spielleute.de\/es\/wp-json\/wp\/v2\/media?parent=5464"}],"wp:term":[{"taxonomy":"product_brand","embeddable":true,"href":"https:\/\/spielleute.de\/es\/wp-json\/wp\/v2\/product_brand?post=5464"},{"taxonomy":"product_cat","embeddable":true,"href":"https:\/\/spielleute.de\/es\/wp-json\/wp\/v2\/product_cat?post=5464"},{"taxonomy":"product_tag","embeddable":true,"href":"https:\/\/spielleute.de\/es\/wp-json\/wp\/v2\/product_tag?post=5464"}],"curies":[{"name":"wp","href":"https:\/\/api.w.org\/{rel}","templated":true}]}}