{"id":5463,"date":"2021-05-31T17:31:51","date_gmt":"2021-05-31T15:31:51","guid":{"rendered":"https:\/\/spielleute.de\/estudios-de-nyckelharpa\/"},"modified":"2025-04-30T16:24:17","modified_gmt":"2025-04-30T14:24:17","slug":"estudios-de-nyckelharpa","status":"publish","type":"product","link":"https:\/\/spielleute.de\/es\/estudios-de-nyckelharpa\/","title":{"rendered":"Estudios de nyckelharpa"},"content":{"rendered":"<p>\u00abEstudios de nyckelharpa\u00bb es una colecci\u00f3n de ejercicios recopilados por el virtuoso de fama internacional Marco Ambrosini para ofrecer a los int\u00e9rpretes de este instrumento \u00fanico una forma de mejorar su t\u00e9cnica de interpretaci\u00f3n. Este libro representa una contribuci\u00f3n fundamental al desarrollo de la nyckelharpa, un instrumento de cuerda cuya afinaci\u00f3n se altera con un teclado y que est\u00e1 documentado en la historia de la m\u00fasica desde aproximadamente 1350. <\/p>\n<h3>El viol\u00edn clave<\/h3>\n<p>La nyckelharpa es un instrumento de cuerda en el que las cuerdas se pulsan con un arco. El tono se cambia con el teclado, las \u00abteclas\u00bb. Las cuerdas resonantes contribuyen al sonido especial. Seg\u00fan el dise\u00f1o, el instrumento tiene una o varias filas de teclas.   <\/p>\n<h3>Un viaje a trav\u00e9s de la historia<\/h3>\n<p>La nyckelharpa est\u00e1 documentada desde alrededor de 1350 y se toc\u00f3 en varios pa\u00edses europeos hasta el siglo XVII. Praetorius y Agricola tambi\u00e9n la describen como un viol\u00edn de tecla. A partir del siglo XVII se utiliz\u00f3 exclusivamente en el folclore sueco.    <\/p>\n<h3>\u00abNyckelharpa Etudes\u00bb en el enfoque de la educaci\u00f3n musical<\/h3>\n<p>Cualquiera que est\u00e9 aprendiendo a tocar un instrumento musical cl\u00e1sico estar\u00e1 muy familiarizado con los estudios, ya que son la forma ideal de mejorar la t\u00e9cnica de interpretaci\u00f3n, la fluidez y la velocidad. Para dominar el potencial musical de la nyckelharpa, los m\u00fasicos tienen ahora acceso a una colecci\u00f3n de ejercicios del virtuoso Marco Ambrosini, de fama internacional. <\/p>\n<p>Los \u00abEstudios de nyckelharpa\u00bb est\u00e1n anotados tanto para instrumentos afinados \u00absuecos\u00bb de 3 y 4 filas (sexta-cuarta-quinta), como para nyckelharpas afinadas \u00abcontinentales\u00bb (quinta-quinta-quinta-quinta), lo que se prefiere sobre todo para los instrumentos fabricados en Europa Central.<\/p>\n<h3>Ejercicios personalizados para la nyckelharpa<\/h3>\n<p>Con el libro \u00abNyckelharpa Etudes\u00bb, el autor ha proporcionado a la creciente escena de int\u00e9rpretes de nyckelharpa un profundo material de trabajo. Con su trabajo en el proyecto CADENCE y con este libro de texto, ha hecho una contribuci\u00f3n fundamental para que la nyckelharpa reciba la atenci\u00f3n y difusi\u00f3n que merece. Probablemente nunca habr\u00e1 un libro de estudios comparable para otros instrumentos tradicionales.  <\/p>\n<p>Todos los textos y explicaciones de este libro est\u00e1n en italiano, alem\u00e1n e ingl\u00e9s.<\/p>\n","protected":false},"excerpt":{"rendered":"<p>Colecci\u00f3n Etude para uso diario de Marco Ambrosini<\/p>\n","protected":false},"featured_media":5467,"comment_status":"closed","ping_status":"closed","template":"","meta":[],"product_brand":[],"product_cat":[1106],"product_tag":[1107,1087,1038],"class_list":{"0":"post-5463","1":"product","2":"type-product","3":"status-publish","4":"has-post-thumbnail","6":"product_cat-no-ficcion","7":"product_tag-aprende-a-tocar-la-nyckelharpa","8":"product_tag-musica-barroca","9":"product_tag-musica-tradicional","10":"pa_b035_a01_b037-marco-ambrosini-es","12":"first","13":"instock","14":"taxable","15":"shipping-taxable","16":"purchasable","17":"product-type-simple"},"_links":{"self":[{"href":"https:\/\/spielleute.de\/es\/wp-json\/wp\/v2\/product\/5463","targetHints":{"allow":["GET"]}}],"collection":[{"href":"https:\/\/spielleute.de\/es\/wp-json\/wp\/v2\/product"}],"about":[{"href":"https:\/\/spielleute.de\/es\/wp-json\/wp\/v2\/types\/product"}],"replies":[{"embeddable":true,"href":"https:\/\/spielleute.de\/es\/wp-json\/wp\/v2\/comments?post=5463"}],"wp:featuredmedia":[{"embeddable":true,"href":"https:\/\/spielleute.de\/es\/wp-json\/wp\/v2\/media\/5467"}],"wp:attachment":[{"href":"https:\/\/spielleute.de\/es\/wp-json\/wp\/v2\/media?parent=5463"}],"wp:term":[{"taxonomy":"product_brand","embeddable":true,"href":"https:\/\/spielleute.de\/es\/wp-json\/wp\/v2\/product_brand?post=5463"},{"taxonomy":"product_cat","embeddable":true,"href":"https:\/\/spielleute.de\/es\/wp-json\/wp\/v2\/product_cat?post=5463"},{"taxonomy":"product_tag","embeddable":true,"href":"https:\/\/spielleute.de\/es\/wp-json\/wp\/v2\/product_tag?post=5463"}],"curies":[{"name":"wp","href":"https:\/\/api.w.org\/{rel}","templated":true}]}}