{"id":5457,"date":"2021-05-05T17:31:12","date_gmt":"2021-05-05T15:31:12","guid":{"rendered":"https:\/\/spielleute.de\/canciones-infantiles\/"},"modified":"2025-04-30T16:25:10","modified_gmt":"2025-04-30T14:25:10","slug":"canciones-infantiles","status":"publish","type":"product","link":"https:\/\/spielleute.de\/es\/canciones-infantiles\/","title":{"rendered":"Canciones infantiles"},"content":{"rendered":"<p>La colecci\u00f3n \u00abKinderlieder\u00bb, cuidadosamente recopilada por Hermann Rieth, re\u00fane 11 encantadoras canciones infantiles que han sido especialmente arregladas para las gaitas H\u00fcmmelchen y Dudey en afinaci\u00f3n C\/F. Sin embargo, estos instrumentos no son los \u00fanicos que se utilizan aqu\u00ed; las piezas tambi\u00e9n pueden interpretarse en solitario, a d\u00fao o en conjunto con otros instrumentos diversos, como flautas, violines, arpas y otros. <\/p>\n<h3>La magia de las peque\u00f1as gaitas<\/h3>\n<p>H\u00fcmmelchen y Dudey, instrumentos vers\u00e1tiles, ofrecen una experiencia musical \u00fanica en actuaciones en solitario, a d\u00fao o en un conjunto tranquilo con flautas, violines, arpa, cornamusa y gemshorn. Su sonido zumb\u00f3n se adapta perfectamente a la voz humana y confiere a las canciones un car\u00e1cter muy especial debido a la falta de posibilidades din\u00e1micas de la gaita. Estos instrumentos de finales del Renacimiento y principios del Barroco, tal como los describi\u00f3 Michael Praetorius en 1619, enriquecen la experiencia musical con su sonido hist\u00f3ricamente arraigado pero de belleza intemporal.  <\/p>\n<h3>Pr\u00f3logo de Hermann Rieth: Una inmersi\u00f3n en el mundo de la m\u00fasica<\/h3>\n<p>En el pr\u00f3logo de \u00abKinderlieder\u00bb, Hermann Rieth nos lleva de viaje por el mundo de la m\u00fasica, desde la importancia hist\u00f3rica de los juglares hasta preguntas e historias intemporales contadas a trav\u00e9s de la canci\u00f3n. Desde la curiosidad y la alegr\u00eda que la m\u00fasica aporta a nuestras vidas hasta las profundas reflexiones sobre la muerte y el viaje nocturno al pa\u00eds de los sue\u00f1os, esta colecci\u00f3n ofrece una rica paleta de emociones y experiencias. <\/p>\n<h3>Una variada selecci\u00f3n de canciones<\/h3>\n<ul>\n<li>\u00abAufzug der Spielleute\u00bb y \u00abWo wohnt der liebe Gott?\u00bb: Dos ejemplos que muestran c\u00f3mo la m\u00fasica puede enriquecer nuestra percepci\u00f3n del mundo y de la fe.<\/li>\n<li>\u00abDos gorriones\u00bb y \u00abEl cuco y el burro\u00bb: canciones que exploran la naturaleza y sus historias con humor y ligereza.<\/li>\n<li>\u00abBertold Biber\u00bb y \u00abQuodlibet\u00bb: Desde la divertida vida animal hasta la sociable creaci\u00f3n musical, estas canciones ofrecen variedad y diversi\u00f3n.<\/li>\n<li>\u00abDetener el tren\u00bb y \u00abCanci\u00f3n del atardecer\u00bb: Historias y reflexiones que narran las peque\u00f1as aventuras y la tranquilidad del atardecer.<\/li>\n<li>\u00abCanci\u00f3n Nocturna\u00bb y \u00abLluvia\u00bb: El viaje a trav\u00e9s de la noche y el relajante sonido de la lluvia ofrecen consuelo y paz.<\/li>\n<li>\u00abOld A&#8217;bram Brown\u00bb: Una canci\u00f3n que tematiza la inevitabilidad de la muerte y, sin embargo, deja un recuerdo positivo.<\/li>\n<\/ul>\n<h3>Gracias a Phillippa K\u00f6ttner-Robertson<\/h3>\n<p>Un agradecimiento especial a Phillippa K\u00f6ttner-Robertson, cuyas ilustraciones no s\u00f3lo enriquecen el folleto \u00abKinderlieder\u00bb, sino que tambi\u00e9n dan vida visual a las canciones presentadas.<\/p>\n<h3>Una llamada a hacer m\u00fasica juntos<\/h3>\n<p>La colecci\u00f3n \u00abKinderlieder\u00bb de Hermann Rieth est\u00e1 dirigida no s\u00f3lo a los j\u00f3venes m\u00fasicos, sino tambi\u00e9n a los padres y abuelos que cantan y hacen m\u00fasica con los ni\u00f1os. Los cuentos ilustrados y las canciones sirven de puente para abrir a los ni\u00f1os un mundo hogare\u00f1o lleno de m\u00fasica y fantas\u00eda. <\/p>\n<p>Esta colecci\u00f3n es algo m\u00e1s que un libro de partituras: es una invitaci\u00f3n a sumergirse juntos en el mundo de la m\u00fasica y a descubrir y compartir la alegr\u00eda de hacer m\u00fasica.<\/p>\n","protected":false},"excerpt":{"rendered":"<p>11 canciones infantiles &#8211; arregladas para H\u00fcmmelchen, Dudey y muchos otros instrumentos. Compilado por Hermann Rieth <\/p>\n","protected":false},"featured_media":5459,"comment_status":"closed","ping_status":"closed","template":"","meta":[],"product_brand":[],"product_cat":[1027],"product_tag":[1086,1083,1084],"class_list":{"0":"post-5457","1":"product","2":"type-product","3":"status-publish","4":"has-post-thumbnail","6":"product_cat-partituras","7":"product_tag-musica-drone","8":"product_tag-partituras-de-huemmelchen-y-dudey","9":"product_tag-partituras-para-gaita","10":"pa_b035_a01_b037-hermann-rieth-es","12":"first","13":"instock","14":"taxable","15":"shipping-taxable","16":"purchasable","17":"product-type-simple"},"_links":{"self":[{"href":"https:\/\/spielleute.de\/es\/wp-json\/wp\/v2\/product\/5457","targetHints":{"allow":["GET"]}}],"collection":[{"href":"https:\/\/spielleute.de\/es\/wp-json\/wp\/v2\/product"}],"about":[{"href":"https:\/\/spielleute.de\/es\/wp-json\/wp\/v2\/types\/product"}],"replies":[{"embeddable":true,"href":"https:\/\/spielleute.de\/es\/wp-json\/wp\/v2\/comments?post=5457"}],"wp:featuredmedia":[{"embeddable":true,"href":"https:\/\/spielleute.de\/es\/wp-json\/wp\/v2\/media\/5459"}],"wp:attachment":[{"href":"https:\/\/spielleute.de\/es\/wp-json\/wp\/v2\/media?parent=5457"}],"wp:term":[{"taxonomy":"product_brand","embeddable":true,"href":"https:\/\/spielleute.de\/es\/wp-json\/wp\/v2\/product_brand?post=5457"},{"taxonomy":"product_cat","embeddable":true,"href":"https:\/\/spielleute.de\/es\/wp-json\/wp\/v2\/product_cat?post=5457"},{"taxonomy":"product_tag","embeddable":true,"href":"https:\/\/spielleute.de\/es\/wp-json\/wp\/v2\/product_tag?post=5457"}],"curies":[{"name":"wp","href":"https:\/\/api.w.org\/{rel}","templated":true}]}}