{"id":5454,"date":"2020-02-10T17:32:50","date_gmt":"2020-02-10T16:32:50","guid":{"rendered":"https:\/\/spielleute.de\/melodias-pelgen-vol-3\/"},"modified":"2020-02-10T17:32:50","modified_gmt":"2020-02-10T16:32:50","slug":"melodias-pelgen-vol-3","status":"publish","type":"product","link":"https:\/\/spielleute.de\/es\/melodias-pelgen-vol-3\/","title":{"rendered":"Melod\u00edas Pelgen &#8211; Vol. 3"},"content":{"rendered":"<p>Descubre el mundo de \u00abPelgen Tunes &#8211; Vol. 3\u00bb, una colecci\u00f3n que demuestra una vez m\u00e1s c\u00f3mo Christoph Pelgen enriquece la escena de la m\u00fasica drone con su inigualable creatividad. Con 80 nuevas melod\u00edas, creadas entre octubre de 2016 y septiembre de 2019, este volumen abre una ventana al viaje musical de Pelgen, lleno de encuentros, experiencias e hitos personales.  <\/p>\n<h3>Diversos paisajes musicales<\/h3>\n<p>Pelgen, conocido por su versatilidad y compromiso con la escena musical, aporta una gran cantidad de composiciones que dan testimonio de su impresionante diversidad musical. M\u00e1s que casi ning\u00fan otro m\u00fasico, Christoph Pelgen ha dejado su huella en la escena de la m\u00fasica drone en los \u00faltimos a\u00f1os. Como m\u00fasico virtuoso, director de curso dedicado y compositor extremadamente trabajador, ha contribuido incre\u00edblemente al desarrollo de la escena. Muchas de sus composiciones se han convertido en parte integrante del repertorio de sesi\u00f3n y son populares en toda Europa. La colecci\u00f3n \u00abPelgen Tunes &#8211; Vol. 3\u00bb, a menudo inspirada y desarrollada como preparaci\u00f3n para sus talleres, refleja la diversidad y vitalidad de la escena europea de la m\u00fasica drone.     <\/p>\n<h3>Un placer para todos los instrumentos<\/h3>\n<p>Ya sea con la gaita, la zanfona, el viol\u00edn, la flauta o incluso el acorde\u00f3n y el contrabajo, \u00abMelod\u00edas Pelgen &#8211; Vol. 3\u00bb ofrece a todos los m\u00fasicos y a todos los instrumentos la oportunidad de formar parte de este fascinante mundo musical. Las piezas est\u00e1n deliberadamente abiertas para animar e inspirar tus propias interpretaciones y arreglos.  <\/p>\n<h3>Conocido de Sesiones<\/h3>\n<p>La diversidad musical de sus composiciones es impresionante, muchas de las cuales forman parte ahora del repertorio habitual de las sesiones y algunas incluso se han convertido en \u00e9xitos populares. En toda Europa, sus melod\u00edas se tocan con entusiasmo en una gran variedad de formaciones. No s\u00f3lo son adecuadas para los t\u00edpicos instrumentos de bord\u00f3n, como la gaita y la zanfona, sino que tambi\u00e9n se pueden tocar con cualquier instrumento imaginable, desde el acorde\u00f3n hasta el contrabajo.  <\/p>\n<h3>Un llamamiento a la creatividad<\/h3>\n<p>Christoph Pelgen anima a todos los m\u00fasicos no s\u00f3lo a tocar sus composiciones, sino tambi\u00e9n a organizarlas de forma creativa. La colecci\u00f3n \u00abPelgen Tunes &#8211; Vol. 3\u00bb sirve de base para innumerables aventuras musicales, ya sea en Bal Folks, en conciertos o simplemente en compa\u00f1\u00eda de amigos. Se anima a quienes tocan sus melod\u00edas a que encuentren sus propias interpretaciones y arreglos. Nada est\u00e1 escrito en piedra. Las notas son instant\u00e1neas y las segundas y terceras partes escritas en el libro se adaptan a menudo al limitado rango de la gaita.     <\/p>\n<h3>Una obra indispensable para Bal Folk<\/h3>\n<p>Tanto si eres un m\u00fasico experimentado como si simplemente disfrutas descubriendo nuevas melod\u00edas, \u00abMelod\u00edas Pelgen &#8211; Vol. 3\u00bb es un enriquecimiento para cualquier colecci\u00f3n de m\u00fasica. Sum\u00e9rgete en el mundo de Christoph Pelgen y d\u00e9jate hechizar por la variedad y belleza de sus composiciones. \u00a1Una nueva colecci\u00f3n de partituras para todos los que disfrutan con la buena m\u00fasica de zumbidos y el desarrollo de la m\u00fasica tradicional!   <\/p>\n","protected":false},"excerpt":{"rendered":"<p>80 nuevas melod\u00edas para gaita, zanfona, viol\u00edn, flauta, etc. &#8211; con acordes<\/p>\n","protected":false},"featured_media":5455,"comment_status":"closed","ping_status":"closed","template":"","meta":[],"product_brand":[],"product_cat":[1027],"product_tag":[1086,1093,1098,1084,1099],"class_list":{"0":"post-5454","1":"product","2":"type-product","3":"status-publish","4":"has-post-thumbnail","6":"product_cat-partituras","7":"product_tag-musica-drone","8":"product_tag-partituras-para-acordeon-diatonico","9":"product_tag-partituras-para-bal-folk","10":"product_tag-partituras-para-gaita","11":"product_tag-partituras-para-zanfona","12":"pa_b035_a01_b037-christoph-pelgen-es","14":"first","15":"outofstock","16":"taxable","17":"shipping-taxable","18":"purchasable","19":"product-type-simple"},"_links":{"self":[{"href":"https:\/\/spielleute.de\/es\/wp-json\/wp\/v2\/product\/5454","targetHints":{"allow":["GET"]}}],"collection":[{"href":"https:\/\/spielleute.de\/es\/wp-json\/wp\/v2\/product"}],"about":[{"href":"https:\/\/spielleute.de\/es\/wp-json\/wp\/v2\/types\/product"}],"replies":[{"embeddable":true,"href":"https:\/\/spielleute.de\/es\/wp-json\/wp\/v2\/comments?post=5454"}],"wp:featuredmedia":[{"embeddable":true,"href":"https:\/\/spielleute.de\/es\/wp-json\/wp\/v2\/media\/5455"}],"wp:attachment":[{"href":"https:\/\/spielleute.de\/es\/wp-json\/wp\/v2\/media?parent=5454"}],"wp:term":[{"taxonomy":"product_brand","embeddable":true,"href":"https:\/\/spielleute.de\/es\/wp-json\/wp\/v2\/product_brand?post=5454"},{"taxonomy":"product_cat","embeddable":true,"href":"https:\/\/spielleute.de\/es\/wp-json\/wp\/v2\/product_cat?post=5454"},{"taxonomy":"product_tag","embeddable":true,"href":"https:\/\/spielleute.de\/es\/wp-json\/wp\/v2\/product_tag?post=5454"}],"curies":[{"name":"wp","href":"https:\/\/api.w.org\/{rel}","templated":true}]}}