{"id":5449,"date":"2021-05-02T17:32:50","date_gmt":"2021-05-02T15:32:50","guid":{"rendered":"https:\/\/spielleute.de\/libro-de-musica-de-spielmann-volumen-1\/"},"modified":"2021-05-02T17:32:50","modified_gmt":"2021-05-02T15:32:50","slug":"libro-de-musica-de-spielmann-volumen-1","status":"publish","type":"product","link":"https:\/\/spielleute.de\/es\/libro-de-musica-de-spielmann-volumen-1\/","title":{"rendered":"Libro de m\u00fasica de Spielmann &#8211; Volumen 1"},"content":{"rendered":"<p>Con motivo del 30 aniversario de esta colecci\u00f3n de partituras, presentamos la nueva edici\u00f3n ampliada y revisada de \u00abSpielmanns Notenbuch &#8211; Band 1\u00bb. Publicada originalmente en 1991, esta popular colecci\u00f3n ha sido revisada y ampliada con varios t\u00edtulos. El nuevo formato y la pr\u00e1ctica encuadernaci\u00f3n Wire-O hacen que el libro sea a\u00fan m\u00e1s f\u00e1cil de usar y garantizan un mejor manejo en el atril. Los autores han revisado la popular colecci\u00f3n de partituras y tambi\u00e9n han a\u00f1adido algunos t\u00edtulos nuevos.   <\/p>\n<h3>La diversidad de los instrumentos hist\u00f3ricos<\/h3>\n<p>La colecci\u00f3n se caracteriza por piezas especialmente arregladas para el rango de una novena, lo que las hace ideales para instrumentos como H\u00fcmmelchen, Dudey, Gemsh\u00f6rner, Krummh\u00f6rner y Cornamusen. Las partes originales se anotan por separado en \u00abSpielmanns Notenbuch &#8211; Band 1\u00bb, y los autores proporcionan valiosa informaci\u00f3n sobre los tubos de puntero, las afinaciones de los bordones y la historia de la m\u00fasica. Esta colecci\u00f3n, cuidadosamente recopilada, es un verdadero tesoro para todos los flautistas y amantes de los instrumentos hist\u00f3ricos de viento y bordones.  <\/p>\n<h3>Experiencia y pasi\u00f3n de los autores<\/h3>\n<p>Con muchos a\u00f1os de experiencia en m\u00fasica hist\u00f3rica, los autores Kamini Barbara Govil-Willers y Friedhelm Capelle han recopilado con cari\u00f1o la colecci\u00f3n \u00abSpielmanns Notenbuch &#8211; Band 1\u00bb para m\u00fasicos de todas las edades. Su experiencia ha hecho de \u00abSpielmanns Notenbuch\u00bb una herramienta indispensable para grupos de interpretaci\u00f3n, escuelas de m\u00fasica y orquestas escolares. <\/p>\n<h3>Contenido: Un viaje por la historia de la m\u00fasica<\/h3>\n<p>Desde melod\u00edas medievales hasta danzas renacentistas y suites barrocas: este libro de m\u00fasica te invita a un fascinante viaje por la historia de la m\u00fasica. Contiene obras de compositores conocidos y menos conocidos, arregladas de forma que atraigan e inspiren directamente a los m\u00fasicos modernos. En \u00abSpielmanns Notenbuch &#8211; Band 1\u00bb se indican las afinaciones de flauta y bord\u00f3n que deben utilizarse, as\u00ed como transposiciones alternativas y breves explicaciones sobre la instrumentaci\u00f3n de las piezas y la historia de la m\u00fasica del periodo correspondiente.  <\/p>\n<h3>Descubrimientos musicales<\/h3>\n<ul>\n<li>Edad Media: Explora la diversidad de la m\u00fasica medieval con piezas de los \u00abCarmina Burana\u00bb y obras de maestros an\u00f3nimos.<\/li>\n<li>Renacimiento: Sum\u00e9rgete en el mundo del Renacimiento con las danzas de Tielman Susato, Pierre Phal\u00e8se y Claude Gervaise.<\/li>\n<li>Barroco temprano: Descubre los movimientos de danza de Michael Praetorius, que reflejan el animado periodo barroco.<\/li>\n<li>Barroco: Deja que las suites de Joseph Bodin de Boismortier y el esp\u00edritu de Philippe Ch\u00e9deville te transporten a la \u00e9poca barroca.<\/li>\n<li>Canciones de Navidad: Vive el ambiente festivo con una selecci\u00f3n de canciones navide\u00f1as tradicionales.<\/li>\n<\/ul>\n<p>\u00abLibro de m\u00fasica de Spielmann &#8211; Volumen 1\u00bb es algo m\u00e1s que un libro de m\u00fasica: es una ventana al rico mundo de la m\u00fasica antigua, abierta a m\u00fasicos y amantes de los instrumentos hist\u00f3ricos de bord\u00f3n y viento. Con esta colecci\u00f3n en la mano, cada nota te invita a descubrir, aprender y hacer m\u00fasica. <\/p>\n","protected":false},"excerpt":{"rendered":"<p>M\u00fasica antigua en movimientos polif\u00f3nicos para flautas, drones hist\u00f3ricos e instrumentos de viento<\/p>\n","protected":false},"featured_media":5452,"comment_status":"closed","ping_status":"closed","template":"","meta":[],"product_brand":[],"product_cat":[1027],"product_tag":[1094,1092,1087,1086,1083,1095,1093,1084],"class_list":{"0":"post-5449","1":"product","2":"type-product","3":"status-publish","4":"has-post-thumbnail","6":"product_cat-partituras","7":"product_tag-bourree-es","8":"product_tag-musica-antigua","9":"product_tag-musica-barroca","10":"product_tag-musica-drone","11":"product_tag-partituras-de-huemmelchen-y-dudey","12":"product_tag-partituras-de-musica-de-la-edad-media","13":"product_tag-partituras-para-acordeon-diatonico","14":"product_tag-partituras-para-gaita","15":"pa_b035_a01_b037-kamini-barbara-govil-willers-es","17":"first","18":"outofstock","19":"taxable","20":"shipping-taxable","21":"purchasable","22":"product-type-simple"},"_links":{"self":[{"href":"https:\/\/spielleute.de\/es\/wp-json\/wp\/v2\/product\/5449","targetHints":{"allow":["GET"]}}],"collection":[{"href":"https:\/\/spielleute.de\/es\/wp-json\/wp\/v2\/product"}],"about":[{"href":"https:\/\/spielleute.de\/es\/wp-json\/wp\/v2\/types\/product"}],"replies":[{"embeddable":true,"href":"https:\/\/spielleute.de\/es\/wp-json\/wp\/v2\/comments?post=5449"}],"wp:featuredmedia":[{"embeddable":true,"href":"https:\/\/spielleute.de\/es\/wp-json\/wp\/v2\/media\/5452"}],"wp:attachment":[{"href":"https:\/\/spielleute.de\/es\/wp-json\/wp\/v2\/media?parent=5449"}],"wp:term":[{"taxonomy":"product_brand","embeddable":true,"href":"https:\/\/spielleute.de\/es\/wp-json\/wp\/v2\/product_brand?post=5449"},{"taxonomy":"product_cat","embeddable":true,"href":"https:\/\/spielleute.de\/es\/wp-json\/wp\/v2\/product_cat?post=5449"},{"taxonomy":"product_tag","embeddable":true,"href":"https:\/\/spielleute.de\/es\/wp-json\/wp\/v2\/product_tag?post=5449"}],"curies":[{"name":"wp","href":"https:\/\/api.w.org\/{rel}","templated":true}]}}