{"id":5448,"date":"2019-08-26T17:33:26","date_gmt":"2019-08-26T15:33:26","guid":{"rendered":"https:\/\/spielleute.de\/cantus-et-tibia-volumen-2\/"},"modified":"2019-08-26T17:33:26","modified_gmt":"2019-08-26T15:33:26","slug":"cantus-et-tibia-volumen-2","status":"publish","type":"product","link":"https:\/\/spielleute.de\/es\/cantus-et-tibia-volumen-2\/","title":{"rendered":"Cantus et Tibia &#8211; Volumen 2"},"content":{"rendered":"<p>\u00abCantus et Tibia\u00bb es el lema de esta colecci\u00f3n de canciones en dos vol\u00famenes recopilada por Hermann Rieth. Esta frase, que incluye cantar y tocar la flauta (o m\u00e1s generalmente: tocar instrumentos de viento), introduce un viaje musical que conduce desde los inicios en la Alta Edad Media hasta nuestros d\u00edas. Especialmente concebido para las gaitas H\u00fcmmelchen y Dudey en afinaci\u00f3n C\/F, el Volumen 2 abre la ventana a un mundo en el que tradici\u00f3n y contemporaneidad fluyen armoniosamente juntas.  <\/p>\n<h3>Versatilidad en la elecci\u00f3n de instrumentos<\/h3>\n<p>La colecci\u00f3n \u00abCantus et Tibia &#8211; Volumen 2\u00bb pone de relieve la versatilidad de H\u00fcmmelchen y Dudey, pero tambi\u00e9n su apertura a otros instrumentos mel\u00f3dicos como flautas dulces, violines o incluso gemshorns y cornamusas. Las composiciones y los arreglos tienen en cuenta el sonido especial a base de zumbidos de estos instrumentos, pero tambi\u00e9n armonizan maravillosamente con la voz humana. <\/p>\n<h3>Diversidad y libertad musical<\/h3>\n<p>Esta colecci\u00f3n abarca desde el periodo barroco hasta canciones de los siglos XVIII y XX. Cada pieza de \u00abCantus et Tibia &#8211; Volumen 2\u00bb abre la posibilidad de interpretar la m\u00fasica a tu manera, ya sea tocando con instrumentos diferentes, adaptando las melod\u00edas o inventando tus propios acompa\u00f1amientos. <\/p>\n<h3>El significado de H\u00fcmmelchen y Dudey<\/h3>\n<p>El H\u00fcmmelchen y el Dudey, descritos con gran detalle por Michael Praetorius a principios del siglo XVII, resultan ser los compa\u00f1eros ideales para este viaje musical a trav\u00e9s del tiempo. Su suave presencia no s\u00f3lo se adapta a la m\u00fasica de su \u00e9poca de apogeo, sino tambi\u00e9n a obras de \u00e9pocas anteriores y posteriores, subrayando el encanto intemporal de estos instrumentos. <\/p>\n<h3>Un compendio musical<\/h3>\n<p>\u00abCantus et Tibia &#8211; Volumen 2\u00bb es una invitaci\u00f3n a descubrir los diversos paisajes sonoros de H\u00fcmmelchen, Dudey y otros instrumentos hist\u00f3ricos y a darles vida con tu propia creatividad. Este folleto es una herramienta indispensable para cualquiera que aprecie la profunda conexi\u00f3n entre la historia, la m\u00fasica y hacer m\u00fasica juntos. <\/p>\n","protected":false},"excerpt":{"rendered":"<p>Canciones con acompa\u00f1amiento recopiladas por Hermann Rieth<\/p>\n","protected":false},"featured_media":5450,"comment_status":"closed","ping_status":"closed","template":"","meta":[],"product_brand":[],"product_cat":[1027],"product_tag":[1092,1087,1086,1083],"class_list":{"0":"post-5448","1":"product","2":"type-product","3":"status-publish","4":"has-post-thumbnail","6":"product_cat-partituras","7":"product_tag-musica-antigua","8":"product_tag-musica-barroca","9":"product_tag-musica-drone","10":"product_tag-partituras-de-huemmelchen-y-dudey","11":"pa_b035_a01_b037-hermann-rieth-es","13":"first","14":"instock","15":"taxable","16":"shipping-taxable","17":"purchasable","18":"product-type-simple"},"_links":{"self":[{"href":"https:\/\/spielleute.de\/es\/wp-json\/wp\/v2\/product\/5448","targetHints":{"allow":["GET"]}}],"collection":[{"href":"https:\/\/spielleute.de\/es\/wp-json\/wp\/v2\/product"}],"about":[{"href":"https:\/\/spielleute.de\/es\/wp-json\/wp\/v2\/types\/product"}],"replies":[{"embeddable":true,"href":"https:\/\/spielleute.de\/es\/wp-json\/wp\/v2\/comments?post=5448"}],"wp:featuredmedia":[{"embeddable":true,"href":"https:\/\/spielleute.de\/es\/wp-json\/wp\/v2\/media\/5450"}],"wp:attachment":[{"href":"https:\/\/spielleute.de\/es\/wp-json\/wp\/v2\/media?parent=5448"}],"wp:term":[{"taxonomy":"product_brand","embeddable":true,"href":"https:\/\/spielleute.de\/es\/wp-json\/wp\/v2\/product_brand?post=5448"},{"taxonomy":"product_cat","embeddable":true,"href":"https:\/\/spielleute.de\/es\/wp-json\/wp\/v2\/product_cat?post=5448"},{"taxonomy":"product_tag","embeddable":true,"href":"https:\/\/spielleute.de\/es\/wp-json\/wp\/v2\/product_tag?post=5448"}],"curies":[{"name":"wp","href":"https:\/\/api.w.org\/{rel}","templated":true}]}}