{"id":5445,"date":"2019-08-26T17:31:12","date_gmt":"2019-08-26T15:31:12","guid":{"rendered":"https:\/\/spielleute.de\/41-duos-para-huemmelchen-y-dudey\/"},"modified":"2025-04-30T16:25:04","modified_gmt":"2025-04-30T14:25:04","slug":"41-duos-para-huemmelchen-y-dudey","status":"publish","type":"product","link":"https:\/\/spielleute.de\/es\/41-duos-para-huemmelchen-y-dudey\/","title":{"rendered":"41 D\u00faos para H\u00fcmmelchen y Dudey"},"content":{"rendered":"<p>La colecci\u00f3n \u00ab41 D\u00faos para H\u00fcmmelchen y Dudey\u00bb es una excelente oportunidad para ampliar el repertorio para las gaitas H\u00fcmmelchen y Dudey en afinaci\u00f3n c\/f.<\/p>\n<h3>Origen e inspiraci\u00f3n<\/h3>\n<p>El origen de la colecci\u00f3n se remonta a tocar m\u00fasica juntos: en casa con amigos, en las clases y en peque\u00f1as audiciones. En consecuencia, la colecci\u00f3n contiene piezas cortas f\u00e1ciles, as\u00ed como otras que requieren pr\u00e1ctica. Los \u00ab41 D\u00faos para H\u00fcmmelchen y Dudey\u00bb nos llevan desde la Alta Edad Media hasta nuestros d\u00edas.  <\/p>\n<h3>La singularidad del juego a d\u00fao<\/h3>\n<p>Tocar d\u00faos con dos gaitas, como en 41 D\u00faos para H\u00fcmmelchen y Dudey, ofrece un atractivo especial. Tocar m\u00fasica en dos registros distintos (por ejemplo, soprano y contralto) abre posibilidades tonales completamente diferentes. <\/p>\n<p>La cornamusa y el crumhorn demuestran estar cerca de la gaita en cuanto a sonido, mientras que el gemshorn y la flauta dulce destacan claramente por su articulaci\u00f3n y timbre. Los \u00ab41 D\u00faos para H\u00fcmmelchen y Dudey\u00bb demuestran que esta combinaci\u00f3n sigue existiendo en la m\u00fasica tradicional actual: por ejemplo, Charamella y Zampogna en Sicilia o Bombarde y Binu en Breta\u00f1a. <\/p>\n<h3>Libertad en la elecci\u00f3n de la m\u00fasica y la instrumentaci\u00f3n<\/h3>\n<p>Con los \u00ab41 D\u00faos para H\u00fcmmelchen y Dudey\u00bb, se pueden utilizar espec\u00edficamente los distintos registros de los instrumentos, como flautas que suenan una octava m\u00e1s alta. Tanto en la m\u00fasica antigua como en la tradicional, no hay indicaciones sobre la instrumentaci\u00f3n, lo que nos da libertad para elegir lo que queramos con esta colecci\u00f3n. <\/p>\n<h3>Por qu\u00e9 \u00ab41 d\u00faos para H\u00fcmmelchen y Dudey\u00bb es imprescindible<\/h3>\n<p>Los \u00ab41 d\u00faos para H\u00fcmmelchen y Dudey\u00bb ofrecen un repertorio variado, adecuado tanto para principiantes como para jugadores avanzados. La posibilidad de tocar los d\u00faos en diferentes tonos abre nuevas dimensiones tonales. Adem\u00e1s, la colecci\u00f3n ofrece libertad en la instrumentaci\u00f3n y posibilidades de expansi\u00f3n creativa mediante preludios, interludios y postludios, as\u00ed como el uso de formas musicales medievales.  <\/p>\n<p>Interesantes historias de fondo y an\u00e9cdotas sobre muchas de las piezas de \u00ab41 D\u00faos para H\u00fcmmelchen y Dudey\u00bb enriquecen tu viaje musical y ofrecen nuevas perspectivas sobre las piezas.<\/p>\n","protected":false},"excerpt":{"rendered":"<p>D\u00faos &#8211; arreglados para H\u00fcmmelchen, Dudey y muchos otros instrumentos. Compilado por Hermann Rieth <\/p>\n","protected":false},"featured_media":5446,"comment_status":"closed","ping_status":"closed","template":"","meta":[],"product_brand":[],"product_cat":[1027],"product_tag":[1092,1083,1084],"class_list":{"0":"post-5445","1":"product","2":"type-product","3":"status-publish","4":"has-post-thumbnail","6":"product_cat-partituras","7":"product_tag-musica-antigua","8":"product_tag-partituras-de-huemmelchen-y-dudey","9":"product_tag-partituras-para-gaita","10":"pa_b035_a01_b037-hermann-rieth-es","12":"first","13":"outofstock","14":"taxable","15":"shipping-taxable","16":"purchasable","17":"product-type-simple"},"_links":{"self":[{"href":"https:\/\/spielleute.de\/es\/wp-json\/wp\/v2\/product\/5445","targetHints":{"allow":["GET"]}}],"collection":[{"href":"https:\/\/spielleute.de\/es\/wp-json\/wp\/v2\/product"}],"about":[{"href":"https:\/\/spielleute.de\/es\/wp-json\/wp\/v2\/types\/product"}],"replies":[{"embeddable":true,"href":"https:\/\/spielleute.de\/es\/wp-json\/wp\/v2\/comments?post=5445"}],"wp:featuredmedia":[{"embeddable":true,"href":"https:\/\/spielleute.de\/es\/wp-json\/wp\/v2\/media\/5446"}],"wp:attachment":[{"href":"https:\/\/spielleute.de\/es\/wp-json\/wp\/v2\/media?parent=5445"}],"wp:term":[{"taxonomy":"product_brand","embeddable":true,"href":"https:\/\/spielleute.de\/es\/wp-json\/wp\/v2\/product_brand?post=5445"},{"taxonomy":"product_cat","embeddable":true,"href":"https:\/\/spielleute.de\/es\/wp-json\/wp\/v2\/product_cat?post=5445"},{"taxonomy":"product_tag","embeddable":true,"href":"https:\/\/spielleute.de\/es\/wp-json\/wp\/v2\/product_tag?post=5445"}],"curies":[{"name":"wp","href":"https:\/\/api.w.org\/{rel}","templated":true}]}}