{"id":5440,"date":"2024-10-23T16:47:40","date_gmt":"2024-10-23T14:47:40","guid":{"rendered":"https:\/\/spielleute.de\/la-carpa-lironda\/"},"modified":"2025-04-17T10:55:50","modified_gmt":"2025-04-17T08:55:50","slug":"la-carpa-lironda","status":"publish","type":"product","link":"https:\/\/spielleute.de\/es\/la-carpa-lironda\/","title":{"rendered":"La carpa lironda"},"content":{"rendered":"<p><strong>The Lilting Carp<\/strong> de Ekhart Topp es una extensa colecci\u00f3n de 30 composiciones originales fuertemente influidas por la tradici\u00f3n musical irlandesa. En esta colecci\u00f3n, Topp combina magistralmente elementos tradicionales irlandeses con influencias modernas, creando piezas adecuadas tanto para solistas como para grupos. <\/p>\n<p>Las notaciones incluyen no s\u00f3lo la notaci\u00f3n cl\u00e1sica, sino tambi\u00e9n tablaturas para instrumentos de cuatro cuerdas en afinaci\u00f3n GDAE, lo que hace que la colecci\u00f3n sea especialmente vers\u00e1til. Con las sugerencias de acordes incluidas, el libro ofrece una base s\u00f3lida para acompa\u00f1amientos individuales que ampl\u00edan el alcance creativo de los m\u00fasicos. <\/p>\n<ul>\n<li><strong>30 piezas originales<\/strong>: Composiciones profundamente arraigadas en la tradici\u00f3n musical irlandesa<\/li>\n<li><strong>Notaci\u00f3n vers\u00e1til<\/strong>: notaci\u00f3n cl\u00e1sica y tablaturas para instrumentos de cuerda afinables GDAE<\/li>\n<li><strong>Sugerencias de acordes<\/strong>: Flexibilidad para acompa\u00f1amientos individuales e interpretaciones creativas<\/li>\n<\/ul>\n<p>Las composiciones est\u00e1n dise\u00f1adas para atraer a m\u00fasicos de distintos niveles, desde principiantes hasta avanzados. Las piezas son mel\u00f3dica y r\u00edtmicamente variadas, lo que hace que el repertorio sea especialmente emocionante. Tanto si tocas solo como si lo haces con otros, esta colecci\u00f3n te permite sumergirte en la rica tradici\u00f3n de la m\u00fasica irlandesa, a\u00f1adiendo al mismo tiempo tu propio sabor. No se trata s\u00f3lo de tocar melod\u00edas tradicionales, sino tambi\u00e9n de reinterpretarlas y utilizarlas en contextos modernos.   <\/p>\n<p>Ekhart Topp, m\u00fasico y autor experimentado, lleva muchos a\u00f1os activo en la escena de la m\u00fasica folk y expresa su pasi\u00f3n por la m\u00fasica irlandesa con esta colecci\u00f3n. Adem\u00e1s de su experiencia en el campo de la m\u00fasica tradicional, Topp es conocido por sus enfoques innovadores y creativos, que tambi\u00e9n incorpora a <strong>The Lilting Carp<\/strong>. Por tanto, la colecci\u00f3n no es s\u00f3lo una obra musical, sino tambi\u00e9n una fuente de inspiraci\u00f3n para cualquiera que desee profundizar en la escena musical irlandesa.  <\/p>\n<p>Tanto si buscas nuevas piezas para tu banda, como si quieres ampliar tu repertorio de m\u00fasica irlandesa o simplemente buscas un reto creativo, <strong>The Lilting Carp<\/strong> es una obra esencial que te proporcionar\u00e1 muchas horas de agradable interpretaci\u00f3n y descubrimiento.<\/p>\n","protected":false},"excerpt":{"rendered":"<p>30 composiciones para todos los instrumentos con partituras y tablaturas (GDAE)<\/p>\n","protected":false},"featured_media":5441,"comment_status":"open","ping_status":"closed","template":"","meta":[],"product_brand":[],"product_cat":[1027],"product_tag":[1033,1037,1030,1034,1038,1028,1036,1035,1031,1029,1032],"class_list":{"0":"post-5440","1":"product","2":"type-product","3":"status-publish","4":"has-post-thumbnail","6":"product_cat-partituras","7":"product_tag-banjo-es","8":"product_tag-carretes","9":"product_tag-gdae-es","10":"product_tag-mandolina","11":"product_tag-musica-tradicional","12":"product_tag-partituras-de-folk-irlandes","13":"product_tag-plantillas","14":"product_tag-silbato-de-hojalata","15":"product_tag-sintonizador","16":"product_tag-tablatura","17":"product_tag-violin","18":"pa_b035_a01_b037-ekhart-topp-es","20":"first","21":"instock","22":"taxable","23":"shipping-taxable","24":"purchasable","25":"product-type-simple"},"_links":{"self":[{"href":"https:\/\/spielleute.de\/es\/wp-json\/wp\/v2\/product\/5440","targetHints":{"allow":["GET"]}}],"collection":[{"href":"https:\/\/spielleute.de\/es\/wp-json\/wp\/v2\/product"}],"about":[{"href":"https:\/\/spielleute.de\/es\/wp-json\/wp\/v2\/types\/product"}],"replies":[{"embeddable":true,"href":"https:\/\/spielleute.de\/es\/wp-json\/wp\/v2\/comments?post=5440"}],"wp:featuredmedia":[{"embeddable":true,"href":"https:\/\/spielleute.de\/es\/wp-json\/wp\/v2\/media\/5441"}],"wp:attachment":[{"href":"https:\/\/spielleute.de\/es\/wp-json\/wp\/v2\/media?parent=5440"}],"wp:term":[{"taxonomy":"product_brand","embeddable":true,"href":"https:\/\/spielleute.de\/es\/wp-json\/wp\/v2\/product_brand?post=5440"},{"taxonomy":"product_cat","embeddable":true,"href":"https:\/\/spielleute.de\/es\/wp-json\/wp\/v2\/product_cat?post=5440"},{"taxonomy":"product_tag","embeddable":true,"href":"https:\/\/spielleute.de\/es\/wp-json\/wp\/v2\/product_tag?post=5440"}],"curies":[{"name":"wp","href":"https:\/\/api.w.org\/{rel}","templated":true}]}}