{"id":518,"date":"2013-12-18T17:33:26","date_gmt":"2013-12-18T16:33:26","guid":{"rendered":"https:\/\/stage.spielleute.de\/modern-trad-band-3\/"},"modified":"2025-11-28T15:57:13","modified_gmt":"2025-11-28T14:57:13","slug":"modern-trad-band-3","status":"publish","type":"product","link":"https:\/\/spielleute.de\/es\/modern-trad-band-3\/","title":{"rendered":"modern\/trad. &#8211; Band 3"},"content":{"rendered":"<p>Als wir den ersten Band der \u201emodern\/trad.\u201c-Reihe ins Leben riefen, stand die Vision im Raum, Musiker:innen und T\u00e4nzer:innen mit frischen, doch traditionell anmutenden Tanzmelodien aus dem deutschsprachigen Raum zu bereichern. Die Begeisterung f\u00fcr die ersten beiden B\u00e4nde hat uns best\u00e4rkt, unseren Weg fortzusetzen. Mit \u201emodern\/trad. &#8211; Band 3\u201c halten wir an dieser Mission fest, diesmal mit einem Fokus auf Cercle und Bourr\u00e9e \u2013 zwei Tanzarten, die Energie und Gemeinschaft in jedem Tanzfest zum Ausdruck bringen.<\/p>\n<h3>Die Evolution der Tanzmusik<\/h3>\n<p>Die Reihe \u201emodern\/trad.\u00bb bringt frischen Wind in die traditionellen europ\u00e4ischen Paart\u00e4nze wie Schottisch, Walzer, Mazurka und Polka. Die stetige Entwicklung und Erneuerung der Tanzmusik sorgt daf\u00fcr, dass Tanzfeste ihre urspr\u00fcngliche Faszination behalten. Die in diesem Band \u201emodern\/trad. &#8211; Band 3\u201c versammelten Kompositionen verk\u00f6rpern neue deutsche Volkstanzmusik im besten Sinne und bewahren dabei einen Blick f\u00fcr \u00fcberregionale musikalische Traditionen.<\/p>\n<h3>Cercles und Bourr\u00e9es<\/h3>\n<p>Johannes Mayr und Christoph Pelgen haben aus einer Vielzahl von Einsendungen sorgf\u00e4ltig 34 Cercles und 34 Bourr\u00e9es f\u00fcr \u201emodern\/trad. &#8211; Band 3\u201c ausgew\u00e4hlt. Alle St\u00fccke wurden von renommierten Musikern der Szene neu komponiert, um eine mitrei\u00dfende und spielfreudige Sammlung zu erschaffen, die in die Beine geht und gemeinsames Musizieren zum puren Vergn\u00fcgen macht.<\/p>\n<h3>Tradition trifft auf Moderne<\/h3>\n<p>Die Auswahl der St\u00fccke folgt einer bew\u00e4hrten Tradition, die bereits die ersten beiden B\u00e4nde ausgezeichnet hat. Die T\u00e4nze sind so arrangiert, dass sie auf den meisten g\u00e4ngigen Musikinstrumenten spielbar sind, besonders auf Bordun-Instrumenten wie Dudelsack oder Drehleier. Zudem enth\u00e4lt das Buch \u201emodern\/trad. &#8211; Band 3\u201c eine Begleit-CD vom Duo Cassard, die einen ersten Eindruck der Melodien vermittelt \u2013 eine unsch\u00e4tzbare Hilfe f\u00fcr all diejenigen, die sich schwer tun, Noten zu lesen oder noch nie Notenlesen gelernt haben.<\/p>\n<h3>Musik, die verbindet<\/h3>\n<p>Musik f\u00fcr den Tanz zu spielen bedeutet, ein Lieferant f\u00fcr die Freude und Gemeinschaft der T\u00e4nzer zu sein. Diese Sammlung ist ein lebendiger Beweis daf\u00fcr, wie traditionelle Tanzmusik immer wieder neu interpretiert und an den gegenw\u00e4rtigen Moment angepasst werden kann. Es geht nicht um technische Perfektion, sondern darum, durch Musik eine inspirierende und befl\u00fcgelnde Atmosph\u00e4re zu schaffen, die die Menschen zusammenbringt. Die Herausgeber von \u201emodern\/trad. &#8211; Band 3\u201c teilen ihre Erfahrung und laden Dich ein, die Melodien auch ohne Notenblatt zu erkunden und sie irgendwann auswendig zu spielen.<\/p>\n<h3>Ein erster H\u00f6reindruck<\/h3>\n<p>Um Dir einen umfassenden Eindruck der neuen Kompositionen zu bieten, wurden alle St\u00fccke in voller L\u00e4nge aufgenommen und stehen Dir auf der beiliegenden CD zur Verf\u00fcgung. Diese Aufnahmen erm\u00f6glichen es Dir, die St\u00fccke in ihrer ganzen Vielfalt und Lebendigkeit zu erleben, noch bevor Du selbst zu Deinem Instrument greifst.<\/p>\n<h3>Eine Sammlung, die inspiriert<\/h3>\n<p>Der Inhalt von \u201emodern\/trad. &#8211; Band 3\u201c spiegelt eine breite Palette an Melodien wider, von \u201eBelted Galloways\u201c bis \u201eAltenaffler 3\u201c, die alle eines gemeinsam haben: Sie sind frisch, eigenst\u00e4ndig und bringen moderne Akzente in die traditionelle Tanzmusik. Diese Sammlung ist eine Einladung an Dich, Teil einer lebendigen Tradition zu werden, die das Feuer der Begeisterung weitertr\u00e4gt und nicht in der Verehrung der Asche verharrt.<\/p>\n<h3>R\u00fcckblick und Ausblick<\/h3>\n<p>\u201eTradition ist die Weitergabe des Feuers und nicht die Anbetung der Asche.\u201c \u2013 Dieser viel zitierte Satz fasst die Essenz von \u201emodern\/trad. &#8211; Band 3\u201c perfekt zusammen. Mit dieser Sammlung von Cercle- und Bourr\u00e9e-Melodien pr\u00e4sentieren die Herausgeber eine Mischung aus zeitgen\u00f6ssischen Folkmusik-Kreationen und Talenten der neuen Generation, die alle darauf abzielen, die traditionelle Tanzmusik lebendig, ansprechend und modern zu gestalten. Jede Melodie in dieser Sammlung, begleitet von Akkorden und lebhaft eingespielt auf der beiliegenden CD, l\u00e4dt Dich ein, die Freude am Folk-Tanz neu zu entdecken und zu feiern.<\/p>\n","protected":false},"excerpt":{"rendered":"<p>Neue Tanzmelodien \/ Cercle und Bourr\u00e9e<\/p>\n","protected":false},"featured_media":4233,"comment_status":"closed","ping_status":"closed","template":"","meta":[],"product_brand":[],"product_cat":[366],"product_tag":[405,435,401,414,410,439,921],"class_list":{"0":"post-518","1":"product","2":"type-product","3":"status-publish","4":"has-post-thumbnail","6":"product_cat-noten","7":"product_tag-bordunmusik","8":"product_tag-bourree","9":"product_tag-noten-fuer-bal-folk","10":"product_tag-noten-fuer-diatonisches-akkordeon","11":"product_tag-noten-fuer-drehleier","12":"product_tag-noten-fuer-dudelsack","13":"product_tag-traditionelle-musik","14":"pa_b035_a01_b037-christoph-pelgen","15":"pa_b035_a01_b037-johannes-mayr","17":"first","18":"instock","19":"taxable","20":"shipping-taxable","21":"purchasable","22":"product-type-simple"},"_links":{"self":[{"href":"https:\/\/spielleute.de\/es\/wp-json\/wp\/v2\/product\/518","targetHints":{"allow":["GET"]}}],"collection":[{"href":"https:\/\/spielleute.de\/es\/wp-json\/wp\/v2\/product"}],"about":[{"href":"https:\/\/spielleute.de\/es\/wp-json\/wp\/v2\/types\/product"}],"replies":[{"embeddable":true,"href":"https:\/\/spielleute.de\/es\/wp-json\/wp\/v2\/comments?post=518"}],"wp:featuredmedia":[{"embeddable":true,"href":"https:\/\/spielleute.de\/es\/wp-json\/wp\/v2\/media\/4233"}],"wp:attachment":[{"href":"https:\/\/spielleute.de\/es\/wp-json\/wp\/v2\/media?parent=518"}],"wp:term":[{"taxonomy":"product_brand","embeddable":true,"href":"https:\/\/spielleute.de\/es\/wp-json\/wp\/v2\/product_brand?post=518"},{"taxonomy":"product_cat","embeddable":true,"href":"https:\/\/spielleute.de\/es\/wp-json\/wp\/v2\/product_cat?post=518"},{"taxonomy":"product_tag","embeddable":true,"href":"https:\/\/spielleute.de\/es\/wp-json\/wp\/v2\/product_tag?post=518"}],"curies":[{"name":"wp","href":"https:\/\/api.w.org\/{rel}","templated":true}]}}