{"id":501,"date":"2007-02-16T17:32:50","date_gmt":"2007-02-16T16:32:50","guid":{"rendered":"https:\/\/stage.spielleute.de\/das-lochamer-liederbuch-das-lochamer-liederbuch-band-1\/"},"modified":"2025-11-18T12:05:19","modified_gmt":"2025-11-18T11:05:19","slug":"das-lochamer-liederbuch-band-1","status":"publish","type":"product","link":"https:\/\/spielleute.de\/es\/das-lochamer-liederbuch-band-1\/","title":{"rendered":"Das Lochamer Liederbuch &#8211; Band 1"},"content":{"rendered":"<p>\u00abDas Lochamer Liederbuch &#8211; Band 1\u00bb 1 wird oft als \u201eerstes deutsches Liederbuch\u201c zitiert und enth\u00e4lt eine Sammlung von 41 Gesangsst\u00fccken, die in der \u00dcberlieferung deutschsprachiger Lieder herausragend ist.<\/p>\n<h3>Historischer und musikalischer Wert<\/h3>\n<p>Erg\u00e4nzt durch einen Instrumentalteil mit 32 Bearbeitungen, wurde das Liederbuch vermutlich im Umfeld des ber\u00fchmten blinden Organisten Conrad Paumann in N\u00fcrnberg geschaffen. Diese Erweiterung erh\u00f6ht deutlich den Wert und die Vielfalt der Sammlung.<\/p>\n<h3>Praxisnahe neue \u00dcbertragung<\/h3>\n<p>Die bisherigen Editionen fokussierten sich vorwiegend auf die wissenschaftliche \u00dcbertragung. Unsere neue Edition \u00abDas Lochamer Liederbuch &#8211; Band 1\u00bb legt den Schwerpunkt auf die praktische Auff\u00fchrbarkeit der St\u00fccke, erg\u00e4nzt durch eine \u00dcbertragung direkt aus dem Original.<\/p>\n<h3>Wissenschaft trifft Praktikabilit\u00e4t<\/h3>\n<p>\u00abDas Lochamer Liederbuch &#8211; Band 1\u00bb gen\u00fcgt durch ihren kritischen Kommentar auch den hohen wissenschaftlichen Standards, w\u00e4hrend sie durch auff\u00fchrungspraktische Hinweise insbesondere Musiker anspricht.<\/p>\n<h3>Vielfalt in der Musik<\/h3>\n<p>Von bekannten Melodien wie \u201eWach auf mein hort Oswalds von Wolkenstein\u201c bis zu weniger bekannten St\u00fccken wie \u201eM\u00f6cht ich dein begeren\u201c bietet dieses Buch eine breite Palette an Liedern, die das mittelalterliche Musikrepertoire bereichern.<\/p>\n<h3>Eine Fundgrube f\u00fcr Musiker und Historiker<\/h3>\n<p>\u00abDas Lochamer Liederbuch &#8211; Band 1\u00bb ist eine wichtige Ressource f\u00fcr alle, die sich mit der Auff\u00fchrung und dem Verst\u00e4ndnis historischer Musik besch\u00e4ftigen m\u00f6chten. Diese Edition er\u00f6ffnet Zugang zu einer Welt voller historischer Melodien und musikalischer Techniken.<\/p>\n<h3>Bereicherung deines musikalischen Repertoires<\/h3>\n<p>Erweitere Dein Verst\u00e4ndnis und Deine Auff\u00fchrungsf\u00e4higkeiten mit dem Kauf dieser sorgf\u00e4ltig aufbereiteten Edition. \u00abDas Lochamer Liederbuch &#8211; Band 1\u00bb bringt Dir die faszinierenden Kl\u00e4nge des 15. Jahrhunderts n\u00e4her und bereichert Dein musikalisches Repertoire durch historische Tiefe und Authentizit\u00e4t.<\/p>\n","protected":false},"excerpt":{"rendered":"<p>in neuer \u00dcbertragung und mit ausf\u00fchrlichem Kommentar von Marc Lewon<\/p>\n","protected":false},"featured_media":4543,"comment_status":"closed","ping_status":"closed","template":"","meta":[],"product_brand":[],"product_cat":[366],"product_tag":[409,404,1636],"class_list":{"0":"post-501","1":"product","2":"type-product","3":"status-publish","4":"has-post-thumbnail","6":"product_cat-noten","7":"product_tag-alte-musik","8":"product_tag-renaissance","9":"product_tag-spaetmittelalter","10":"pa_b035_a01_b037-marc-lewon","12":"first","13":"outofstock","14":"taxable","15":"shipping-taxable","16":"purchasable","17":"product-type-simple"},"_links":{"self":[{"href":"https:\/\/spielleute.de\/es\/wp-json\/wp\/v2\/product\/501","targetHints":{"allow":["GET"]}}],"collection":[{"href":"https:\/\/spielleute.de\/es\/wp-json\/wp\/v2\/product"}],"about":[{"href":"https:\/\/spielleute.de\/es\/wp-json\/wp\/v2\/types\/product"}],"replies":[{"embeddable":true,"href":"https:\/\/spielleute.de\/es\/wp-json\/wp\/v2\/comments?post=501"}],"wp:featuredmedia":[{"embeddable":true,"href":"https:\/\/spielleute.de\/es\/wp-json\/wp\/v2\/media\/4543"}],"wp:attachment":[{"href":"https:\/\/spielleute.de\/es\/wp-json\/wp\/v2\/media?parent=501"}],"wp:term":[{"taxonomy":"product_brand","embeddable":true,"href":"https:\/\/spielleute.de\/es\/wp-json\/wp\/v2\/product_brand?post=501"},{"taxonomy":"product_cat","embeddable":true,"href":"https:\/\/spielleute.de\/es\/wp-json\/wp\/v2\/product_cat?post=501"},{"taxonomy":"product_tag","embeddable":true,"href":"https:\/\/spielleute.de\/es\/wp-json\/wp\/v2\/product_tag?post=501"}],"curies":[{"name":"wp","href":"https:\/\/api.w.org\/{rel}","templated":true}]}}