{"id":494,"date":"1998-10-02T17:32:50","date_gmt":"1998-10-02T15:32:50","guid":{"rendered":"https:\/\/stage.spielleute.de\/obermeiers-bordun-polyphonie-band-2\/"},"modified":"2026-03-31T08:54:54","modified_gmt":"2026-03-31T06:54:54","slug":"obermeiers-bordun-polyphonie-band-2","status":"publish","type":"product","link":"https:\/\/spielleute.de\/es\/obermeiers-bordun-polyphonie-band-2\/","title":{"rendered":"Obermeiers Bordun-Polyphonie &#8211; Band 2"},"content":{"rendered":"<p>\u00abObermeiers Bordun-Polyphonie &#8211; Band 2\u00bb bringt Dir eine faszinierende Sammlung von traditionellen und neu komponierten Melodien, zusammengestellt von J\u00fcrgen Obermeier. Dieser Band, speziell arrangiert f\u00fcr mehrstimmige Dudelsack- und Drehleierensembles, erlaubt nat\u00fcrlich auch die Interpretation auf vielen anderen Instrumenten.<\/p>\n<h3>Das Repertoire erweitern<\/h3>\n<p>Der zweite Band der Polyphonie erweitert die interessante Notensammlung zeitgen\u00f6ssischer Bordunmusik um weitere 32 traditionelle und neukomponierte Melodien. Dieser Band beinhaltet \u00fcberwiegend franz\u00f6sische Melodien und bietet 33 Partituren f\u00fcr vier und f\u00fcnf Stimmen, von denen 21 Melodien traditionellen Ursprungs sind und 12 von zeitgen\u00f6ssischen traditionellen Musikern stammen.<\/p>\n<h3>Musikalische Anpassungsf\u00e4higkeit<\/h3>\n<p>Die Tonarten und Stimmen sind in \u00abObermeiers Bordun-Polyphonie &#8211; Band 2\u00bb so gew\u00e4hlt, dass sie von Drehleiern und Dudels\u00e4cken in G\/C- bzw. D\/G-Stimmung gespielt werden k\u00f6nnen, jedoch ebenfalls von anderen Musikinstrumenten mit dem daf\u00fcr notwendigen Tonumfang. Das System mit dem Bassschl\u00fcssel ist f\u00fcr Cello vorgesehen, kann aber von jedem anderen Bassinstrument \u00fcbernommen werden.<\/p>\n<h3>Musikalische Freiheit und Vielseitigkeit<\/h3>\n<p>Die verschiedenen Begleitstimmen sind in \u00abObermeiers Bordun-Polyphonie &#8211; Band 2\u00bb so gesetzt, dass ein entsprechendes mehrstimmiges Spiel m\u00f6glich ist. Es empfiehlt sich, vor allem bei Verwendung von Dudels\u00e4cken, die Melodielinie zu verst\u00e4rken. Die Melodielinien sind mit Harmoniebezeichnungen f\u00fcr die Verwendung von Gitarren bzw. anderen Harmonieinstrumenten unterlegt.<\/p>\n<h3>Internationale Perspektive<\/h3>\n<p>Merkmale aller 3 B\u00e4nde: Viersprachige Einf\u00fchrung (deutsch, englisch, franz\u00f6sisch und niederl\u00e4ndisch) zur Musik und Tipps zur Instrumentierung und Besetzung. Dies erm\u00f6glicht eine breitere Zug\u00e4nglichkeit und Anwendbarkeit f\u00fcr ein internationales Publikum.<\/p>\n<h3>Vielf\u00e4ltiges Musikangebot<\/h3>\n<p>Inhalte wie Bourr\u00e9e, Gigue, Marche und viele andere traditionelle Formen bereichern dieses Werk. Von \u00abBourr\u00e9e de Clermont-Ferrand\u00bb bis zu \u00abValse \u00e0 Lindscheid\u00bb, bietet dieser Band eine breite Palette an musikalischen St\u00fccken, die sowohl f\u00fcr traditionelle Auftritte als auch f\u00fcr moderne Interpretationen geeignet sind.<\/p>\n<h3>Dein n\u00e4chster Schritt in die Welt der Musik<\/h3>\n<p>Mit \u00abObermeiers Bordun-Polyphonie &#8211; Band 2\u00bb erh\u00e4ltst Du nicht nur eine Sammlung von Partituren, sondern eine Einladung, Deine musikalischen F\u00e4higkeiten zu erweitern und zu vertiefen. Dieser Band bietet alles, was Du brauchst, um Dich und Dein Ensemble musikalisch herauszufordern und zu entwickeln. Nutze die Gelegenheit, Dein Repertoire mit vielschichtigen Melodien, die sowohl traditionellen als auch zeitgen\u00f6ssischen Ursprungs sind, zu bereichern. Bestelle jetzt und erlebe die fesselnde Welt der Bordunmusik!<\/p>\n","protected":false},"excerpt":{"rendered":"<p>Traditionelle und neue Bordunmusik f\u00fcr 4 bis 5 Stimmen<\/p>\n","protected":false},"featured_media":4555,"comment_status":"closed","ping_status":"closed","template":"","meta":[],"product_brand":[],"product_cat":[366],"product_tag":[405,435,414,410,439,403,429],"class_list":{"0":"post-494","1":"product","2":"type-product","3":"status-publish","4":"has-post-thumbnail","6":"product_cat-noten","7":"product_tag-bordunmusik","8":"product_tag-bourree","9":"product_tag-noten-fuer-diatonisches-akkordeon","10":"product_tag-noten-fuer-drehleier","11":"product_tag-noten-fuer-dudelsack","12":"product_tag-huemmelchen-dudey","13":"product_tag-polyphonie","14":"pa_b035_a01_b037-juergen-obermeier","16":"first","17":"instock","18":"taxable","19":"shipping-taxable","20":"purchasable","21":"product-type-simple"},"_links":{"self":[{"href":"https:\/\/spielleute.de\/es\/wp-json\/wp\/v2\/product\/494","targetHints":{"allow":["GET"]}}],"collection":[{"href":"https:\/\/spielleute.de\/es\/wp-json\/wp\/v2\/product"}],"about":[{"href":"https:\/\/spielleute.de\/es\/wp-json\/wp\/v2\/types\/product"}],"replies":[{"embeddable":true,"href":"https:\/\/spielleute.de\/es\/wp-json\/wp\/v2\/comments?post=494"}],"wp:featuredmedia":[{"embeddable":true,"href":"https:\/\/spielleute.de\/es\/wp-json\/wp\/v2\/media\/4555"}],"wp:attachment":[{"href":"https:\/\/spielleute.de\/es\/wp-json\/wp\/v2\/media?parent=494"}],"wp:term":[{"taxonomy":"product_brand","embeddable":true,"href":"https:\/\/spielleute.de\/es\/wp-json\/wp\/v2\/product_brand?post=494"},{"taxonomy":"product_cat","embeddable":true,"href":"https:\/\/spielleute.de\/es\/wp-json\/wp\/v2\/product_cat?post=494"},{"taxonomy":"product_tag","embeddable":true,"href":"https:\/\/spielleute.de\/es\/wp-json\/wp\/v2\/product_tag?post=494"}],"curies":[{"name":"wp","href":"https:\/\/api.w.org\/{rel}","templated":true}]}}