{"id":493,"date":"2012-11-23T17:32:50","date_gmt":"2012-11-23T16:32:50","guid":{"rendered":"https:\/\/stage.spielleute.de\/pelgen-tunes-vol-1\/"},"modified":"2026-04-23T15:47:02","modified_gmt":"2026-04-23T13:47:02","slug":"pelgen-tunes-vol-1","status":"publish","type":"product","link":"https:\/\/spielleute.de\/es\/pelgen-tunes-vol-1\/","title":{"rendered":"Pelgen Tunes &#8211; Vol. 1"},"content":{"rendered":"<p>Christoph Pelgen, bekannt f\u00fcr sein au\u00dfergew\u00f6hnliches Talent und seine Leidenschaft f\u00fcr BalFolk und traditionelle Musik, pr\u00e4sentiert in \u00abPelgen Tunes &#8211; Vol. 1\u00bb eine beeindruckende Sammlung von 80 neuen Melodien. Dieser Band ist ein wahrer Schatz f\u00fcr alle, die die Kunst des Dudelsacks, der Drehleier, Geige, Fl\u00f6te und \u00e4hnlicher Instrumente lieben und meistern wollen.<\/p>\n<h3>Musik, die verbindet<\/h3>\n<p>Die Melodien in diesem ersten Band spannen einen Bogen \u00fcber ganz Europa bis zum Balkan und Bosporus. Sie enthalten eine reiche Auswahl an oft mehrstimmigen St\u00fccken, die sowohl die Herzen der Musiker als auch der Zuh\u00f6rer im Sturm erobern werden. Die Vielfalt der Kompositionen in \u00abPelgen Tunes &#8211; Vol. 1\u00bb macht sie zu einem unverzichtbaren Repertoire f\u00fcr Musiker, die nach frischem und vielseitigem Notenmaterial suchen.<\/p>\n<h3>F\u00fcr jede Stimme und jedes Instrument<\/h3>\n<p>Obwohl speziell f\u00fcr Borduninstrumente wie Dudelsack und Drehleier komponiert, sind die St\u00fccke so arrangiert, dass sie auf einer breiten Palette von Instrumenten gespielt werden k\u00f6nnen. Jede Melodie kommt mit Akkorden, was die Sammlung besonders flexibel und anpassbar f\u00fcr verschiedene musikalische Besetzungen und Niveaus macht.<\/p>\n<h3>Die Inspiration hinter der Musik<\/h3>\n<p>In seinem Vorwort teilt Christoph Pelgen pers\u00f6nliche Einblicke in seinen musikalischen Werdegang \u2013 von seinem ersten Dudelsack bis hin zu seiner Rolle als Kursleiter und Komponist. Seine Geschichte ist eine Inspiration f\u00fcr alle, die Musik nicht nur als Hobby, sondern als eine tiefgreifende Form des Ausdrucks betrachten. \u00abPelgen Tunes &#8211; Vol. 1\u00bb ist das Ergebnis jahrzehntelanger Erfahrung und Leidenschaft, eine Hommage an die traditionelle Musik und ihre zeitlose Sch\u00f6nheit.<\/p>\n<h3>Ein Aufruf zur Kreativit\u00e4t<\/h3>\n<p>Christoph Pelgen ermutigt Musiker, seine Kompositionen als Ausgangspunkt f\u00fcr eigene kreative Entdeckungen zu nutzen. Diese Sammlung ist mehr als nur Notenmaterial; sie ist eine Einladung zur musikalischen Reise, zum Experimentieren und zur Weiterentwicklung des eigenen musikalischen Ausdrucks. Pelgen betont die Bedeutung des Teilens und der musikalischen Gemeinschaft und w\u00fcnscht sich, dass seine Melodien weit \u00fcber die Seiten dieses Buches hinaus erklingen.<\/p>\n<h3>Entdecke \u00abPelgen Tunes &#8211; Vol. 1\u00bb<\/h3>\n<p>Mit \u00abPelgen Tunes &#8211; Vol. 1\u00bb erh\u00e4ltst Du nicht nur Zugang zu einer Welt voller neuer Melodien, sondern auch die M\u00f6glichkeit, Teil einer lebendigen Tradition zu werden. Christoph Pelgen teilt nicht nur seine Musik, sondern auch sein Herz und seine Seele mit jedem, der die Seiten dieses Bandes umbl\u00e4ttert. Tauche ein in die faszinierende Welt der Bordunmusik und lass Dich von der Vielfalt und Sch\u00f6nheit der \u00abPelgen Tunes\u00bb inspirieren.<\/p>\n","protected":false},"excerpt":{"rendered":"<p>80 neue Melodien f\u00fcr Dudelsack, Drehleier, Geige, Fl\u00f6te etc. mit Akkorden<\/p>\n","protected":false},"featured_media":4263,"comment_status":"closed","ping_status":"closed","template":"","meta":[],"product_brand":[],"product_cat":[366],"product_tag":[405,435,401,414,410,439],"class_list":{"0":"post-493","1":"product","2":"type-product","3":"status-publish","4":"has-post-thumbnail","6":"product_cat-noten","7":"product_tag-bordunmusik","8":"product_tag-bourree","9":"product_tag-noten-fuer-bal-folk","10":"product_tag-noten-fuer-diatonisches-akkordeon","11":"product_tag-noten-fuer-drehleier","12":"product_tag-noten-fuer-dudelsack","13":"pa_b035_a01_b037-christoph-pelgen","15":"first","16":"instock","17":"taxable","18":"shipping-taxable","19":"purchasable","20":"product-type-simple"},"_links":{"self":[{"href":"https:\/\/spielleute.de\/es\/wp-json\/wp\/v2\/product\/493","targetHints":{"allow":["GET"]}}],"collection":[{"href":"https:\/\/spielleute.de\/es\/wp-json\/wp\/v2\/product"}],"about":[{"href":"https:\/\/spielleute.de\/es\/wp-json\/wp\/v2\/types\/product"}],"replies":[{"embeddable":true,"href":"https:\/\/spielleute.de\/es\/wp-json\/wp\/v2\/comments?post=493"}],"wp:featuredmedia":[{"embeddable":true,"href":"https:\/\/spielleute.de\/es\/wp-json\/wp\/v2\/media\/4263"}],"wp:attachment":[{"href":"https:\/\/spielleute.de\/es\/wp-json\/wp\/v2\/media?parent=493"}],"wp:term":[{"taxonomy":"product_brand","embeddable":true,"href":"https:\/\/spielleute.de\/es\/wp-json\/wp\/v2\/product_brand?post=493"},{"taxonomy":"product_cat","embeddable":true,"href":"https:\/\/spielleute.de\/es\/wp-json\/wp\/v2\/product_cat?post=493"},{"taxonomy":"product_tag","embeddable":true,"href":"https:\/\/spielleute.de\/es\/wp-json\/wp\/v2\/product_tag?post=493"}],"curies":[{"name":"wp","href":"https:\/\/api.w.org\/{rel}","templated":true}]}}