{"id":483,"date":"1996-10-02T17:31:51","date_gmt":"1996-10-02T15:31:51","guid":{"rendered":"https:\/\/stage.spielleute.de\/volksmusik\/"},"modified":"2026-02-22T13:29:06","modified_gmt":"2026-02-22T12:29:06","slug":"volksmusik","status":"publish","type":"product","link":"https:\/\/spielleute.de\/es\/volksmusik\/","title":{"rendered":"Volksmusik"},"content":{"rendered":"<p>Willkommen in der faszinierenden Welt der Bordunmusik, die mit \u00ab100 neue Melodien\u00bb einen modernen Anstrich erh\u00e4lt. Diese Sammlung bringt frischen Wind in die Volksmusikszene, indem sie erstmals ausschlie\u00dflich neue Kompositionen f\u00fcr Drehleier und Dudelsack pr\u00e4sentiert. Tauche ein in ein musikalisches Abenteuer, das Tradition und Innovation meisterhaft verbindet.<\/p>\n<h3>Authentische Kl\u00e4nge mit tiefer Verwurzelung<\/h3>\n<p>Die in diesem Band versammelten St\u00fccke \u00fcberzeugen durch ihre Authentizit\u00e4t und die starke Verbindung zur westeurop\u00e4ischen Volksmusiktradition. Erlebe, wie die gro\u00dfe Popularit\u00e4t der Borduninstrumente Musiker inspiriert hat, Kompositionen zu schaffen, die sowohl h\u00f6rens- als auch spielenswert sind.<\/p>\n<h3>Vielfalt und Kreativit\u00e4t<\/h3>\n<p>Einige der Melodien dieser Sammlung kommen mit einer Zweitstimme oder Bassbegleitung daher, w\u00e4hrend bei anderen der (G-)Schl\u00fcssel zum Erfolg in Deiner eigenen Kreativit\u00e4t liegt. Alle St\u00fccke werden in ihrer urspr\u00fcnglichen Tonart pr\u00e4sentiert, bieten aber genug Raum f\u00fcr individuelle Anpassungen und Interpretationen.<\/p>\n<h3>Die Entstehungsgeschichte: Ein Aufruf an die Musikantengemeinschaft<\/h3>\n<p>Erfahre, wie diese einzigartige Sammlung entstand: \u00abGoe Vollek\u00bb, die Zeitschrift der Volksmuziekgilde Flanderns, rief Musikanten dazu auf, selbst komponierte Melodien einzusenden. Aus vielen Einsendungen w\u00e4hlte Herman Dewitt 100 St\u00fccke aus, die von Wilfrid Moonen f\u00fcr den Druck vorbereitet wurden. Dieses Projekt ist ein Beweis f\u00fcr die lebendige und kreative Gemeinschaft, die die Volksmusik bis heute pr\u00e4gt.<\/p>\n<h3>Ein Instrumentarium der Vielfalt<\/h3>\n<p>W\u00e4hrend die Melodien besonders f\u00fcr Borduninstrumente wie Dudelsack, Drehleier und Scheitbrett geeignet sind, k\u00f6nnen sie auch problemlos auf Harmonika, Geige, Fl\u00f6te, Schwegel, Gitarre und vielen weiteren Instrumenten gespielt werden. Diese Vielseitigkeit macht die Sammlung zu einem wertvollen Schatz f\u00fcr Musiker verschiedenster Stilrichtungen.<\/p>\n","protected":false},"excerpt":{"rendered":"<p>100 neue Melodien<\/p>\n","protected":false},"featured_media":4464,"comment_status":"closed","ping_status":"closed","template":"","meta":[],"product_brand":[],"product_cat":[366],"product_tag":[433,405,435,414,410,439,921],"class_list":{"0":"post-483","1":"product","2":"type-product","3":"status-publish","4":"has-post-thumbnail","6":"product_cat-noten","7":"product_tag-an-dro","8":"product_tag-bordunmusik","9":"product_tag-bourree","10":"product_tag-noten-fuer-diatonisches-akkordeon","11":"product_tag-noten-fuer-drehleier","12":"product_tag-noten-fuer-dudelsack","13":"product_tag-traditionelle-musik","14":"pa_b035_a01_b037-herman-dewit","16":"first","17":"instock","18":"taxable","19":"shipping-taxable","20":"purchasable","21":"product-type-simple"},"_links":{"self":[{"href":"https:\/\/spielleute.de\/es\/wp-json\/wp\/v2\/product\/483","targetHints":{"allow":["GET"]}}],"collection":[{"href":"https:\/\/spielleute.de\/es\/wp-json\/wp\/v2\/product"}],"about":[{"href":"https:\/\/spielleute.de\/es\/wp-json\/wp\/v2\/types\/product"}],"replies":[{"embeddable":true,"href":"https:\/\/spielleute.de\/es\/wp-json\/wp\/v2\/comments?post=483"}],"wp:featuredmedia":[{"embeddable":true,"href":"https:\/\/spielleute.de\/es\/wp-json\/wp\/v2\/media\/4464"}],"wp:attachment":[{"href":"https:\/\/spielleute.de\/es\/wp-json\/wp\/v2\/media?parent=483"}],"wp:term":[{"taxonomy":"product_brand","embeddable":true,"href":"https:\/\/spielleute.de\/es\/wp-json\/wp\/v2\/product_brand?post=483"},{"taxonomy":"product_cat","embeddable":true,"href":"https:\/\/spielleute.de\/es\/wp-json\/wp\/v2\/product_cat?post=483"},{"taxonomy":"product_tag","embeddable":true,"href":"https:\/\/spielleute.de\/es\/wp-json\/wp\/v2\/product_tag?post=483"}],"curies":[{"name":"wp","href":"https:\/\/api.w.org\/{rel}","templated":true}]}}