{"id":482,"date":"2009-07-10T17:31:51","date_gmt":"2009-07-10T15:31:51","guid":{"rendered":"https:\/\/stage.spielleute.de\/die-sackpfeifen-fibel-band-1\/"},"modified":"2026-01-27T15:56:34","modified_gmt":"2026-01-27T14:56:34","slug":"die-sackpfeifen-fibel-band-1","status":"publish","type":"product","link":"https:\/\/spielleute.de\/es\/die-sackpfeifen-fibel-band-1\/","title":{"rendered":"Die Sackpfeifen-Fibel &#8211; Band 1"},"content":{"rendered":"<p>Die \u00abDie Sackpfeifen-Fibel &#8211; Band 1\u00bb ist das bislang erste und einzige Lehrbuch zur Sackpfeife, dem mittelalterlichen Dudelsack wie man ihn von mittelalterlichen M\u00e4rkten oder Bands wie In Extremo oder Corvus Corax kennt.<\/p>\n<h3>Ein Jahr voller musikalischer Entdeckungen und Verbesserungen<\/h3>\n<p>Gut ein Jahr ist es nun her, dass die erste Auflage der Sackpfeifen-Fibel erschienen ist. Seitdem hat der Autor viele positive R\u00fcckmeldungen erhalten, aber auch den ein oder anderen Verbesserungsvorschlag. Soweit m\u00f6glich hat Thomas Z\u00f6ller diese Anregungen in die nun vorliegende zweite Auflage mit einflie\u00dfen lassen.<\/p>\n<p>Das Lehrbuch eignet sich sowohl f\u00fcr Anf\u00e4nger als auch f\u00fcr Fortgeschrittene und vermittelt eine strukturierte Verzierungstechnik. \u00abDie Sackpfeifen-Fibel &#8211; Band 1\u00bb f\u00fchrt den Lernenden Schritt f\u00fcr Schritt von der \u00dcbungspfeife an die Sackpfeife. Die Atem- und Spieltechnik der Sackpfeife wird anschaulich mit Texten, Bildern und Grafiken dargestellt.<\/p>\n<h3>Vom Einstieg bis zur Meisterschaft<\/h3>\n<p>Neben n\u00fctzlichen \u00dcbungen sind nat\u00fcrlich auch eine Menge Melodien enthalten \u2013 z.B. Goddesses, Pavane, Skudrinka, das Pal\u00e4stinalied oder der B\u00e4rentanz \u2013 um nur einige wenige zu nennen. Neben diesen eher traditionellen St\u00fccken finden auch einige moderne Kompositionen, z.B. von Briantanus, ihren Platz.<\/p>\n<p>Das durchgehend vierfarbig gedruckte und sehr sch\u00f6n gestaltete Lehrbuch \u00abDie Sackpfeifen-Fibel &#8211; Band 1\u00bb ist all jenen gewidmet, die sich f\u00fcr den \u2018mittelalterlichen\u2019 Dudelsack interessieren, so wie er heutzutage auf den meisten mittelalterlichen M\u00e4rkten zu h\u00f6ren ist. \u2018Mittelalterlich\u2019 steht hier deshalb in Anf\u00fchrungszeichen, weil diese Dudelsackform kein historisches Instrument darstellt. Verschiedene Bezeichnungen werden mit dem Instrument in Verbindung gebracht, zum Beispiel Sackpfeife, A-Sack oder Marktsack. In diesem Lehrbuch verwendet der Autor den Begriff \u2018Sackpfeife\u2019.<\/p>\n<p>Die im \u00abDie Sackpfeifen-Fibel &#8211; Band 1\u00bb pr\u00e4sentierten Spieltechniken werden gut verst\u00e4ndlich erkl\u00e4rt und erweitern die musikalischen Ausdrucksm\u00f6glichkeiten auf der Sackpfeife deutlich. Sie geben dem Musiker neue M\u00f6glichkeiten an die Hand. Dabei ist es Thomas Z\u00f6ller wichtig, trotz der innovativen Ans\u00e4tze, die Eigenheiten des Instrumentes zu respektieren.<\/p>\n<h3>Visuelle Hilfen und detaillierte Anleitungen<\/h3>\n<p>Unter den Lerneinheiten befinden sich visuell hervorgehobene Bereiche. Hier werden die mit der jeweiligen \u00dcbung in Zusammenhang stehenden Stolpersteine nochmals gezielt besprochen. Manchmal ist unter den Noten eine Schalmei abgebildet, auf der die zu den T\u00f6nen geh\u00f6rigen Griffe dargestellt sind. F\u00fcr Melodienoten ist die Schalmei gro\u00df, f\u00fcr Verzierungsnoten klein dargestellt.<\/p>\n<p>Wie bei jedem Instrument, so gilt auch bei der Sackpfeife, dass ein komplettes Selbststudium nicht zu empfehlen ist. Man tut also gut daran, zus\u00e4tzlich zur Sackpfeifen-Fibel nach einem Lehrer Ausschau zu halten, der sich gewissenhaft mit den eigenen Bed\u00fcrfnissen und Problemen auseinandersetzt.<\/p>\n<h3>Steige ein in die Kunst des Dudelsackspiels<\/h3>\n<p>Mit der \u00abDie Sackpfeifen-Fibel &#8211; Band 1\u00bb erh\u00e4ltst Du nicht nur ein Lehrbuch, sondern einen umfassenden Begleiter auf Deinem Weg zum versierten Sackpfeifenspieler. Dieses Buch verbindet historische Einblicke mit praktischen Anleitungen und sch\u00f6pft aus einem reichen Erfahrungsschatz. Erweitere Deine musikalischen F\u00e4higkeiten und entdecke die Freude am Spiel des mittelalterlichen Dudelsacks. Sicher Dir jetzt Dein Exemplar und beginne Deine musikalische Weiterentwicklung!<\/p>\n","protected":false},"excerpt":{"rendered":"<p>Lehrbuch f\u00fcr den mittelalterlichen Dudelsack<\/p>\n","protected":false},"featured_media":4627,"comment_status":"closed","ping_status":"closed","template":"","meta":[],"product_brand":[],"product_cat":[367],"product_tag":[433,405,449,440,452,420],"class_list":{"0":"post-482","1":"product","2":"type-product","3":"status-publish","4":"has-post-thumbnail","6":"product_cat-lehrwerk","7":"product_tag-an-dro","8":"product_tag-bordunmusik","9":"product_tag-bretonische-musik","10":"product_tag-dudelsack-spielen-lernen","11":"product_tag-marktsackpfeife-spielen-lernen","12":"product_tag-marktsackpfeife","13":"pa_b035_a01_b037-thomas-zoeller","15":"first","16":"outofstock","17":"taxable","18":"shipping-taxable","19":"purchasable","20":"product-type-simple"},"_links":{"self":[{"href":"https:\/\/spielleute.de\/es\/wp-json\/wp\/v2\/product\/482","targetHints":{"allow":["GET"]}}],"collection":[{"href":"https:\/\/spielleute.de\/es\/wp-json\/wp\/v2\/product"}],"about":[{"href":"https:\/\/spielleute.de\/es\/wp-json\/wp\/v2\/types\/product"}],"replies":[{"embeddable":true,"href":"https:\/\/spielleute.de\/es\/wp-json\/wp\/v2\/comments?post=482"}],"wp:featuredmedia":[{"embeddable":true,"href":"https:\/\/spielleute.de\/es\/wp-json\/wp\/v2\/media\/4627"}],"wp:attachment":[{"href":"https:\/\/spielleute.de\/es\/wp-json\/wp\/v2\/media?parent=482"}],"wp:term":[{"taxonomy":"product_brand","embeddable":true,"href":"https:\/\/spielleute.de\/es\/wp-json\/wp\/v2\/product_brand?post=482"},{"taxonomy":"product_cat","embeddable":true,"href":"https:\/\/spielleute.de\/es\/wp-json\/wp\/v2\/product_cat?post=482"},{"taxonomy":"product_tag","embeddable":true,"href":"https:\/\/spielleute.de\/es\/wp-json\/wp\/v2\/product_tag?post=482"}],"curies":[{"name":"wp","href":"https:\/\/api.w.org\/{rel}","templated":true}]}}