{"id":481,"date":"2010-11-22T17:31:51","date_gmt":"2010-11-22T16:31:51","guid":{"rendered":"https:\/\/stage.spielleute.de\/mechthild-von-magdeburg\/"},"modified":"2026-04-01T11:15:11","modified_gmt":"2026-04-01T09:15:11","slug":"mechthild-von-magdeburg","status":"publish","type":"product","link":"https:\/\/spielleute.de\/es\/mechthild-von-magdeburg\/","title":{"rendered":"Mechthild von Magdeburg \u2013 O edeler arn"},"content":{"rendered":"<p>Entdecke \u00abO edeler arn\u00bb, ein faszinierendes Werk, das die geistigen und poetischen Ges\u00e4nge von Mechthild von Magdeburg, einer bedeutenden Mystikerin und Begine, in den Mittelpunkt stellt. Dieses Liederheft enth\u00e4lt ausgew\u00e4hlte Vertonungen, die Mechthilds tiefgr\u00fcndige Einblicke in das spirituelle Leben des Mittelalters musikalisch neu interpretieren und ihre einzigartigen Perspektiven auf g\u00f6ttliche Liebe und menschliche Sehnsucht zug\u00e4nglich machen.<\/p>\n<h3>Herkunft und Bildung einer mittelalterlichen Mystikerin<\/h3>\n<p>Die Begine und Mystikerin Mechthild von Magdeburg entstammt einer wohlhabenden, vermutlich hochadligen Familie aus dem Raum um Magdeburg oder Halberstadt. Sie erhielt eine gute Bildung, die sich im Wort- und Bilderschatz der h\u00f6fisch-ritterlichen Welt ausdr\u00fcckt.<\/p>\n<h3>Geistliche Berufung und Bildung<\/h3>\n<p>Mit zw\u00f6lf Jahren entschied sie sich f\u00fcr ein geistliches Leben. Um 1230 schlie\u00dft sie sich der Armutsbewegung an. Ermutigt durch ihren geistlichen Lehrer, Heinrich von Halle, verschriftlicht sie ihre mystischen Erfahrungen.<\/p>\n<h3>Schaffensperiode und R\u00fcckkehr<\/h3>\n<p>Es entstehen sechs B\u00fccher ihres einzigen Werkes: Das flie\u00dfende Licht der Gottheit in der Gestalt von Dialogen, Allegorien, sowie Minnelyrik in Form von Liedern und Ges\u00e4ngen. Um 1260 kehrt sie aufgrund andauernder Konflikte zwischen dem Stadtklerus und der Armutsbewegung zun\u00e4chst zu ihrer Familie zur\u00fcck und wird sp\u00e4ter in die Zisterzienserinnengemeinschaft in Helfta aufgenommen. Um 1270 entsteht ihr siebtes und letztes Buch.<\/p>\n<h3>Minnes\u00e4ngerin Gottes<\/h3>\n<p>Dieses Liederheft \u00abO edeler arn\u00bb beinhaltet zehn Ges\u00e4nge in Neuvertonungen \u2013 unter anderem im Stil ihrer Vorl\u00e4uferin Hildegard von Bingen. Minnes\u00e4nger besangen das Liebesverlangen aus m\u00e4nnlicher Perspektive. Hier bem\u00e4chtigt sich eine Frau dieser Ausdrucks formen und so kann Mechthild zu Recht als eine Minnes\u00e4ngerin Gottes bezeichnet werden.<\/p>\n<h3>Erlebe Mechthilds Vision in Musik<\/h3>\n<p>Lass Dich von der einzigartigen Verbindung zwischen mittelalterlicher Mystik und zeitgen\u00f6ssischer Musik verzaubern. Dieses exklusive Liederheft \u00abO edeler arn\u00bb bietet Dir nicht nur eine seltene Gelegenheit, in die tiefgr\u00fcndigen geistlichen Lieder Mechthilds von Magdeburg einzutauchen, sondern pr\u00e4sentiert diese in einer modernen musikalischen Interpretation, die sowohl die historische Authentizit\u00e4t bewahrt als auch zeitgem\u00e4\u00df resoniert.<\/p>\n<p>Indem Du \u00abO edeler arn\u00bb erwirbst, erwirbst Du nicht nur Musik, sondern ein St\u00fcck lebendige Geschichte. Perfekt f\u00fcr Liebhaber der historischen Musik sowie f\u00fcr jene, die eine tiefe spirituelle Erfahrung suchen. Hol Dir Dein Exemplar heute und lasse die Kraft und Sch\u00f6nheit von Mechthilds Poesie und deren musikalische Umsetzung Dein Herz ber\u00fchren.<\/p>\n","protected":false},"excerpt":{"rendered":"<p>Ges\u00e4nge der Minnes\u00e4ngerin Gottes mit Melodien von Frank S. Wunderlich<\/p>\n","protected":false},"featured_media":4386,"comment_status":"closed","ping_status":"closed","template":"","meta":[],"product_brand":[],"product_cat":[366],"product_tag":[409,424],"class_list":{"0":"post-481","1":"product","2":"type-product","3":"status-publish","4":"has-post-thumbnail","6":"product_cat-noten","7":"product_tag-alte-musik","8":"product_tag-minnesang","9":"pa_b035_a01_b037-frank-s-wunderlich","11":"first","12":"instock","13":"taxable","14":"shipping-taxable","15":"purchasable","16":"product-type-simple"},"_links":{"self":[{"href":"https:\/\/spielleute.de\/es\/wp-json\/wp\/v2\/product\/481","targetHints":{"allow":["GET"]}}],"collection":[{"href":"https:\/\/spielleute.de\/es\/wp-json\/wp\/v2\/product"}],"about":[{"href":"https:\/\/spielleute.de\/es\/wp-json\/wp\/v2\/types\/product"}],"replies":[{"embeddable":true,"href":"https:\/\/spielleute.de\/es\/wp-json\/wp\/v2\/comments?post=481"}],"wp:featuredmedia":[{"embeddable":true,"href":"https:\/\/spielleute.de\/es\/wp-json\/wp\/v2\/media\/4386"}],"wp:attachment":[{"href":"https:\/\/spielleute.de\/es\/wp-json\/wp\/v2\/media?parent=481"}],"wp:term":[{"taxonomy":"product_brand","embeddable":true,"href":"https:\/\/spielleute.de\/es\/wp-json\/wp\/v2\/product_brand?post=481"},{"taxonomy":"product_cat","embeddable":true,"href":"https:\/\/spielleute.de\/es\/wp-json\/wp\/v2\/product_cat?post=481"},{"taxonomy":"product_tag","embeddable":true,"href":"https:\/\/spielleute.de\/es\/wp-json\/wp\/v2\/product_tag?post=481"}],"curies":[{"name":"wp","href":"https:\/\/api.w.org\/{rel}","templated":true}]}}