{"id":477,"date":"2002-10-02T17:31:51","date_gmt":"2002-10-02T15:31:51","guid":{"rendered":"https:\/\/stage.spielleute.de\/40-bretonische-taenze-mit-ihrem-kulturellen-hintergrund\/"},"modified":"2025-01-30T13:43:47","modified_gmt":"2025-01-30T12:43:47","slug":"40-bretonische-taenze","status":"publish","type":"product","link":"https:\/\/spielleute.de\/es\/40-bretonische-taenze\/","title":{"rendered":"40 bretonische T\u00e4nze mit ihrem kulturellen Hintergrund"},"content":{"rendered":"<p>Mit \u00ab40 bretonische T\u00e4nze mit ihrem kulturellen Hintergrund\u00bb von Corina Oosterveen h\u00e4ltst Du das umfassendste Lehrbuch f\u00fcr bretonische T\u00e4nze in deutscher Sprache in den H\u00e4nden. Dieses Werk bietet T\u00e4nzern und Tanzleitern nicht nur die M\u00f6glichkeit, traditionelle bretonische T\u00e4nze zu erlernen, sondern vermittelt auch tiefgreifendes Wissen \u00fcber den kulturellen Kontext, der diese T\u00e4nze so einzigartig macht.<\/p>\n<h3>Eine Br\u00fccke zur bretonischen Kultur<\/h3>\n<p>Bretonische T\u00e4nze sind mehr als nur Bewegung zur Musik. Sie sind ein Fenster in die reiche Geschichte und Kultur der Bretagne. Das Buch \u00ab40 bretonische T\u00e4nze mit ihrem kulturellen Hintergrund\u00bb bietet eine detaillierte Einf\u00fchrung in die traditionellen Instrumente, die musikalische Begleitung, die Entwicklung des bretonischen Tanzes, die keltische Sprache, bretonische Trachten und K\u00fcche sowie viele weitere Aspekte, die zur kulturellen Identit\u00e4t der Bretagne beitragen.<\/p>\n<h3>Lernen durch Praxis<\/h3>\n<p>Jeder der 40 T\u00e4nze wird mit einem Notenbeispiel und einer Choreografie in der g\u00e4ngigen Tanzschrift eingef\u00fchrt. Dabei geht das Buch \u00ab40 bretonische T\u00e4nze mit ihrem kulturellen Hintergrund\u00bb auch auf h\u00e4ufige Varianten ein und bietet Schwierigkeitsgrade, die es leicht machen, den Einstieg zu finden. Von Branles doubles \u00fcber Branles simples und Branles gays bis hin zu sonstigen und importierten T\u00e4nzen \u2013 dieses Buch deckt das gesamte Spektrum ab.<\/p>\n<h3>Reichhaltig illustriertes Werk<\/h3>\n<p>Zahlreiche Zeichnungen, Karten und Fotografien illustrieren dieses aufwendig gestaltete Buch, das nicht nur eine Anleitung zum Tanzen, sondern auch eine visuelle Reise durch die Bretagne bietet. Das Bonusmaterial in der Mediathek, das Album \u00abBretonische T\u00e4nze \u2013 Nous les ferons danser\u00bb von der Gruppe \u00abLa Marmotte\u00bb bietet die perfekte musikalische Begleitung, um die T\u00e4nze zu \u00fcben und das erlernte Wissen praktisch umzusetzen.<\/p>\n<h3>Pers\u00f6nliche Einblicke und Motivation<\/h3>\n<p>In ihrem Vorwort teilt Corina Oosterveen pers\u00f6nliche Erlebnisse und Erkenntnisse, die ihre Liebe zum bretonischen Tanz weckten. Ihr Buch \u00ab40 bretonische T\u00e4nze mit ihrem kulturellen Hintergrund\u00bb ist eine Einladung an alle, die Freude an Bewegung haben und die Welt durch den Tanz entdecken m\u00f6chten. Sie ermutigt dazu, die bretonischen T\u00e4nze nicht nur zu lernen, sondern sie auch als Teil eines lebendigen kulturellen Ausdrucks zu begreifen.<\/p>\n<h3>Ein Buch f\u00fcr alle Altersgruppen<\/h3>\n<p>Die T\u00e4nze sind so aufbereitet, dass sie f\u00fcr Schulkinder ab 8 Jahren geeignet sind, aber auch Erwachsene und Senioren ansprechen. Corina Oosterveen betont, dass bretonische T\u00e4nze keine Schaut\u00e4nze sind, sondern T\u00e4nze zum Mittanzen. Durch diesen integrativen Ansatz wird das Buch zu einem wertvollen Begleiter f\u00fcr Tanzinteressierte aller Altersklassen.<\/p>\n<h3>Ein umfassender Guide<\/h3>\n<p>Das Buch bietet nicht nur Tanzanleitungen, sondern auch Einblicke in die Geschichte, Geschichten, Musik, Instrumente, die bretonische Sprache und vieles mehr. Es ist ein umfassender Guide, der die Leser dazu einl\u00e4dt, sich ganzheitlich mit der bretonischen Kultur auseinanderzusetzen.<\/p>\n<p>Mit \u00ab40 bretonische T\u00e4nze mit ihrem kulturellen Hintergrund\u00bb von Corina Oosterveen erwirbst Du nicht nur ein Tanzlehrbuch, sondern einen Schl\u00fcssel zur bretonischen Kultur und Tradition. Tauche ein in die Welt der bretonischen T\u00e4nze und erlebe, wie Tanz und Kultur ein einzigartiges Gemeinschaftsgef\u00fchl f\u00f6rdern k\u00f6nnen.<\/p>\n","protected":false},"excerpt":{"rendered":"<p>Tanzlehrbuch von Corina Oosterveen<\/p>\n","protected":false},"featured_media":4585,"comment_status":"closed","ping_status":"closed","template":"","meta":[],"product_brand":[],"product_cat":[369],"product_tag":[433,435,449,436,401,414,921],"class_list":{"0":"post-477","1":"product","2":"type-product","3":"status-publish","4":"has-post-thumbnail","6":"product_cat-sachliteratur","7":"product_tag-an-dro","8":"product_tag-bourree","9":"product_tag-bretonische-musik","10":"product_tag-bretonische-taenze-lernen","11":"product_tag-noten-fuer-bal-folk","12":"product_tag-noten-fuer-diatonisches-akkordeon","13":"product_tag-traditionelle-musik","14":"pa_b035_a01_b037-corina-oosterveen","16":"first","17":"outofstock","18":"taxable","19":"shipping-taxable","20":"purchasable","21":"product-type-simple"},"_links":{"self":[{"href":"https:\/\/spielleute.de\/es\/wp-json\/wp\/v2\/product\/477","targetHints":{"allow":["GET"]}}],"collection":[{"href":"https:\/\/spielleute.de\/es\/wp-json\/wp\/v2\/product"}],"about":[{"href":"https:\/\/spielleute.de\/es\/wp-json\/wp\/v2\/types\/product"}],"replies":[{"embeddable":true,"href":"https:\/\/spielleute.de\/es\/wp-json\/wp\/v2\/comments?post=477"}],"wp:featuredmedia":[{"embeddable":true,"href":"https:\/\/spielleute.de\/es\/wp-json\/wp\/v2\/media\/4585"}],"wp:attachment":[{"href":"https:\/\/spielleute.de\/es\/wp-json\/wp\/v2\/media?parent=477"}],"wp:term":[{"taxonomy":"product_brand","embeddable":true,"href":"https:\/\/spielleute.de\/es\/wp-json\/wp\/v2\/product_brand?post=477"},{"taxonomy":"product_cat","embeddable":true,"href":"https:\/\/spielleute.de\/es\/wp-json\/wp\/v2\/product_cat?post=477"},{"taxonomy":"product_tag","embeddable":true,"href":"https:\/\/spielleute.de\/es\/wp-json\/wp\/v2\/product_tag?post=477"}],"curies":[{"name":"wp","href":"https:\/\/api.w.org\/{rel}","templated":true}]}}