{"id":11335,"date":"2025-11-12T14:06:16","date_gmt":"2025-11-12T13:06:16","guid":{"rendered":"https:\/\/spielleute.de\/cantos-del-reyezuelo\/"},"modified":"2025-11-12T14:06:16","modified_gmt":"2025-11-12T13:06:16","slug":"cantos-del-reyezuelo","status":"publish","type":"product","link":"https:\/\/spielleute.de\/es\/cantos-del-reyezuelo\/","title":{"rendered":"Cantos del reyezuelo"},"content":{"rendered":"<p><strong>\u00abLieder der Zaunk\u00f6nigin\u00bb<\/strong> es un libro para quien ame las vibraciones medievales, las melod\u00edas reales y las historias poderosas. El juglar Alheit vive en el castillo del caballero Jorge y muestra a Mat\u00edas, Thea y W\u00f6lfchen cu\u00e1nta m\u00fasica hay en sus cuentos de hadas. Cada cuento termina con una canci\u00f3n que puedes cantar inmediatamente o tocar con tu instrumento. \u2728<\/p>\n<p>En el libro encontrar\u00e1s <strong>13 canciones de cuentos de hadas<\/strong> interpretadas con <strong>melod\u00edas tradicionales de la Edad Media<\/strong>. Entre ellos est\u00e1n Undine, los siete enanitos, Till Eulenspiegel, los M\u00fasicos de Bremen, la Madre Hulda, R\u00fcbezahl y muchos otros personajes que probablemente ya conozcas, pero aqu\u00ed de una forma que parece mucho m\u00e1s real.<br \/>\nPuedes leer los cuentos en voz alta, y las canciones est\u00e1n compuestas de tal forma que incluso los m\u00fasicos m\u00e1s j\u00f3venes pueden familiarizarse con ellas. \ud83c\udfb6 <\/p>\n<p>Adem\u00e1s, las ilustraciones de Janca Hinrichs realmente aportan algo: abren peque\u00f1os mundos visuales en los que siempre encontrar\u00e1s nuevos detalles. Son precisamente estas im\u00e1genes las que confieren a las historias un car\u00e1cter especial y profundizan en el sentimiento medieval de una forma agradablemente poco agitada e inmediatamente memorable. <\/p>\n<p>Perfecto para ti si<\/p>\n<ul>\n<li>tocar el la\u00fad, la flauta, la gaita, la zanfona, el acorde\u00f3n o simplemente cantar<\/li>\n<li>quieren acercar la m\u00fasica a los ni\u00f1os y j\u00f3venes<\/li>\n<li>buscan un libro que sea divertido de inmediato, sin largas explicaciones<\/li>\n<\/ul>\n<p>El c\u00f3digo QR del libro te da acceso a una biblioteca multimedia repleta:<\/p>\n<ul>\n<li>Muestras de audio de todas las canciones<\/li>\n<li>Ideas para bailes y juegos<\/li>\n<li><strong>Acompa\u00f1amientos Orff<\/strong><\/li>\n<li>Impulsos esc\u00e9nicos<\/li>\n<li>Leer en voz alta versiones de algunos cuentos de hadas<\/li>\n<li>Movimientos para la creaci\u00f3n musical elemental<\/li>\n<\/ul>\n<p><strong>\u00abLieder der Zaunk\u00f6nigin<\/strong> \u00bb es adecuado para familias, escuelas, grupos juveniles y cualquiera que desee mantener viva la m\u00fasica tradicional, con historias que te atrapan de inmediato y melod\u00edas que se quedan en tu cabeza.<\/p>\n","protected":false},"excerpt":{"rendered":"<p>M\u00fasica de cuentos de hadas de la Edad Media<\/p>\n","protected":false},"featured_media":10954,"comment_status":"open","ping_status":"closed","template":"","meta":[],"product_brand":[],"product_cat":[1166],"product_tag":[1775,1776,1779,1787,1300,1784,1786,1780,1782,1785,1791,1777,1783,1778,1789,1790,1086,1792,1788,1038,1793,1781],"class_list":{"0":"post-11335","1":"product","2":"type-product","3":"status-publish","4":"has-post-thumbnail","6":"product_cat-novelas","7":"product_tag-canciones-de-cuentos-de-hadas","8":"product_tag-canciones-infantiles","9":"product_tag-cantar-y-jugar","10":"product_tag-cuentos-de-hadas","11":"product_tag-edad-media","12":"product_tag-educacion-musical","13":"product_tag-escuela-primaria","14":"product_tag-folk","15":"product_tag-gaitas","16":"product_tag-guarderia","17":"product_tag-hacer-musica-con-los-ninos","18":"product_tag-la-vida-en-el-castillo","19":"product_tag-laud","20":"product_tag-leer-en-voz-alta","21":"product_tag-libro-de-cuentos","22":"product_tag-libro-de-partituras","23":"product_tag-musica-drone","24":"product_tag-musica-familiar","25":"product_tag-musica-medieval","26":"product_tag-musica-tradicional","27":"product_tag-teatro","28":"product_tag-zanfona","29":"pa_b035_a01_b037-christine-hinrichs","30":"pa_b035_a01_b037-janca-hinrichs","32":"first","33":"instock","34":"taxable","35":"shipping-taxable","36":"purchasable","37":"product-type-simple"},"_links":{"self":[{"href":"https:\/\/spielleute.de\/es\/wp-json\/wp\/v2\/product\/11335","targetHints":{"allow":["GET"]}}],"collection":[{"href":"https:\/\/spielleute.de\/es\/wp-json\/wp\/v2\/product"}],"about":[{"href":"https:\/\/spielleute.de\/es\/wp-json\/wp\/v2\/types\/product"}],"replies":[{"embeddable":true,"href":"https:\/\/spielleute.de\/es\/wp-json\/wp\/v2\/comments?post=11335"}],"wp:featuredmedia":[{"embeddable":true,"href":"https:\/\/spielleute.de\/es\/wp-json\/wp\/v2\/media\/10954"}],"wp:attachment":[{"href":"https:\/\/spielleute.de\/es\/wp-json\/wp\/v2\/media?parent=11335"}],"wp:term":[{"taxonomy":"product_brand","embeddable":true,"href":"https:\/\/spielleute.de\/es\/wp-json\/wp\/v2\/product_brand?post=11335"},{"taxonomy":"product_cat","embeddable":true,"href":"https:\/\/spielleute.de\/es\/wp-json\/wp\/v2\/product_cat?post=11335"},{"taxonomy":"product_tag","embeddable":true,"href":"https:\/\/spielleute.de\/es\/wp-json\/wp\/v2\/product_tag?post=11335"}],"curies":[{"name":"wp","href":"https:\/\/api.w.org\/{rel}","templated":true}]}}