{"id":11287,"date":"1996-10-02T17:31:51","date_gmt":"1996-10-02T15:31:51","guid":{"rendered":"https:\/\/spielleute.de\/musica-folclorica\/"},"modified":"1996-10-02T17:31:51","modified_gmt":"1996-10-02T15:31:51","slug":"musica-folclorica","status":"publish","type":"product","link":"https:\/\/spielleute.de\/es\/musica-folclorica\/","title":{"rendered":"M\u00fasica folcl\u00f3rica"},"content":{"rendered":"<p>Bienvenido al fascinante mundo de la m\u00fasica drone, al que se da un giro moderno con \u00ab100 Nuevas Melod\u00edas\u00bb. Esta colecci\u00f3n aporta un soplo de aire fresco a la escena de la m\u00fasica folk al presentar por primera vez composiciones exclusivamente nuevas para zanfona y gaita. Sum\u00e9rgete en una aventura musical que combina magistralmente tradici\u00f3n e innovaci\u00f3n.  <\/p>\n<h3>Sonidos aut\u00e9nticos con ra\u00edces profundas<\/h3>\n<p>Las piezas recogidas en este volumen impresionan por su autenticidad y su fuerte conexi\u00f3n con la tradici\u00f3n de la m\u00fasica folk de Europa occidental. Experimenta c\u00f3mo la gran popularidad de los instrumentos zumbadores ha inspirado a los m\u00fasicos a crear composiciones que merece la pena escuchar y tocar. <\/p>\n<h3>Diversidad y creatividad<\/h3>\n<p>Algunas de las melod\u00edas de esta colecci\u00f3n vienen con una segunda voz o acompa\u00f1amiento de bajo, mientras que con otras la (G) clave del \u00e9xito reside en tu propia creatividad. Todas las piezas se presentan en su tonalidad original, pero ofrecen suficiente espacio para adaptaciones e interpretaciones individuales. <\/p>\n<h3>La g\u00e9nesis: Un llamamiento a la comunidad de m\u00fasicos<\/h3>\n<p>Descubre c\u00f3mo surgi\u00f3 esta colecci\u00f3n \u00fanica: \u00abGoe Vollek\u00bb, la revista del Gremio de M\u00fasica Popular de Flandes, hizo un llamamiento a los m\u00fasicos para que enviaran melod\u00edas compuestas por ellos mismos. De las muchas enviadas, Herman Dewitt seleccion\u00f3 100 piezas, que fueron preparadas para su impresi\u00f3n por Wilfrid Moonen. Este proyecto es una prueba de la comunidad viva y creativa que a\u00fan hoy caracteriza a la m\u00fasica folk.  <\/p>\n<h3>Una caja de herramientas de la diversidad<\/h3>\n<p>Aunque las melod\u00edas son especialmente adecuadas para instrumentos de bord\u00f3n como la gaita, la zanfona y el cimbal\u00f3n, tambi\u00e9n se pueden tocar f\u00e1cilmente en la arm\u00f3nica, el viol\u00edn, la flauta, el \u00f3rgano, la guitarra y muchos otros instrumentos. Esta versatilidad convierte a la colecci\u00f3n en un valioso tesoro para m\u00fasicos de todos los estilos. <\/p>\n","protected":false},"excerpt":{"rendered":"<p>100 nuevas melod\u00edas<\/p>\n","protected":false},"featured_media":11288,"comment_status":"closed","ping_status":"closed","template":"","meta":[],"product_brand":[],"product_cat":[1027],"product_tag":[1122,1094,1086,1038,1093,1084,1099],"class_list":{"0":"post-11287","1":"product","2":"type-product","3":"status-publish","4":"has-post-thumbnail","6":"product_cat-partituras","7":"product_tag-a-dro-es","8":"product_tag-bourree-es","9":"product_tag-musica-drone","10":"product_tag-musica-tradicional","11":"product_tag-partituras-para-acordeon-diatonico","12":"product_tag-partituras-para-gaita","13":"product_tag-partituras-para-zanfona","14":"pa_b035_a01_b037-herman-dewit","16":"first","17":"instock","18":"taxable","19":"shipping-taxable","20":"purchasable","21":"product-type-simple"},"_links":{"self":[{"href":"https:\/\/spielleute.de\/es\/wp-json\/wp\/v2\/product\/11287","targetHints":{"allow":["GET"]}}],"collection":[{"href":"https:\/\/spielleute.de\/es\/wp-json\/wp\/v2\/product"}],"about":[{"href":"https:\/\/spielleute.de\/es\/wp-json\/wp\/v2\/types\/product"}],"replies":[{"embeddable":true,"href":"https:\/\/spielleute.de\/es\/wp-json\/wp\/v2\/comments?post=11287"}],"wp:featuredmedia":[{"embeddable":true,"href":"https:\/\/spielleute.de\/es\/wp-json\/wp\/v2\/media\/11288"}],"wp:attachment":[{"href":"https:\/\/spielleute.de\/es\/wp-json\/wp\/v2\/media?parent=11287"}],"wp:term":[{"taxonomy":"product_brand","embeddable":true,"href":"https:\/\/spielleute.de\/es\/wp-json\/wp\/v2\/product_brand?post=11287"},{"taxonomy":"product_cat","embeddable":true,"href":"https:\/\/spielleute.de\/es\/wp-json\/wp\/v2\/product_cat?post=11287"},{"taxonomy":"product_tag","embeddable":true,"href":"https:\/\/spielleute.de\/es\/wp-json\/wp\/v2\/product_tag?post=11287"}],"curies":[{"name":"wp","href":"https:\/\/api.w.org\/{rel}","templated":true}]}}