{"id":11284,"date":"2007-02-16T17:32:50","date_gmt":"2007-02-16T16:32:50","guid":{"rendered":"https:\/\/spielleute.de\/el-cancionero-de-locham-volumen-1\/"},"modified":"2007-02-16T17:32:50","modified_gmt":"2007-02-16T16:32:50","slug":"el-cancionero-de-locham-volumen-1","status":"publish","type":"product","link":"https:\/\/spielleute.de\/es\/el-cancionero-de-locham-volumen-1\/","title":{"rendered":"El Cancionero de Locham &#8211; Volumen 1"},"content":{"rendered":"<p>\u00abDas Lochamer Liederbuch &#8211; Band 1\u00bb 1 se cita a menudo como el \u00abprimer cancionero alem\u00e1n\u00bb y contiene una colecci\u00f3n de 41 canciones que destaca en la tradici\u00f3n de la canci\u00f3n en lengua alemana.<\/p>\n<h3>Valor hist\u00f3rico y musical<\/h3>\n<p>Complementado por una secci\u00f3n instrumental con 32 arreglos, el cancionero fue creado probablemente en el c\u00edrculo del famoso organista ciego Conrad Paumann de N\u00faremberg. Esta adici\u00f3n aumenta considerablemente el valor y la diversidad de la colecci\u00f3n. <\/p>\n<h3>Pr\u00e1ctica nueva transmisi\u00f3n<\/h3>\n<p>Las ediciones anteriores se centraban principalmente en transcripciones eruditas. Nuestra nueva edici\u00f3n \u00abDas Lochamer Liederbuch &#8211; Band 1\u00bb hace hincapi\u00e9 en la interpretaci\u00f3n pr\u00e1ctica de las piezas, complementada con una transcripci\u00f3n directamente del original. <\/p>\n<h3>La ciencia se une a la practicidad<\/h3>\n<p>Con su comentario cr\u00edtico, \u00abDas Lochamer Liederbuch &#8211; Band 1\u00bb tambi\u00e9n satisface los elevados est\u00e1ndares acad\u00e9micos, mientras que sus consejos pr\u00e1cticos de interpretaci\u00f3n atraen especialmente a los m\u00fasicos.<\/p>\n<h3>Diversidad en la m\u00fasica<\/h3>\n<p>Desde melod\u00edas tan conocidas como \u00abWach auf mein hort Oswalds von Wolkenstein\u00bb hasta piezas menos conocidas como \u00abM\u00f6cht ich dein begeren\u00bb, este libro ofrece una amplia gama de canciones que enriquecen el repertorio musical medieval.<\/p>\n<h3>Un tesoro para m\u00fasicos e historiadores<\/h3>\n<p>\u00abEl Cancionero de Locham &#8211; Volumen 1\u00bb es un recurso importante para cualquier persona interesada en interpretar y comprender la m\u00fasica hist\u00f3rica. Esta edici\u00f3n abre el acceso a un mundo de melod\u00edas y t\u00e9cnicas musicales hist\u00f3ricas. <\/p>\n<h3>Enriquece tu repertorio musical<\/h3>\n<p>Ampl\u00eda tu comprensi\u00f3n y tus habilidades interpretativas adquiriendo esta cuidada edici\u00f3n. \u00abDas Lochamer Liederbuch &#8211; Band 1\u00bb te acerca a los fascinantes sonidos del siglo XV y enriquece tu repertorio musical con profundidad y autenticidad hist\u00f3ricas. <\/p>\n","protected":false},"excerpt":{"rendered":"<p>en una nueva traducci\u00f3n y con comentarios detallados de Marc Lewon<\/p>\n","protected":false},"featured_media":11285,"comment_status":"closed","ping_status":"closed","template":"","meta":[],"product_brand":[],"product_cat":[1027],"product_tag":[1092,1158],"class_list":{"0":"post-11284","1":"product","2":"type-product","3":"status-publish","4":"has-post-thumbnail","6":"product_cat-partituras","7":"product_tag-musica-antigua","8":"product_tag-renacimiento","9":"pa_b035_a01_b037-marc-lewon-es","11":"first","12":"outofstock","13":"taxable","14":"shipping-taxable","15":"purchasable","16":"product-type-simple"},"_links":{"self":[{"href":"https:\/\/spielleute.de\/es\/wp-json\/wp\/v2\/product\/11284","targetHints":{"allow":["GET"]}}],"collection":[{"href":"https:\/\/spielleute.de\/es\/wp-json\/wp\/v2\/product"}],"about":[{"href":"https:\/\/spielleute.de\/es\/wp-json\/wp\/v2\/types\/product"}],"replies":[{"embeddable":true,"href":"https:\/\/spielleute.de\/es\/wp-json\/wp\/v2\/comments?post=11284"}],"wp:featuredmedia":[{"embeddable":true,"href":"https:\/\/spielleute.de\/es\/wp-json\/wp\/v2\/media\/11285"}],"wp:attachment":[{"href":"https:\/\/spielleute.de\/es\/wp-json\/wp\/v2\/media?parent=11284"}],"wp:term":[{"taxonomy":"product_brand","embeddable":true,"href":"https:\/\/spielleute.de\/es\/wp-json\/wp\/v2\/product_brand?post=11284"},{"taxonomy":"product_cat","embeddable":true,"href":"https:\/\/spielleute.de\/es\/wp-json\/wp\/v2\/product_cat?post=11284"},{"taxonomy":"product_tag","embeddable":true,"href":"https:\/\/spielleute.de\/es\/wp-json\/wp\/v2\/product_tag?post=11284"}],"curies":[{"name":"wp","href":"https:\/\/api.w.org\/{rel}","templated":true}]}}