{"id":11278,"date":"2007-11-05T17:33:26","date_gmt":"2007-11-05T16:33:26","guid":{"rendered":"https:\/\/spielleute.de\/fabricacion-de-canas-para-gaita\/"},"modified":"2007-11-05T17:33:26","modified_gmt":"2007-11-05T16:33:26","slug":"fabricacion-de-canas-para-gaita","status":"publish","type":"product","link":"https:\/\/spielleute.de\/es\/fabricacion-de-canas-para-gaita\/","title":{"rendered":"Fabricaci\u00f3n de ca\u00f1as para gaita"},"content":{"rendered":"<p>La fabricaci\u00f3n de leng\u00fcetas para gaitas es un tema que a menudo s\u00f3lo se trata de forma marginal en la literatura especializada. Hay mucha informaci\u00f3n dispersa y es raro encontrar un an\u00e1lisis exhaustivo de los problemas que plantea la fabricaci\u00f3n y afinaci\u00f3n de leng\u00fcetas de golpeo sencillo. Con esta publicaci\u00f3n, Pavel C\u00edp y Rudolf F. Klapka colman esta laguna y te ofrecen instrucciones precisas y dibujos t\u00e9cnicos especialmente adaptados a las gaitas con orificio cil\u00edndrico para el tubo mel\u00f3dico.  <\/p>\n<h3>Primeros pasos en la fabricaci\u00f3n de instrumentos<\/h3>\n<p>Esta publicaci\u00f3n marca el comienzo de una nueva serie basada en la amplia experiencia del renombrado constructor de instrumentos Pavel \u010c\u00edp. En \u00abConstrucci\u00f3n de ca\u00f1as para gaitas\u00bb no s\u00f3lo se tratan las gaitas, sino tambi\u00e9n otros instrumentos tradicionales. Aprender\u00e1s las instrucciones de construcci\u00f3n y las t\u00e9cnicas que pueden devolver los antiguos instrumentos musicales al repertorio de la m\u00fasica popular actual.  <\/p>\n<h3>Instrucciones pr\u00e1cticas y dibujos detallados<\/h3>\n<p>En 48 p\u00e1ginas encontrar\u00e1s instrucciones detalladas sobre c\u00f3mo fabricar y afinar las ca\u00f1as. Se hace una distinci\u00f3n entre las gaitas de fuelle y las de boca, para garantizar una adaptaci\u00f3n precisa a tus necesidades. Una lista de fallos comunes y sus remedios ofrece soluciones pr\u00e1cticas para optimizar tus instrumentos.  <\/p>\n<h3>Soluciones personalizadas para cada llave<\/h3>\n<p>Se describe la fabricaci\u00f3n de las leng\u00fcetas para las tonalidades \u00abMi bemol\u00bb, \u00abFa\u00bb, \u00abSol\u00bb y \u00abSi bemol\u00bb. Esto incluye la fabricaci\u00f3n tanto del cuerpo de la ca\u00f1a como de la leng\u00fceta, con las dimensiones exactas para cada afinaci\u00f3n. De este modo, podr\u00e1s asegurarte de que tu instrumento suene siempre lo mejor posible con \u00abFabricaci\u00f3n de leng\u00fcetas para gaita\u00bb.  <\/p>\n<h3>Una gu\u00eda completa para tu pr\u00e1ctica musical<\/h3>\n<p>El folleto \u00abFabricaci\u00f3n de ca\u00f1as para gaitas\u00bb no es s\u00f3lo un libro de texto, sino un compa\u00f1ero indispensable en todo taller de aficionados y malet\u00edn de instrumentos. Desde la fabricaci\u00f3n hasta la afinaci\u00f3n fina, aqu\u00ed encontrar\u00e1s todo lo que necesitas para optimizar y reparar tus gaitas. <\/p>\n<h3>Haz que tu instrumento suene perfecto<\/h3>\n<p>Con \u00abConstrucci\u00f3n de ca\u00f1as para gaita\u00bb tienes en tu mano las herramientas para dominar tu equipo musical. Las instrucciones detalladas y los consejos pr\u00e1cticos te ayudar\u00e1n a perfeccionar cada detalle de tu gaita. Tanto si eres un ambicioso constructor de instrumentos aficionado como un profesional, este folleto te ayudar\u00e1 a garantizar la calidad y fidelidad de tus instrumentos.  <\/p>\n<h3>Ahora es el momento de perfeccionar tu oficio<\/h3>\n<p>Hazte con esta completa gu\u00eda que pone en tus manos el arte de fabricar ca\u00f1as para gaita. Benef\u00edciate de t\u00e9cnicas probadas y personaliza tu forma de tocar con soluciones a medida. Tanto si buscas un sonido aut\u00e9ntico para la m\u00fasica tradicional como si quieres llevar tu afici\u00f3n a la construcci\u00f3n de instrumentos al siguiente nivel, esta gu\u00eda te ayudar\u00e1 a dar el paso decisivo. Consigue tu copia ahora y \u00a1deja que brillen tus habilidades musicales!   <\/p>\n","protected":false},"excerpt":{"rendered":"<p>Ca\u00f1as para gaita con tubo mel\u00f3dico cil\u00edndrico<\/p>\n","protected":false},"featured_media":11279,"comment_status":"closed","ping_status":"closed","template":"","meta":[],"product_brand":[],"product_cat":[1106],"product_tag":[1266,1038],"class_list":{"0":"post-11278","1":"product","2":"type-product","3":"status-publish","4":"has-post-thumbnail","6":"product_cat-no-ficcion","7":"product_tag-literatura-para-la-fabricacion-de-instrumentos","8":"product_tag-musica-tradicional","9":"pa_b035_a01_b037-pavel-cip-es","10":"pa_b035_a01_b037-rudolf-f-klapka-es","12":"first","13":"instock","14":"taxable","15":"shipping-taxable","16":"purchasable","17":"product-type-simple"},"_links":{"self":[{"href":"https:\/\/spielleute.de\/es\/wp-json\/wp\/v2\/product\/11278","targetHints":{"allow":["GET"]}}],"collection":[{"href":"https:\/\/spielleute.de\/es\/wp-json\/wp\/v2\/product"}],"about":[{"href":"https:\/\/spielleute.de\/es\/wp-json\/wp\/v2\/types\/product"}],"replies":[{"embeddable":true,"href":"https:\/\/spielleute.de\/es\/wp-json\/wp\/v2\/comments?post=11278"}],"wp:featuredmedia":[{"embeddable":true,"href":"https:\/\/spielleute.de\/es\/wp-json\/wp\/v2\/media\/11279"}],"wp:attachment":[{"href":"https:\/\/spielleute.de\/es\/wp-json\/wp\/v2\/media?parent=11278"}],"wp:term":[{"taxonomy":"product_brand","embeddable":true,"href":"https:\/\/spielleute.de\/es\/wp-json\/wp\/v2\/product_brand?post=11278"},{"taxonomy":"product_cat","embeddable":true,"href":"https:\/\/spielleute.de\/es\/wp-json\/wp\/v2\/product_cat?post=11278"},{"taxonomy":"product_tag","embeddable":true,"href":"https:\/\/spielleute.de\/es\/wp-json\/wp\/v2\/product_tag?post=11278"}],"curies":[{"name":"wp","href":"https:\/\/api.w.org\/{rel}","templated":true}]}}