{"id":11272,"date":"2012-10-30T17:33:26","date_gmt":"2012-10-30T16:33:26","guid":{"rendered":"https:\/\/spielleute.de\/el-manual-de-la-gaita-volumen-2\/"},"modified":"2012-10-30T17:33:26","modified_gmt":"2012-10-30T16:33:26","slug":"el-manual-de-la-gaita-volumen-2","status":"publish","type":"product","link":"https:\/\/spielleute.de\/es\/el-manual-de-la-gaita-volumen-2\/","title":{"rendered":"El manual de la gaita &#8211; Volumen 2"},"content":{"rendered":"<p>Tras el gran \u00e9xito de la primera edici\u00f3n del Manual de la gaita, hemos recibido muchos comentarios positivos y sugerencias. Esto ha inspirado al autor a escribir una secuela, \u00abThe Bagpipe Primer &#8211; Volume 2\u00bb, que llevar\u00e1 tus habilidades con la gaita medieval al siguiente nivel. <\/p>\n<h3>Reflexiones sobre la segunda edici\u00f3n<\/h3>\n<p>Tres a\u00f1os despu\u00e9s de la publicaci\u00f3n del primer manual de gaita, ha llegado el momento de llevar tu desarrollo musical al siguiente nivel. \u00abEl manual de la gaita &#8211; Volumen 2\u00bb se basa en las bases sentadas en la primera parte y te introduce en el arte de tocar la gaita con mayor profundidad. <\/p>\n<h3>T\u00e9cnicas avanzadas de interpretaci\u00f3n y fundamentos<\/h3>\n<p>\u00abThe Bagpipe Primer &#8211; Volume 2\u00bb te gu\u00eda a trav\u00e9s de t\u00e9cnicas de interpretaci\u00f3n avanzadas y ampl\u00eda tus conocimientos b\u00e1sicos para tocar el silbato de pr\u00e1cticas y la gaita. Descubre melod\u00edas nuevas y conocidas que enriquecer\u00e1n tu repertorio. <\/p>\n<h3>Nuevas formas de expresi\u00f3n<\/h3>\n<p>Aprende a hacer m\u00e1s interesantes tus melod\u00edas desarrollando tus propias variaciones y utilizando nuevos recursos estil\u00edsticos como el vibrato y el glissando. Este volumen est\u00e1 dedicado a ampliar tu expresi\u00f3n musical. <\/p>\n<h3>Temas principales de \u00abEl manual de la gaita &#8211; Volumen 2\u00bb<\/h3>\n<ul>\n<li>Desarrollo de variaciones mediante notas de ornamentaci\u00f3n y notas mel\u00f3dicas<\/li>\n<li>Nuevos adornos y combinaciones<\/li>\n<li>Utilizaci\u00f3n del sol-bord\u00f3n para ampliar la variedad tonal<\/li>\n<li>Teor\u00eda musical y entonaci\u00f3n avanzadas<\/li>\n<\/ul>\n<h3>Libro de texto \u00fanico<\/h3>\n<p>Los vol\u00famenes Sackpfeifen-Fibel forman en conjunto el \u00fanico libro de texto completo sobre la gaita medieval. Son adecuados tanto para principiantes como para jugadores avanzados y te introducen en el instrumento paso a paso. <\/p>\n<h3>Informaci\u00f3n importante antes del inicio<\/h3>\n<p>Antes de empezar con \u00abEl manual de la gaita &#8211; Volumen 2\u00bb, aseg\u00farate de que has trabajado el primer volumen por completo y de que has comprendido el sistema de notaci\u00f3n. Lo b\u00e1sico es crucial para tener \u00e9xito con el segundo volumen. <\/p>\n<h3>Historias y consejos inspiradores<\/h3>\n<p>Conoce las experiencias del autor y el desarrollo de la cultura de la gaita. Descubre c\u00f3mo se reconoce la gaita en Alemania y a nivel internacional, y c\u00f3mo puedes dar forma a tu propio estilo musical. <\/p>\n<h3>El objetivo: m\u00fasica que cuenta historias<\/h3>\n<p>Nuestro objetivo es que seas capaz de contar historias con tu instrumento. La Cartilla de la Gaita Volumen 2 est\u00e1 dise\u00f1ada para ayudarte a ampliar tus habilidades musicales y a expresar tu amor por la m\u00fasica. <\/p>\n<h3>Perfecciona tu juego en la bolsa de mercado<\/h3>\n<p>\u00bfEst\u00e1s preparado para llevar tus habilidades musicales con la gaita al siguiente nivel y contar tus propias historias musicales? \u00abThe Bagpipe Primer &#8211; Volume 2\u00bb es el compa\u00f1ero perfecto para los int\u00e9rpretes avanzados que quieran profundizar en su arte y desarrollar su estilo personal. Profundiza en el mundo de la m\u00fasica medieval para gaita y descubre nuevas formas de dar vida a tu m\u00fasica. \u00a1Pide tu ejemplar ahora y comienza el siguiente cap\u00edtulo de tu viaje musical!   <\/p>\n","protected":false},"excerpt":{"rendered":"<p>Libro de texto para jugadores avanzados de gaita medieval<\/p>\n","protected":false},"featured_media":11273,"comment_status":"closed","ping_status":"closed","template":"","meta":[],"product_brand":[],"product_cat":[1131],"product_tag":[1122,1177,1709,1085,1086,1548],"class_list":{"0":"post-11272","1":"product","2":"type-product","3":"status-publish","4":"has-post-thumbnail","6":"product_cat-libro-de-texto","7":"product_tag-a-dro-es","8":"product_tag-aprende-a-tocar-la-gaita","9":"product_tag-aprende-a-tocar-la-gaita-de-mercado","10":"product_tag-musica-bretona","11":"product_tag-musica-drone","12":"product_tag-partituras-para-gaita-de-mercado","13":"pa_b035_a01_b037-thomas-zoller","15":"first","16":"outofstock","17":"taxable","18":"shipping-taxable","19":"purchasable","20":"product-type-simple"},"_links":{"self":[{"href":"https:\/\/spielleute.de\/es\/wp-json\/wp\/v2\/product\/11272","targetHints":{"allow":["GET"]}}],"collection":[{"href":"https:\/\/spielleute.de\/es\/wp-json\/wp\/v2\/product"}],"about":[{"href":"https:\/\/spielleute.de\/es\/wp-json\/wp\/v2\/types\/product"}],"replies":[{"embeddable":true,"href":"https:\/\/spielleute.de\/es\/wp-json\/wp\/v2\/comments?post=11272"}],"wp:featuredmedia":[{"embeddable":true,"href":"https:\/\/spielleute.de\/es\/wp-json\/wp\/v2\/media\/11273"}],"wp:attachment":[{"href":"https:\/\/spielleute.de\/es\/wp-json\/wp\/v2\/media?parent=11272"}],"wp:term":[{"taxonomy":"product_brand","embeddable":true,"href":"https:\/\/spielleute.de\/es\/wp-json\/wp\/v2\/product_brand?post=11272"},{"taxonomy":"product_cat","embeddable":true,"href":"https:\/\/spielleute.de\/es\/wp-json\/wp\/v2\/product_cat?post=11272"},{"taxonomy":"product_tag","embeddable":true,"href":"https:\/\/spielleute.de\/es\/wp-json\/wp\/v2\/product_tag?post=11272"}],"curies":[{"name":"wp","href":"https:\/\/api.w.org\/{rel}","templated":true}]}}