{"id":11265,"date":"2009-07-10T17:31:51","date_gmt":"2009-07-10T15:31:51","guid":{"rendered":"https:\/\/spielleute.de\/el-manual-de-la-gaita-volumen-1\/"},"modified":"2009-07-10T17:31:51","modified_gmt":"2009-07-10T15:31:51","slug":"el-manual-de-la-gaita-volumen-1","status":"publish","type":"product","link":"https:\/\/spielleute.de\/es\/el-manual-de-la-gaita-volumen-1\/","title":{"rendered":"El manual de la gaita &#8211; Volumen 1"},"content":{"rendered":"<p>Die Sackpfeifen-Fibel &#8211; Band 1&#8243; es el primer y \u00fanico libro de texto hasta la fecha sobre la gaita, la gaita medieval tal y como la conocemos de los mercados medievales o de bandas como In Extremo o Corvus Corax.<\/p>\n<h3>Un a\u00f1o lleno de descubrimientos y mejoras musicales<\/h3>\n<p>Ha pasado ya un buen a\u00f1o desde que se public\u00f3 la primera edici\u00f3n de la cartilla de la gaita. Desde entonces, el autor ha recibido muchos comentarios positivos, pero tambi\u00e9n alguna que otra sugerencia de mejora. En la medida de lo posible, Thomas Z\u00f6ller ha incorporado estas sugerencias en esta segunda edici\u00f3n.  <\/p>\n<p>El libro de texto es adecuado tanto para principiantes como para jugadores avanzados y ense\u00f1a una t\u00e9cnica de ornamentaci\u00f3n estructurada. \u00abThe Bagpipe Primer &#8211; Volume 1\u00bb gu\u00eda al alumno paso a paso desde el silbato de pr\u00e1cticas hasta la gaita. La t\u00e9cnica de respiraci\u00f3n y ejecuci\u00f3n de la gaita se ilustra claramente con textos, im\u00e1genes y gr\u00e1ficos.  <\/p>\n<h3>De la entrada al campeonato<\/h3>\n<p>Adem\u00e1s de ejercicios \u00fatiles, se incluyen, por supuesto, muchas melod\u00edas: por ejemplo, Diosas, Pavane, Skudrinka, la Canci\u00f3n de Palestina o la Danza del Oso, por nombrar s\u00f3lo algunas. Adem\u00e1s de estas piezas m\u00e1s tradicionales, tambi\u00e9n hay algunas composiciones modernas, por ejemplo de Briantanus. <\/p>\n<p>El bello libro de texto \u00abDie Sackpfeifen-Fibel &#8211; Band 1\u00bb, impreso en cuatricrom\u00eda, est\u00e1 dedicado a todos los interesados en la gaita \u00abmedieval\u00bb, tal como puede o\u00edrse hoy en d\u00eda en la mayor\u00eda de los mercados medievales. Medieval\u00bb se entrecomilla aqu\u00ed porque esta forma de gaita no es un instrumento hist\u00f3rico. Hay varios nombres asociados al instrumento, por ejemplo gaita, bolsa A o bolsa de mercado. En este libro de texto, el autor utiliza el t\u00e9rmino \u00abgaita\u00bb.   <\/p>\n<p>Las t\u00e9cnicas de interpretaci\u00f3n presentadas en \u00abDie Sackpfeifen-Fibel &#8211; Band 1\u00bb se explican con claridad y ampl\u00edan significativamente las posibilidades de expresi\u00f3n musical con la gaita. Proporcionan al m\u00fasico nuevas posibilidades. A pesar de los enfoques innovadores, para Thomas Z\u00f6ller es importante respetar las caracter\u00edsticas del instrumento.  <\/p>\n<h3>Ayudas visuales e instrucciones detalladas<\/h3>\n<p>Debajo de las unidades de aprendizaje hay zonas resaltadas visualmente. Aqu\u00ed se vuelven a tratar espec\u00edficamente los escollos asociados al ejercicio correspondiente. A veces se muestra una chirim\u00eda debajo de las notas, en la que se representan las digitaciones asociadas a las notas. La chirim\u00eda es grande para las notas mel\u00f3dicas y peque\u00f1a para las notas ornamentales.   <\/p>\n<p>Como con cualquier instrumento, no es aconsejable estudiar la gaita completamente solo. Por tanto, es una buena idea buscar un profesor, adem\u00e1s del profesor de gaita, que se ocupe concienzudamente de tus propias necesidades y problemas. <\/p>\n<h3>Ad\u00e9ntrate en el arte de la gaita<\/h3>\n<p>Con \u00abThe Bagpipe Primer &#8211; Volume 1\u00bb no s\u00f3lo recibir\u00e1s un libro de texto, sino tambi\u00e9n un completo compa\u00f1ero en tu camino para convertirte en un consumado gaitero. Este libro combina conocimientos hist\u00f3ricos con instrucciones pr\u00e1cticas y se basa en una gran experiencia. Ampl\u00eda tus habilidades musicales y descubre el placer de tocar la gaita medieval. \u00a1Consigue ahora tu ejemplar y comienza tu desarrollo musical!   <\/p>\n","protected":false},"excerpt":{"rendered":"<p>Libro de texto para la gaita medieval<\/p>\n","protected":false},"featured_media":11266,"comment_status":"closed","ping_status":"closed","template":"","meta":[],"product_brand":[],"product_cat":[1131],"product_tag":[1122,1177,1709,1085,1086,1548],"class_list":{"0":"post-11265","1":"product","2":"type-product","3":"status-publish","4":"has-post-thumbnail","6":"product_cat-libro-de-texto","7":"product_tag-a-dro-es","8":"product_tag-aprende-a-tocar-la-gaita","9":"product_tag-aprende-a-tocar-la-gaita-de-mercado","10":"product_tag-musica-bretona","11":"product_tag-musica-drone","12":"product_tag-partituras-para-gaita-de-mercado","13":"pa_b035_a01_b037-thomas-zoller","15":"first","16":"outofstock","17":"taxable","18":"shipping-taxable","19":"purchasable","20":"product-type-simple"},"_links":{"self":[{"href":"https:\/\/spielleute.de\/es\/wp-json\/wp\/v2\/product\/11265","targetHints":{"allow":["GET"]}}],"collection":[{"href":"https:\/\/spielleute.de\/es\/wp-json\/wp\/v2\/product"}],"about":[{"href":"https:\/\/spielleute.de\/es\/wp-json\/wp\/v2\/types\/product"}],"replies":[{"embeddable":true,"href":"https:\/\/spielleute.de\/es\/wp-json\/wp\/v2\/comments?post=11265"}],"wp:featuredmedia":[{"embeddable":true,"href":"https:\/\/spielleute.de\/es\/wp-json\/wp\/v2\/media\/11266"}],"wp:attachment":[{"href":"https:\/\/spielleute.de\/es\/wp-json\/wp\/v2\/media?parent=11265"}],"wp:term":[{"taxonomy":"product_brand","embeddable":true,"href":"https:\/\/spielleute.de\/es\/wp-json\/wp\/v2\/product_brand?post=11265"},{"taxonomy":"product_cat","embeddable":true,"href":"https:\/\/spielleute.de\/es\/wp-json\/wp\/v2\/product_cat?post=11265"},{"taxonomy":"product_tag","embeddable":true,"href":"https:\/\/spielleute.de\/es\/wp-json\/wp\/v2\/product_tag?post=11265"}],"curies":[{"name":"wp","href":"https:\/\/api.w.org\/{rel}","templated":true}]}}