{"id":11262,"date":"1996-10-02T17:32:50","date_gmt":"1996-10-02T15:32:50","guid":{"rendered":"https:\/\/spielleute.de\/cancionero-de-georg-forster-volumen-2\/"},"modified":"1996-10-02T17:32:50","modified_gmt":"1996-10-02T15:32:50","slug":"cancionero-de-georg-forster-volumen-2","status":"publish","type":"product","link":"https:\/\/spielleute.de\/es\/cancionero-de-georg-forster-volumen-2\/","title":{"rendered":"Cancionero de Georg Forster &#8211; Volumen 2"},"content":{"rendered":"<p>En 1565, Georg Forster, m\u00e9dico de renombre y entusiasta de la m\u00fasica, public\u00f3 el segundo volumen de su extensa colecci\u00f3n de canciones populares alemanas. Esta edici\u00f3n, basada en la cuarta edici\u00f3n del \u00abGeorg Forster Liederbuch &#8211; Band 2\u00bb de N\u00faremberg de 1565, combina canciones tradicionales con piezas reci\u00e9n a\u00f1adidas y proporciona una fascinante visi\u00f3n de la cultura musical burguesa de principios del siglo XVI. <\/p>\n<h3>Contexto hist\u00f3rico y contenido diverso<\/h3>\n<p>Adem\u00e1s de su profesi\u00f3n de m\u00e9dico, Georg Forster fue mel\u00f3mano, libretista, compositor, coleccionista, arreglista y editor, todo en uno. Sus cinco extensas colecciones de canciones de tenor y populares son un documento perdurable de la cultura musical burguesa de principios del siglo XVI. <\/p>\n<p><em>\u00abEl otro d\u00eda \/ muchas breves<br \/>\nfrescas canciones alemanas<br \/>\nmuy divertidas de cantar<br \/>\ncon algunas nuevas \/ canciones a\u00f1adidas&#8230;\u00bb<\/em><\/p>\n<p>La cuarta edici\u00f3n de \u00abGeorg Forster Liederbuch &#8211; Band 2\u00bb comprende una amplia gama de canciones, entre las que se incluyen canciones de carrusel, de caza y p\u00edcaras, de Buhl, de amor y de la corte, canciones de San Mart\u00edn y canciones er\u00f3ticas. Con ilustraciones de Martina Sirtl basadas en originales hist\u00f3ricos, este cancionero es una experiencia visual y auditiva. <\/p>\n<h3>Diversidad musical para voces e instrumentos<\/h3>\n<p>Aunque Forster no a\u00f1ade \u00ab&#8230; auff allerley Instrumenten zu brauchen\u00bb en el t\u00edtulo de esta edici\u00f3n, sino que subraya expl\u00edcitamente \u00ab&#8230; zu singen &#8230;\u00bb, la adici\u00f3n de instrumentos, preferiblemente de \u00e9poca, como flautas, cr\u00f3talos, cornamusas, dulzainas, pomeranias y chirim\u00edas, la\u00fades, guitarras y violas, es ciertamente recomendable. Todas las combinaciones, desde las puramente vocales a las puramente instrumentales, tienen su encanto. <\/p>\n<p>Esta flexibilidad te permite, con \u00abGeorg Forster Liederbuch &#8211; Band 2\u00bb, interpretar la m\u00fasica tanto vocalmente de forma tradicional como con una rica selecci\u00f3n de instrumentos renacentistas, lo que posibilita una experiencia musical individual y aut\u00e9ntica.<\/p>\n<h3>Colecci\u00f3n completa de canciones para experimentar e interpretar<\/h3>\n<p>La edici\u00f3n \u00abGeorg Forster Liederbuch &#8211; Band 2\u00bb se basa en \u00abDes andern theyls &#8230; Teutscher Liedlein &#8230;\u00bb de la cuarta edici\u00f3n, Nuremberg, 1565, en la que los cuadernos parciales para &#8216;Discantus&#8217;, &#8216;Altus&#8217;, &#8216;Tenor&#8217; y &#8216;Bassus&#8217; se resumieron en partituras para su uso actual.<\/p>\n<h3>Convierte tu m\u00fasica en un viaje en el tiempo<\/h3>\n<p>Si aprecias la interpretaci\u00f3n aut\u00e9ntica de la m\u00fasica medieval y te gustar\u00eda enriquecer tu repertorio con canciones raras e hist\u00f3ricamente significativas, entonces \u00abGeorg Forster Liederbuch &#8211; Band 2\u00bb es justo lo que necesitas. Esta colecci\u00f3n cuidadosamente recopilada no s\u00f3lo te ofrece la posibilidad de descubrir e interpretar m\u00fasica hist\u00f3rica, sino tambi\u00e9n la oportunidad de ampliar tu comprensi\u00f3n musical y tu pr\u00e1ctica interpretativa. \u00a1Haz tu pedido ahora y lleva el fascinante mundo de la m\u00fasica renacentista a tu casa o a tu conjunto!  <\/p>\n","protected":false},"excerpt":{"rendered":"<p>N\u00faremberg 1565<\/p>\n","protected":false},"featured_media":11264,"comment_status":"closed","ping_status":"closed","template":"","meta":[],"product_brand":[],"product_cat":[1027],"product_tag":[1092,1093,1158],"class_list":{"0":"post-11262","1":"product","2":"type-product","3":"status-publish","4":"has-post-thumbnail","6":"product_cat-partituras","7":"product_tag-musica-antigua","8":"product_tag-partituras-para-acordeon-diatonico","9":"product_tag-renacimiento","10":"pa_b035_a01_b037-heinz-niquel","12":"first","13":"instock","14":"taxable","15":"shipping-taxable","16":"purchasable","17":"product-type-simple"},"_links":{"self":[{"href":"https:\/\/spielleute.de\/es\/wp-json\/wp\/v2\/product\/11262","targetHints":{"allow":["GET"]}}],"collection":[{"href":"https:\/\/spielleute.de\/es\/wp-json\/wp\/v2\/product"}],"about":[{"href":"https:\/\/spielleute.de\/es\/wp-json\/wp\/v2\/types\/product"}],"replies":[{"embeddable":true,"href":"https:\/\/spielleute.de\/es\/wp-json\/wp\/v2\/comments?post=11262"}],"wp:featuredmedia":[{"embeddable":true,"href":"https:\/\/spielleute.de\/es\/wp-json\/wp\/v2\/media\/11264"}],"wp:attachment":[{"href":"https:\/\/spielleute.de\/es\/wp-json\/wp\/v2\/media?parent=11262"}],"wp:term":[{"taxonomy":"product_brand","embeddable":true,"href":"https:\/\/spielleute.de\/es\/wp-json\/wp\/v2\/product_brand?post=11262"},{"taxonomy":"product_cat","embeddable":true,"href":"https:\/\/spielleute.de\/es\/wp-json\/wp\/v2\/product_cat?post=11262"},{"taxonomy":"product_tag","embeddable":true,"href":"https:\/\/spielleute.de\/es\/wp-json\/wp\/v2\/product_tag?post=11262"}],"curies":[{"name":"wp","href":"https:\/\/api.w.org\/{rel}","templated":true}]}}