{"id":11244,"date":"2002-10-02T17:31:51","date_gmt":"2002-10-02T15:31:51","guid":{"rendered":"https:\/\/spielleute.de\/40-danzas-bretonas-con-su-trasfondo-cultural\/"},"modified":"2002-10-02T17:31:51","modified_gmt":"2002-10-02T15:31:51","slug":"40-danzas-bretonas-con-su-trasfondo-cultural","status":"publish","type":"product","link":"https:\/\/spielleute.de\/es\/40-danzas-bretonas-con-su-trasfondo-cultural\/","title":{"rendered":"40 danzas bretonas con su trasfondo cultural"},"content":{"rendered":"<p>Con \u00ab40 danzas bretonas con su trasfondo cultural\u00bb de Corina Oosterveen, tienes en tus manos el libro de texto m\u00e1s completo sobre danzas bretonas en alem\u00e1n. Esta obra no s\u00f3lo ofrece a bailarines y animadores de danzas la oportunidad de aprender danzas bretonas tradicionales, sino que tambi\u00e9n proporciona un conocimiento profundo del contexto cultural que hace que estas danzas sean tan singulares. <\/p>\n<h3>Un puente hacia la cultura bretona<\/h3>\n<p>Las danzas bretonas son algo m\u00e1s que movimiento al son de la m\u00fasica. Son una ventana abierta a la rica historia y cultura de Breta\u00f1a. El libro \u00ab40 danzas bretonas con su trasfondo cultural\u00bb ofrece una introducci\u00f3n detallada a los instrumentos tradicionales, el acompa\u00f1amiento musical, el desarrollo de la danza bretona, la lengua celta, los trajes y la cocina bretones, as\u00ed como muchos otros aspectos que contribuyen a la identidad cultural de Breta\u00f1a.  <\/p>\n<h3>Aprender a trav\u00e9s de la pr\u00e1ctica<\/h3>\n<p>Cada una de las 40 danzas se presenta con un ejemplo de partitura y una coreograf\u00eda en notaci\u00f3n est\u00e1ndar de danza. El libro \u00ab40 danzas bretonas con su trasfondo cultural\u00bb tambi\u00e9n aborda las variaciones habituales y ofrece niveles de dificultad que facilitan la iniciaci\u00f3n. Desde Branles dobles a Branles simples y Branles gays, pasando por otras danzas y danzas importadas: este libro cubre todo el espectro.  <\/p>\n<h3>Obra profusamente ilustrada<\/h3>\n<p>Numerosos dibujos, mapas y fotograf\u00edas ilustran este libro profusamente dise\u00f1ado, que ofrece no s\u00f3lo una gu\u00eda de danzas, sino tambi\u00e9n un viaje visual por Breta\u00f1a. El material extra del centro multimedia, el \u00e1lbum \u00abDanzas bretonas &#8211; Nous les ferons danser\u00bb del grupo \u00abLa Marmotte\u00bb, proporciona el acompa\u00f1amiento musical perfecto para practicar las danzas y poner en pr\u00e1ctica los conocimientos aprendidos. <\/p>\n<h3>Ideas personales y motivaci\u00f3n<\/h3>\n<p>En su pr\u00f3logo, Corina Oosterveen comparte experiencias personales y reflexiones que despertaron su amor por la danza bretona. Su libro \u00ab40 danzas bretonas con su trasfondo cultural\u00bb es una invitaci\u00f3n a cualquiera que disfrute con el movimiento y quiera descubrir el mundo a trav\u00e9s de la danza. Anima a la gente no s\u00f3lo a aprender danzas bretonas, sino tambi\u00e9n a reconocerlas como parte de una expresi\u00f3n cultural viva.  <\/p>\n<h3>Un libro para todas las edades<\/h3>\n<p>Las danzas se preparan de forma que sean adecuadas para escolares a partir de 8 a\u00f1os, pero tambi\u00e9n resultan atractivas para adultos y personas mayores. Corina Oosterveen subraya que las danzas bretonas no son danzas de espect\u00e1culo, sino danzas para bailar con ellas. Este enfoque integrador hace del libro un valioso compa\u00f1ero para los aficionados a la danza de todas las edades.  <\/p>\n<h3>Una gu\u00eda completa<\/h3>\n<p>El libro no s\u00f3lo ofrece instrucciones de baile, sino tambi\u00e9n conocimientos sobre la historia, las historias, la m\u00fasica, los instrumentos, la lengua bretona y mucho m\u00e1s. Es una gu\u00eda completa que invita a los lectores a comprometerse con la cultura bretona de forma hol\u00edstica. <\/p>\n<p>Con \u00ab40 danzas bretonas con su trasfondo cultural\u00bb de Corina Oosterveen, no s\u00f3lo adquirir\u00e1s un libro de texto de danza, sino tambi\u00e9n una clave de la cultura y la tradici\u00f3n bretonas. Sum\u00e9rgete en el mundo de las danzas bretonas y experimenta c\u00f3mo la danza y la cultura pueden fomentar un sentido \u00fanico de comunidad. <\/p>\n","protected":false},"excerpt":{"rendered":"<p>Libro de texto de danza de Corina Oosterveen<\/p>\n","protected":false},"featured_media":11245,"comment_status":"closed","ping_status":"closed","template":"","meta":[],"product_brand":[],"product_cat":[1106],"product_tag":[1122,1127,1094,1085,1038,1093,1098],"class_list":{"0":"post-11244","1":"product","2":"type-product","3":"status-publish","4":"has-post-thumbnail","6":"product_cat-no-ficcion","7":"product_tag-a-dro-es","8":"product_tag-aprende-danzas-bretonas","9":"product_tag-bourree-es","10":"product_tag-musica-bretona","11":"product_tag-musica-tradicional","12":"product_tag-partituras-para-acordeon-diatonico","13":"product_tag-partituras-para-bal-folk","14":"pa_b035_a01_b037-corina-oosterveen-es","16":"first","17":"outofstock","18":"taxable","19":"shipping-taxable","20":"purchasable","21":"product-type-simple"},"_links":{"self":[{"href":"https:\/\/spielleute.de\/es\/wp-json\/wp\/v2\/product\/11244","targetHints":{"allow":["GET"]}}],"collection":[{"href":"https:\/\/spielleute.de\/es\/wp-json\/wp\/v2\/product"}],"about":[{"href":"https:\/\/spielleute.de\/es\/wp-json\/wp\/v2\/types\/product"}],"replies":[{"embeddable":true,"href":"https:\/\/spielleute.de\/es\/wp-json\/wp\/v2\/comments?post=11244"}],"wp:featuredmedia":[{"embeddable":true,"href":"https:\/\/spielleute.de\/es\/wp-json\/wp\/v2\/media\/11245"}],"wp:attachment":[{"href":"https:\/\/spielleute.de\/es\/wp-json\/wp\/v2\/media?parent=11244"}],"wp:term":[{"taxonomy":"product_brand","embeddable":true,"href":"https:\/\/spielleute.de\/es\/wp-json\/wp\/v2\/product_brand?post=11244"},{"taxonomy":"product_cat","embeddable":true,"href":"https:\/\/spielleute.de\/es\/wp-json\/wp\/v2\/product_cat?post=11244"},{"taxonomy":"product_tag","embeddable":true,"href":"https:\/\/spielleute.de\/es\/wp-json\/wp\/v2\/product_tag?post=11244"}],"curies":[{"name":"wp","href":"https:\/\/api.w.org\/{rel}","templated":true}]}}