{"id":11241,"date":"2010-11-22T17:31:51","date_gmt":"2010-11-22T16:31:51","guid":{"rendered":"https:\/\/spielleute.de\/matilde-de-magdeburgo-o-noble-arn\/"},"modified":"2010-11-22T17:31:51","modified_gmt":"2010-11-22T16:31:51","slug":"matilde-de-magdeburgo-o-noble-arn","status":"publish","type":"product","link":"https:\/\/spielleute.de\/es\/matilde-de-magdeburgo-o-noble-arn\/","title":{"rendered":"Matilde de Magdeburgo &#8211; O noble arn"},"content":{"rendered":"<p>Descubre \u00abO edeler arn\u00bb, una obra fascinante que se centra en los cantos espirituales y po\u00e9ticos de Matilde de Magdeburgo, eminente m\u00edstica y beguina. Este cancionero contiene ajustes seleccionados que reinterpretan musicalmente las profundas ideas de Matilde sobre la vida espiritual de la Edad Media y hacen accesibles sus perspectivas \u00fanicas sobre el amor divino y el anhelo humano. <\/p>\n<h3>Origen y educaci\u00f3n de un m\u00edstico medieval<\/h3>\n<p>La beguina y m\u00edstica Matilde de Magdeburgo proced\u00eda de una familia acomodada, presumiblemente noble, de los alrededores de Magdeburgo o Halberstadt. Recibi\u00f3 una buena educaci\u00f3n, que se expresa en el vocabulario y la imaginer\u00eda del mundo cortesano y caballeresco. <\/p>\n<h3>Vocaci\u00f3n espiritual y educaci\u00f3n<\/h3>\n<p>A los doce a\u00f1os, decidi\u00f3 llevar una vida espiritual. Hacia 1230, se uni\u00f3 al movimiento de la pobreza. Animada por su maestro espiritual, Heinrich von Halle, escribi\u00f3 sus experiencias m\u00edsticas.  <\/p>\n<h3>Periodo creativo y devoluci\u00f3n<\/h3>\n<p>Produjo seis libros de su \u00fanica obra: La Luz Fluyente de la Deidad, en forma de di\u00e1logos, alegor\u00edas y poes\u00eda minn\u00e9lica en forma de canciones y cantos. Hacia 1260, regres\u00f3 inicialmente con su familia debido a los continuos conflictos entre el clero de la ciudad y el movimiento de la pobreza, y m\u00e1s tarde fue aceptada en la comunidad cisterciense de Helfta. Su s\u00e9ptimo y \u00faltimo libro fue escrito hacia 1270.  <\/p>\n<h3>Juglar de Dios<\/h3>\n<p>Este cancionero \u00abO edeler arn\u00bb contiene diez canciones en nuevas configuraciones, incluso al estilo de su predecesora Hildegard von Bingen. Los juglares cantaban sobre el deseo de amor desde una perspectiva masculina. Aqu\u00ed una mujer se apropia de estas formas de expresi\u00f3n, por lo que Matilde puede ser calificada con raz\u00f3n de juglar de Dios.  <\/p>\n<h3>Experimenta la visi\u00f3n musical de Matilde<\/h3>\n<p>D\u00e9jate hechizar por la combinaci\u00f3n \u00fanica de misticismo medieval y m\u00fasica contempor\u00e1nea. Este exclusivo cancionero \u00abO edeler arn\u00bb no s\u00f3lo te ofrece una oportunidad \u00fanica de sumergirte en los profundos cantos sagrados de Matilde de Magdeburgo, sino que tambi\u00e9n los presenta en una interpretaci\u00f3n musical moderna que conserva su autenticidad hist\u00f3rica y resuena de forma contempor\u00e1nea. <\/p>\n<p>Al comprar \u00abO edeler arn\u00bb, no s\u00f3lo adquieres m\u00fasica, sino un trozo de historia viva. Perfecto tanto para los amantes de la m\u00fasica hist\u00f3rica como para quienes buscan una profunda experiencia espiritual. Consigue tu copia hoy mismo y deja que el poder y la belleza de la poes\u00eda de Matilde y su realizaci\u00f3n musical toquen tu coraz\u00f3n.  <\/p>\n","protected":false},"excerpt":{"rendered":"<p>Cantos del juglar de Dios con melod\u00edas de Frank S. Wunderlich<\/p>\n","protected":false},"featured_media":11242,"comment_status":"closed","ping_status":"closed","template":"","meta":[],"product_brand":[],"product_cat":[1027],"product_tag":[1092,1267],"class_list":{"0":"post-11241","1":"product","2":"type-product","3":"status-publish","4":"has-post-thumbnail","6":"product_cat-partituras","7":"product_tag-musica-antigua","8":"product_tag-partituras-de-minnesang","9":"pa_b035_a01_b037-frank-s-wunderlich-es","11":"first","12":"instock","13":"taxable","14":"shipping-taxable","15":"purchasable","16":"product-type-simple"},"_links":{"self":[{"href":"https:\/\/spielleute.de\/es\/wp-json\/wp\/v2\/product\/11241","targetHints":{"allow":["GET"]}}],"collection":[{"href":"https:\/\/spielleute.de\/es\/wp-json\/wp\/v2\/product"}],"about":[{"href":"https:\/\/spielleute.de\/es\/wp-json\/wp\/v2\/types\/product"}],"replies":[{"embeddable":true,"href":"https:\/\/spielleute.de\/es\/wp-json\/wp\/v2\/comments?post=11241"}],"wp:featuredmedia":[{"embeddable":true,"href":"https:\/\/spielleute.de\/es\/wp-json\/wp\/v2\/media\/11242"}],"wp:attachment":[{"href":"https:\/\/spielleute.de\/es\/wp-json\/wp\/v2\/media?parent=11241"}],"wp:term":[{"taxonomy":"product_brand","embeddable":true,"href":"https:\/\/spielleute.de\/es\/wp-json\/wp\/v2\/product_brand?post=11241"},{"taxonomy":"product_cat","embeddable":true,"href":"https:\/\/spielleute.de\/es\/wp-json\/wp\/v2\/product_cat?post=11241"},{"taxonomy":"product_tag","embeddable":true,"href":"https:\/\/spielleute.de\/es\/wp-json\/wp\/v2\/product_tag?post=11241"}],"curies":[{"name":"wp","href":"https:\/\/api.w.org\/{rel}","templated":true}]}}