{"id":11238,"date":"2011-06-20T17:32:50","date_gmt":"2011-06-20T15:32:50","guid":{"rendered":"https:\/\/spielleute.de\/nyckelharpa-cadence-articulos-y-partituras\/"},"modified":"2011-06-20T17:32:50","modified_gmt":"2011-06-20T15:32:50","slug":"nyckelharpa-cadence-articulos-y-partituras","status":"publish","type":"product","link":"https:\/\/spielleute.de\/es\/nyckelharpa-cadence-articulos-y-partituras\/","title":{"rendered":"Nyckelharpa CADENCE &#8211; Art\u00edculos y partituras"},"content":{"rendered":"<p>La cooperaci\u00f3n Nyckelharpa CADENCE es un ejemplo destacado de educaci\u00f3n y cooperaci\u00f3n cultural de adultos en Europa, que cuenta con el apoyo de la Comisi\u00f3n Europea. Gracias a los esfuerzos conjuntos de las instituciones educativas \u00abEric Sahlstr\u00f6m Institutet\u00bb de Suecia, \u00abAkademie BURG F\u00dcRSTENECK\u00bb de Alemania y \u00abScuola di Musica Popolare di Forlimpopoli\u00bb de Italia, se dio vida a este proyecto \u00fanico. Entre enero y octubre de 2010, un grupo de estudio multinacional se adentr\u00f3 en el mundo de la educaci\u00f3n musical de adultos, con la nyckelharpa, un instrumento de cuerda tradicional, como protagonista.  <\/p>\n<h3>La fascinaci\u00f3n de la nyckelharpa<\/h3>\n<p>Cautivador instrumento de cuerda que se toca con un arco, la nyckelharpa tiene un teclado, llamado \u00abteclas\u00bb, para cambiar el tono, mientras que las cuerdas resonantes enriquecen su sonido \u00fanico. Este instrumento, documentado desde finales de la Edad Media en los tres pa\u00edses participantes: Suecia, Italia y Alemania, forma parte del patrimonio cultural com\u00fan de Europa. Tras una larga historia en la que la nyckelharpa se tocaba principalmente en Suecia, ahora est\u00e1 experimentando un renacimiento mundial gracias a m\u00fasicos apasionados y se utiliza en diversos estilos musicales.  <\/p>\n<h3>Visi\u00f3n de la cooperaci\u00f3n CADENCE<\/h3>\n<p>Los participantes en el programa Nyckelharpa CADENCE tuvieron la oportunidad de sumergirse en la educaci\u00f3n musical conociendo los m\u00e9todos y actividades de las instituciones educativas de acogida. Adem\u00e1s de las clases de m\u00fasica, el variado programa inclu\u00eda conferencias y conciertos p\u00fablicos, as\u00ed como reuniones con instituciones culturales locales. El objetivo era comparar enfoques pedag\u00f3gicos y explorar la diversidad de la educaci\u00f3n musical en Europa, con la nyckelharpa como elemento unificador.  <\/p>\n<h3>La importancia de la nyckelharpa en la educaci\u00f3n musical<\/h3>\n<p>La nyckelharpa no s\u00f3lo ha inspirado al mundo de la m\u00fasica, sino que tambi\u00e9n ha contribuido a la aparici\u00f3n de nuevos enfoques pedag\u00f3gicos y programas de estudio, sobre todo en el Royal College of Music de Estocolmo. Las experiencias y descubrimientos de las visitas a los tres pa\u00edses han conducido a una comprensi\u00f3n m\u00e1s profunda de las posibilidades musicales y pedag\u00f3gicas del instrumento. <\/p>\n<h3>Cooperaci\u00f3n transfronteriza<\/h3>\n<p>La fruct\u00edfera colaboraci\u00f3n entre las instituciones educativas tambi\u00e9n ha dado lugar a una asociaci\u00f3n m\u00e1s profunda entre los municipios de Forlimpopoli, Eiterfeld y Tierp, que apoyan activamente los proyectos Nyckelharpa CADENCE. Esto demuestra c\u00f3mo la m\u00fasica y la educaci\u00f3n pueden conectar a personas y comunidades m\u00e1s all\u00e1 de las fronteras nacionales. <\/p>\n<h3>Descubre Nyckelharpa CADENCE &#8211; Una ventana al coraz\u00f3n musical de Europa<\/h3>\n<p>Este folleto no s\u00f3lo ofrece informaci\u00f3n sobre el programa Grundtvig de CADENCE, sino tambi\u00e9n sobre el fascinante mundo de la nyckelharpa. Te invita a aprender m\u00e1s sobre este extraordinario instrumento y su papel en la educaci\u00f3n cultural de adultos. Visita nuestro sitio web www.cadence.nyckelharpa.eu para obtener m\u00e1s art\u00edculos, partituras y formar parte de esta vibrante comunidad musical.  <\/p>\n<h3>D\u00e9jate inspirar y forma parte de la comunidad nyckelharpa<\/h3>\n<p>La nyckelharpa es m\u00e1s que un instrumento: es un s\u00edmbolo vivo del rico patrimonio cultural europeo y de su pervivencia en el mundo moderno. El proyecto CADENCE no s\u00f3lo conserva este patrimonio, sino que lo desarrolla y reinterpreta. Si te interesan la m\u00fasica, la cultura y la educaci\u00f3n, la nyckelharpa CADENCE te ofrece la oportunidad perfecta para profundizar en estos temas y formar parte de una comunidad internacional de personas con ideas afines.  <\/p>\n<h3>Tu pr\u00f3ximo paso<\/h3>\n<p>\u00bfEst\u00e1s preparado para explorar el fascinante mundo de la nyckelharpa y ampliar tus horizontes musicales? Nuestra publicaci\u00f3n \u00abNyckelharpa CADENCE\u00bb es el primer paso en este camino. No s\u00f3lo te ofrece valiosos conocimientos, sino tambi\u00e9n recursos pr\u00e1cticos para iniciar tu viaje musical con la nyckelharpa. Consigue tu ejemplar ahora y d\u00e9jate inspirar por la diversidad y la belleza de la m\u00fasica europea.   <\/p>\n","protected":false},"excerpt":{"rendered":"<p>Educaci\u00f3n Cultural de Adultos y Cooperaci\u00f3n Nyckelharpa en Europa<\/p>\n","protected":false},"featured_media":11239,"comment_status":"closed","ping_status":"closed","template":"","meta":[],"product_brand":[],"product_cat":[1106],"product_tag":[1107],"class_list":{"0":"post-11238","1":"product","2":"type-product","3":"status-publish","4":"has-post-thumbnail","6":"product_cat-no-ficcion","7":"product_tag-aprende-a-tocar-la-nyckelharpa","9":"first","10":"outofstock","11":"taxable","12":"shipping-taxable","13":"purchasable","14":"product-type-simple"},"_links":{"self":[{"href":"https:\/\/spielleute.de\/es\/wp-json\/wp\/v2\/product\/11238","targetHints":{"allow":["GET"]}}],"collection":[{"href":"https:\/\/spielleute.de\/es\/wp-json\/wp\/v2\/product"}],"about":[{"href":"https:\/\/spielleute.de\/es\/wp-json\/wp\/v2\/types\/product"}],"replies":[{"embeddable":true,"href":"https:\/\/spielleute.de\/es\/wp-json\/wp\/v2\/comments?post=11238"}],"wp:featuredmedia":[{"embeddable":true,"href":"https:\/\/spielleute.de\/es\/wp-json\/wp\/v2\/media\/11239"}],"wp:attachment":[{"href":"https:\/\/spielleute.de\/es\/wp-json\/wp\/v2\/media?parent=11238"}],"wp:term":[{"taxonomy":"product_brand","embeddable":true,"href":"https:\/\/spielleute.de\/es\/wp-json\/wp\/v2\/product_brand?post=11238"},{"taxonomy":"product_cat","embeddable":true,"href":"https:\/\/spielleute.de\/es\/wp-json\/wp\/v2\/product_cat?post=11238"},{"taxonomy":"product_tag","embeddable":true,"href":"https:\/\/spielleute.de\/es\/wp-json\/wp\/v2\/product_tag?post=11238"}],"curies":[{"name":"wp","href":"https:\/\/api.w.org\/{rel}","templated":true}]}}