{"id":11235,"date":"2012-11-23T17:32:50","date_gmt":"2012-11-23T16:32:50","guid":{"rendered":"https:\/\/spielleute.de\/melodias-pelgen-vol-1\/"},"modified":"2012-11-23T17:32:50","modified_gmt":"2012-11-23T16:32:50","slug":"melodias-pelgen-vol-1","status":"publish","type":"product","link":"https:\/\/spielleute.de\/es\/melodias-pelgen-vol-1\/","title":{"rendered":"Melod\u00edas Pelgen &#8211; Vol. 1"},"content":{"rendered":"<p>Christoph Pelgen, conocido por su extraordinario talento y pasi\u00f3n por el BalFolk y la m\u00fasica tradicional, presenta una impresionante colecci\u00f3n de 80 nuevas melod\u00edas en \u00abPelgen Tunes &#8211; Vol. 1\u00bb. Este volumen es un verdadero tesoro para cualquiera que ame y quiera dominar el arte de la gaita, la zanfona, el viol\u00edn, la flauta e instrumentos similares.  <\/p>\n<h3>M\u00fasica que conecta<\/h3>\n<p>Las melod\u00edas de este primer volumen abarcan toda Europa hasta los Balcanes y el B\u00f3sforo. Contienen una rica selecci\u00f3n de piezas, a menudo polif\u00f3nicas, que conquistar\u00e1n los corazones de m\u00fasicos y oyentes. La variedad de composiciones de \u00abMelod\u00edas Pelgen &#8211; Vol. 1\u00bb lo convierte en un repertorio indispensable para los m\u00fasicos que buscan partituras frescas y vers\u00e1tiles.   <\/p>\n<h3>Para cada voz y cada instrumento<\/h3>\n<p>Aunque est\u00e1n compuestas espec\u00edficamente para instrumentos de bord\u00f3n como la gaita y la zanfona, las melod\u00edas est\u00e1n arregladas para que puedan tocarse con una amplia gama de instrumentos. Cada melod\u00eda viene con acordes, lo que hace que la colecci\u00f3n sea especialmente flexible y adaptable a diferentes instrumentaciones y niveles. <\/p>\n<h3>La inspiraci\u00f3n detr\u00e1s de la m\u00fasica<\/h3>\n<p>En su pr\u00f3logo, Christoph Pelgen comparte su visi\u00f3n personal de su carrera musical, desde sus primeras gaitas hasta su papel como director de curso y compositor. Su historia es una inspiraci\u00f3n para cualquiera que vea la m\u00fasica no s\u00f3lo como un pasatiempo, sino como una profunda forma de expresi\u00f3n. \u00abMelod\u00edas Pelgen &#8211; Vol. 1\u00bb es el resultado de d\u00e9cadas de experiencia y pasi\u00f3n, un homenaje a la m\u00fasica tradicional y a su belleza intemporal.   <\/p>\n<h3>Una llamada a la creatividad<\/h3>\n<p>Christoph Pelgen anima a los m\u00fasicos a utilizar sus composiciones como punto de partida para sus propios descubrimientos creativos. Esta colecci\u00f3n es algo m\u00e1s que partituras; es una invitaci\u00f3n a embarcarse en un viaje musical, a experimentar y a desarrollar la propia expresi\u00f3n musical. Pelgen hace hincapi\u00e9 en la importancia de compartir y de la comunidad musical, y espera que sus melod\u00edas resuenen mucho m\u00e1s all\u00e1 de las p\u00e1ginas de este libro.  <\/p>\n<h3>Descubre \u00abMelod\u00edas Pelgen &#8211; Vol. 1\u00bb <\/h3>\n<p>Con \u00abPelgen Tunes &#8211; Vol. 1\u00bb no s\u00f3lo acceder\u00e1s a un mundo lleno de nuevas melod\u00edas, sino que tambi\u00e9n tendr\u00e1s la oportunidad de formar parte de una tradici\u00f3n viva. Christoph Pelgen comparte no s\u00f3lo su m\u00fasica, sino tambi\u00e9n su coraz\u00f3n y su alma con todos los que pasan las p\u00e1ginas de este volumen. Sum\u00e9rgete en el fascinante mundo de la m\u00fasica drone y d\u00e9jate inspirar por la variedad y belleza de las \u00abMelod\u00edas Pelgen\u00bb.   <\/p>\n","protected":false},"excerpt":{"rendered":"<p>80 nuevas melod\u00edas para gaita, zanfona, viol\u00edn, flauta, etc. con acordes<\/p>\n","protected":false},"featured_media":11236,"comment_status":"closed","ping_status":"closed","template":"","meta":[],"product_brand":[],"product_cat":[1027],"product_tag":[1094,1086,1093,1098,1084,1099],"class_list":{"0":"post-11235","1":"product","2":"type-product","3":"status-publish","4":"has-post-thumbnail","6":"product_cat-partituras","7":"product_tag-bourree-es","8":"product_tag-musica-drone","9":"product_tag-partituras-para-acordeon-diatonico","10":"product_tag-partituras-para-bal-folk","11":"product_tag-partituras-para-gaita","12":"product_tag-partituras-para-zanfona","13":"pa_b035_a01_b037-christoph-pelgen-es","15":"first","16":"instock","17":"taxable","18":"shipping-taxable","19":"purchasable","20":"product-type-simple"},"_links":{"self":[{"href":"https:\/\/spielleute.de\/es\/wp-json\/wp\/v2\/product\/11235","targetHints":{"allow":["GET"]}}],"collection":[{"href":"https:\/\/spielleute.de\/es\/wp-json\/wp\/v2\/product"}],"about":[{"href":"https:\/\/spielleute.de\/es\/wp-json\/wp\/v2\/types\/product"}],"replies":[{"embeddable":true,"href":"https:\/\/spielleute.de\/es\/wp-json\/wp\/v2\/comments?post=11235"}],"wp:featuredmedia":[{"embeddable":true,"href":"https:\/\/spielleute.de\/es\/wp-json\/wp\/v2\/media\/11236"}],"wp:attachment":[{"href":"https:\/\/spielleute.de\/es\/wp-json\/wp\/v2\/media?parent=11235"}],"wp:term":[{"taxonomy":"product_brand","embeddable":true,"href":"https:\/\/spielleute.de\/es\/wp-json\/wp\/v2\/product_brand?post=11235"},{"taxonomy":"product_cat","embeddable":true,"href":"https:\/\/spielleute.de\/es\/wp-json\/wp\/v2\/product_cat?post=11235"},{"taxonomy":"product_tag","embeddable":true,"href":"https:\/\/spielleute.de\/es\/wp-json\/wp\/v2\/product_tag?post=11235"}],"curies":[{"name":"wp","href":"https:\/\/api.w.org\/{rel}","templated":true}]}}