{"id":11232,"date":"2012-11-23T17:32:50","date_gmt":"2012-11-23T16:32:50","guid":{"rendered":"https:\/\/spielleute.de\/para-dos\/"},"modified":"2012-11-23T17:32:50","modified_gmt":"2012-11-23T16:32:50","slug":"para-dos","status":"publish","type":"product","link":"https:\/\/spielleute.de\/es\/para-dos\/","title":{"rendered":"Para dos"},"content":{"rendered":"<p>Descubre \u00abZu Zweit\u00bb, una cuidada colecci\u00f3n de 34 piezas musicales de Alemania, Suecia y Francia. Estos arreglos a dos voces vienen con s\u00edmbolos de acordes para el acompa\u00f1amiento y ofrecen una amplia gama de experiencias musicales. Tanto si se tocan con violines de dos llaves, viol\u00edn, flauta, acorde\u00f3n, clarinete o guitarra, estas piezas enriquecer\u00e1n tu repertorio musical y te invitar\u00e1n a ti y a tus compa\u00f1eros a entablar un di\u00e1logo musical \u00fanico.  <\/p>\n<p>El autor ha seleccionado piezas que destacan especialmente en el viol\u00edn crom\u00e1tico (nyckelharpa) y se caracterizan por su facilidad de ejecuci\u00f3n. Sin embargo, los violinistas, guitarristas, acordeonistas y clarinetistas tambi\u00e9n encontrar\u00e1n en estas melod\u00edas una rica fuente de inspiraci\u00f3n musical. Justo encima de las notas, se recomienda la afinaci\u00f3n \u00f3ptima de las cuerdas de la melod\u00eda para los violinistas, con sugerencias para la digitaci\u00f3n.  <\/p>\n<h3>Contenido y diversidad<\/h3>\n<p>En esta colecci\u00f3n encontrar\u00e1s una gran variedad de piezas, desde danzas tradicionales hasta melod\u00edas contemplativas:<\/p>\n<ul>\n<li>Passe-pied de Vieuxville, Marsch Jakobus Meiken, Mes faux pas d\u00e9sesp\u00e9r\u00e9s, Le roc de Carlat, y muchos otros cl\u00e1sicos europeos.<\/li>\n<li>Descubre tambi\u00e9n Branle d&#8217;Ecosse, Kost ar c&#8217;hoat y Larid\u00e9 vannetais, que te sumergir\u00e1n en el mundo de la m\u00fasica escocesa y bretona.<\/li>\n<li>La colecci\u00f3n te lleva a joyas suecas como Innersta friden, Polska efter Sven Donat y Hoppvals fr\u00e5n Medelpad.<\/li>\n<\/ul>\n<p>Cada pieza de \u00abZu Zweit\u00bb se ha elegido cuidadosamente para abarcar una amplia gama de emociones y estados de \u00e1nimo que t\u00fa y tus compa\u00f1eros musicales podr\u00e9is explorar juntos.<\/p>\n<h3>Invitaci\u00f3n a un di\u00e1logo musical<\/h3>\n<p>\u00abZu Zweit\u00bb es algo m\u00e1s que una colecci\u00f3n de partituras. Es una invitaci\u00f3n a descubrir y profundizar en el placer de hacer m\u00fasica juntos. Tanto si eres principiante como un m\u00fasico experimentado, estas piezas ofrecen un amplio margen para la interpretaci\u00f3n y la personalizaci\u00f3n. Los s\u00edmbolos de acordes incluidos te permiten ampliar la m\u00fasica con tus propios acompa\u00f1amientos, haciendo que cada pieza forme parte de tu propio lenguaje musical.   <\/p>\n<h3>Tu pr\u00f3ximo paso<\/h3>\n<p>Zu Zweit\u00bb no s\u00f3lo te da acceso a una fascinante selecci\u00f3n de piezas musicales, sino tambi\u00e9n la oportunidad de ampliar tus habilidades musicales tocando junto a otros. Esta colecci\u00f3n es una valiosa herramienta para cualquier m\u00fasico que desee explorar la profundidad de la uni\u00f3n en la m\u00fasica. <\/p>\n<p>\u00bfTe sientes preparado para ampliar tus horizontes musicales y crear momentos musicales juntos? \u00abZu Zweit\u00bb est\u00e1 esperando a formar parte de tu viaje musical. Ampl\u00eda tu repertorio, comparte tu pasi\u00f3n y experimenta la alegr\u00eda de hacer m\u00fasica juntos. Consigue tu copia ahora y comienza un nuevo cap\u00edtulo en tu viaje musical: junto a un compa\u00f1ero, codo con codo.   <\/p>\n","protected":false},"excerpt":{"rendered":"<p>34 piezas musicales de Alemania, Suecia, Francia &#8230;<\/p>\n","protected":false},"featured_media":11233,"comment_status":"closed","ping_status":"closed","template":"","meta":[],"product_brand":[],"product_cat":[1027],"product_tag":[1094,1093],"class_list":{"0":"post-11232","1":"product","2":"type-product","3":"status-publish","4":"has-post-thumbnail","6":"product_cat-partituras","7":"product_tag-bourree-es","8":"product_tag-partituras-para-acordeon-diatonico","9":"pa_b035_a01_b037-angelika-maier","11":"first","12":"outofstock","13":"taxable","14":"shipping-taxable","15":"purchasable","16":"product-type-simple"},"_links":{"self":[{"href":"https:\/\/spielleute.de\/es\/wp-json\/wp\/v2\/product\/11232","targetHints":{"allow":["GET"]}}],"collection":[{"href":"https:\/\/spielleute.de\/es\/wp-json\/wp\/v2\/product"}],"about":[{"href":"https:\/\/spielleute.de\/es\/wp-json\/wp\/v2\/types\/product"}],"replies":[{"embeddable":true,"href":"https:\/\/spielleute.de\/es\/wp-json\/wp\/v2\/comments?post=11232"}],"wp:featuredmedia":[{"embeddable":true,"href":"https:\/\/spielleute.de\/es\/wp-json\/wp\/v2\/media\/11233"}],"wp:attachment":[{"href":"https:\/\/spielleute.de\/es\/wp-json\/wp\/v2\/media?parent=11232"}],"wp:term":[{"taxonomy":"product_brand","embeddable":true,"href":"https:\/\/spielleute.de\/es\/wp-json\/wp\/v2\/product_brand?post=11232"},{"taxonomy":"product_cat","embeddable":true,"href":"https:\/\/spielleute.de\/es\/wp-json\/wp\/v2\/product_cat?post=11232"},{"taxonomy":"product_tag","embeddable":true,"href":"https:\/\/spielleute.de\/es\/wp-json\/wp\/v2\/product_tag?post=11232"}],"curies":[{"name":"wp","href":"https:\/\/api.w.org\/{rel}","templated":true}]}}