{"id":11229,"date":"1998-10-02T17:32:50","date_gmt":"1998-10-02T15:32:50","guid":{"rendered":"https:\/\/spielleute.de\/polifonia-de-zumbidos-de-obermeier-volumen-2\/"},"modified":"1998-10-02T17:32:50","modified_gmt":"1998-10-02T15:32:50","slug":"polifonia-de-zumbidos-de-obermeier-volumen-2","status":"publish","type":"product","link":"https:\/\/spielleute.de\/es\/polifonia-de-zumbidos-de-obermeier-volumen-2\/","title":{"rendered":"Polifon\u00eda de zumbidos de Obermeier &#8211; Volumen 2"},"content":{"rendered":"<p>\u00abObermeiers Bordun-Polyphonie &#8211; Volumen 2\u00bb te trae una fascinante colecci\u00f3n de melod\u00edas tradicionales y de nueva composici\u00f3n, recopiladas por J\u00fcrgen Obermeier. Este volumen, especialmente arreglado para conjuntos polif\u00f3nicos de gaita y zanfona, tambi\u00e9n puede tocarse, por supuesto, con muchos otros instrumentos. <\/p>\n<h3>Ampliar el repertorio<\/h3>\n<p>El segundo volumen de Polyphonie ampl\u00eda la interesante colecci\u00f3n de partituras para m\u00fasica drone contempor\u00e1nea con otras 32 melod\u00edas tradicionales y de nueva composici\u00f3n. Este volumen contiene principalmente melod\u00edas francesas y ofrece 33 partituras para cuatro y cinco voces, de las cuales 21 melod\u00edas son de origen tradicional y 12 son de m\u00fasicos tradicionales contempor\u00e1neos. <\/p>\n<h3>Adaptabilidad musical<\/h3>\n<p>Las claves y las partes de \u00abPolifon\u00eda de z\u00e1nganos de Obermeier &#8211; Volumen 2\u00bb se han elegido para que puedan ser interpretadas por zanfonas y gaitas en afinaci\u00f3n sol\/do o re\/sol, pero tambi\u00e9n por otros instrumentos musicales con el rango necesario. El sistema de clave de fa est\u00e1 pensado para violonchelo, pero puede ser utilizado por cualquier otro instrumento grave. <\/p>\n<h3>Libertad y versatilidad musical<\/h3>\n<p>Las distintas partes de acompa\u00f1amiento de \u00abPolifon\u00eda de z\u00e1nganos de Obermeier &#8211; Volumen 2\u00bb est\u00e1n dispuestas de forma que sea posible la interpretaci\u00f3n polif\u00f3nica. Es aconsejable reforzar la l\u00ednea mel\u00f3dica, especialmente cuando se utilizan gaitas. Las l\u00edneas mel\u00f3dicas est\u00e1n subrayadas con marcas de armon\u00eda para el uso de guitarras u otros instrumentos arm\u00f3nicos.  <\/p>\n<h3>Perspectiva internacional<\/h3>\n<p>Caracter\u00edsticas de los 3 vol\u00famenes: introducci\u00f3n a la m\u00fasica en cuatro idiomas (alem\u00e1n, ingl\u00e9s, franc\u00e9s y neerland\u00e9s) y consejos sobre instrumentaci\u00f3n y partitura. Esto permite una mayor accesibilidad y aplicabilidad para un p\u00fablico internacional. <\/p>\n<h3>M\u00fasica variada<\/h3>\n<p>Contenidos como la bourr\u00e9e, la gigue, la marche y muchas otras formas tradicionales enriquecen esta obra. Desde la \u00abBourr\u00e9e de Clermont-Ferrand\u00bb hasta el \u00abValse \u00e0 Lindscheid\u00bb, este volumen ofrece una amplia gama de piezas musicales que se adaptan tanto a las interpretaciones tradicionales como a las modernas. <\/p>\n<h3>Tu pr\u00f3ximo paso en el mundo de la m\u00fasica<\/h3>\n<p>Con \u00abObermeiers Bordun-Polyphonie &#8211; Volumen 2\u00bb no s\u00f3lo recibes una colecci\u00f3n de partituras, sino tambi\u00e9n una invitaci\u00f3n a ampliar y profundizar tus habilidades musicales. Este volumen te ofrece todo lo que necesitas para desafiarte y desarrollarte musicalmente a ti y a tu conjunto. Aprovecha la oportunidad de enriquecer tu repertorio con melod\u00edas de m\u00faltiples capas, tanto de origen tradicional como contempor\u00e1neo. \u00a1Haz tu pedido ahora y experimenta el cautivador mundo de la m\u00fasica drone!   <\/p>\n","protected":false},"excerpt":{"rendered":"<p>M\u00fasica drone tradicional y nueva para 4 a 5 voces<\/p>\n","protected":false},"featured_media":11230,"comment_status":"closed","ping_status":"closed","template":"","meta":[],"product_brand":[],"product_cat":[1027],"product_tag":[1094,1086,1083,1093,1084,1099,1683],"class_list":{"0":"post-11229","1":"product","2":"type-product","3":"status-publish","4":"has-post-thumbnail","6":"product_cat-partituras","7":"product_tag-bourree-es","8":"product_tag-musica-drone","9":"product_tag-partituras-de-huemmelchen-y-dudey","10":"product_tag-partituras-para-acordeon-diatonico","11":"product_tag-partituras-para-gaita","12":"product_tag-partituras-para-zanfona","13":"product_tag-polifonia","14":"pa_b035_a01_b037-juergen-obermeier-es","16":"first","17":"instock","18":"taxable","19":"shipping-taxable","20":"purchasable","21":"product-type-simple"},"_links":{"self":[{"href":"https:\/\/spielleute.de\/es\/wp-json\/wp\/v2\/product\/11229","targetHints":{"allow":["GET"]}}],"collection":[{"href":"https:\/\/spielleute.de\/es\/wp-json\/wp\/v2\/product"}],"about":[{"href":"https:\/\/spielleute.de\/es\/wp-json\/wp\/v2\/types\/product"}],"replies":[{"embeddable":true,"href":"https:\/\/spielleute.de\/es\/wp-json\/wp\/v2\/comments?post=11229"}],"wp:featuredmedia":[{"embeddable":true,"href":"https:\/\/spielleute.de\/es\/wp-json\/wp\/v2\/media\/11230"}],"wp:attachment":[{"href":"https:\/\/spielleute.de\/es\/wp-json\/wp\/v2\/media?parent=11229"}],"wp:term":[{"taxonomy":"product_brand","embeddable":true,"href":"https:\/\/spielleute.de\/es\/wp-json\/wp\/v2\/product_brand?post=11229"},{"taxonomy":"product_cat","embeddable":true,"href":"https:\/\/spielleute.de\/es\/wp-json\/wp\/v2\/product_cat?post=11229"},{"taxonomy":"product_tag","embeddable":true,"href":"https:\/\/spielleute.de\/es\/wp-json\/wp\/v2\/product_tag?post=11229"}],"curies":[{"name":"wp","href":"https:\/\/api.w.org\/{rel}","templated":true}]}}