{"id":6768,"date":"2023-09-27T15:50:41","date_gmt":"2023-09-27T13:50:41","guid":{"rendered":"https:\/\/spielleute.de\/contactar-con-el-editor\/"},"modified":"2025-04-30T16:22:27","modified_gmt":"2025-04-30T14:22:27","slug":"contactar-con-el-editor","status":"publish","type":"page","link":"https:\/\/spielleute.de\/es\/contactar-con-el-editor\/","title":{"rendered":"Contactar con el editor"},"content":{"rendered":"\n<p class=\"has-text-align-center\">\u00a1Bienvenido a la editorial Spielleute! Tu inter\u00e9s por nuestra m\u00fasica y literatura tradicionales es importante para nosotros. Utiliza nuestro formulario de contacto para cualquier consulta, comentario o informaci\u00f3n sobre nuestro variado programa. Estaremos encantados de escucharte y te garantizamos una respuesta r\u00e1pida para satisfacer tus necesidades de la mejor manera posible. Tu opini\u00f3n y tus preocupaciones est\u00e1n en buenas manos con nosotros, \u00a1y estamos deseando intercambiar ideas contigo!   <\/p>\n\n<h2 class=\"wp-block-heading\">Tu mensaje para nosotros<\/h2>\n\n<p>Tambi\u00e9n puedes llamarnos o enviarnos un correo electr\u00f3nico. Encontrar\u00e1s la informaci\u00f3n pertinente en el <a href=\"https:\/\/stage.spielleute.de\/impressum\/\" data-type=\"page\" data-id=\"12\">pie de imprenta de<\/a> nuestro sitio web. <\/p>\n\n<div class=\"wp-block-contact-form-7-contact-form-selector\">\n<div class=\"wpcf7 no-js\" id=\"wpcf7-f5190-o1\" lang=\"es-ES\" dir=\"ltr\" data-wpcf7-id=\"5190\">\n<div class=\"screen-reader-response\"><p role=\"status\" aria-live=\"polite\" aria-atomic=\"true\"><\/p> <ul><\/ul><\/div>\n<form action=\"\/es\/wp-json\/wp\/v2\/pages\/6768#wpcf7-f5190-o1\" method=\"post\" class=\"wpcf7-form init\" aria-label=\"Formulario de contacto\" novalidate=\"novalidate\" data-status=\"init\">\n<fieldset class=\"hidden-fields-container\"><input type=\"hidden\" name=\"_wpcf7\" value=\"5190\" \/><input type=\"hidden\" name=\"_wpcf7_version\" value=\"6.1.5\" \/><input type=\"hidden\" name=\"_wpcf7_locale\" value=\"es_ES\" \/><input type=\"hidden\" name=\"_wpcf7_unit_tag\" value=\"wpcf7-f5190-o1\" \/><input type=\"hidden\" name=\"_wpcf7_container_post\" value=\"0\" \/><input type=\"hidden\" name=\"_wpcf7_posted_data_hash\" value=\"\" \/><input type=\"hidden\" name=\"_wpcf7_recaptcha_response\" value=\"\" \/>\n<\/fieldset>\n<p><label> Tu nombre<br \/>\n<span class=\"wpcf7-form-control-wrap\" data-name=\"your-name\"><input size=\"40\" maxlength=\"400\" class=\"wpcf7-form-control wpcf7-text wpcf7-validates-as-required\" autocomplete=\"name\" aria-required=\"true\" aria-invalid=\"false\" value=\"\" type=\"text\" name=\"your-name\" \/><\/span> <\/label>\n<\/p>\n<p><label> Tu direcci\u00f3n de correo electr\u00f3nico<br \/>\n<span class=\"wpcf7-form-control-wrap\" data-name=\"your-email\"><input size=\"40\" maxlength=\"400\" class=\"wpcf7-form-control wpcf7-email wpcf7-validates-as-required wpcf7-text wpcf7-validates-as-email\" autocomplete=\"email\" aria-required=\"true\" aria-invalid=\"false\" value=\"\" type=\"email\" name=\"your-email\" \/><\/span> <\/label>\n<\/p>\n<p><label> Asunto<br \/>\n<span class=\"wpcf7-form-control-wrap\" data-name=\"your-subject\"><input size=\"40\" maxlength=\"400\" class=\"wpcf7-form-control wpcf7-text wpcf7-validates-as-required\" aria-required=\"true\" aria-invalid=\"false\" value=\"\" type=\"text\" name=\"your-subject\" \/><\/span> <\/label>\n<\/p>\n<p><label> Tu mensaje<br \/>\n<span class=\"wpcf7-form-control-wrap\" data-name=\"your-message\"><textarea cols=\"40\" rows=\"10\" maxlength=\"4000\" class=\"wpcf7-form-control wpcf7-textarea wpcf7-validates-as-required\" aria-required=\"true\" aria-invalid=\"false\" name=\"your-message\"><\/textarea><\/span> <\/label>\n<\/p>\n<p><input class=\"wpcf7-form-control wpcf7-submit has-spinner\" type=\"submit\" value=\"Env\u00eda\" \/>\n<\/p><div class=\"wpcf7-response-output\" aria-hidden=\"true\"><\/div>\n<\/form>\n<\/div>\n<\/div>\n","protected":false},"excerpt":{"rendered":"<p>\u00a1Bienvenido a la editorial Spielleute! Tu inter\u00e9s por nuestra m\u00fasica y literatura tradicionales es importante para nosotros. Utiliza nuestro formulario de contacto para cualquier consulta, comentario o informaci\u00f3n sobre nuestro [&hellip;]<\/p>\n","protected":false},"author":1,"featured_media":6770,"parent":0,"menu_order":0,"comment_status":"closed","ping_status":"closed","template":"","meta":{"footnotes":""},"class_list":["post-6768","page","type-page","status-publish","has-post-thumbnail","hentry"],"_links":{"self":[{"href":"https:\/\/spielleute.de\/es\/wp-json\/wp\/v2\/pages\/6768","targetHints":{"allow":["GET"]}}],"collection":[{"href":"https:\/\/spielleute.de\/es\/wp-json\/wp\/v2\/pages"}],"about":[{"href":"https:\/\/spielleute.de\/es\/wp-json\/wp\/v2\/types\/page"}],"author":[{"embeddable":true,"href":"https:\/\/spielleute.de\/es\/wp-json\/wp\/v2\/users\/1"}],"replies":[{"embeddable":true,"href":"https:\/\/spielleute.de\/es\/wp-json\/wp\/v2\/comments?post=6768"}],"version-history":[{"count":1,"href":"https:\/\/spielleute.de\/es\/wp-json\/wp\/v2\/pages\/6768\/revisions"}],"predecessor-version":[{"id":6771,"href":"https:\/\/spielleute.de\/es\/wp-json\/wp\/v2\/pages\/6768\/revisions\/6771"}],"wp:featuredmedia":[{"embeddable":true,"href":"https:\/\/spielleute.de\/es\/wp-json\/wp\/v2\/media\/6770"}],"wp:attachment":[{"href":"https:\/\/spielleute.de\/es\/wp-json\/wp\/v2\/media?parent=6768"}],"curies":[{"name":"wp","href":"https:\/\/api.w.org\/{rel}","templated":true}]}}